{"id":14,"date":"2013-08-07T18:37:52","date_gmt":"2013-08-07T18:37:52","guid":{"rendered":"http:\/\/northiberianctc.com\/blog\/ca\/?page_id=14"},"modified":"2016-11-03T10:56:48","modified_gmt":"2016-11-03T10:56:48","slug":"recursos","status":"publish","type":"page","link":"https:\/\/northiberianctc.com\/blog\/ca\/?page_id=14","title":{"rendered":"Recursos"},"content":{"rendered":"<div>\n<div>\n<p>Enlla\u00e7os funcionant el 2013<\/p>\n<h2><strong>Travessia Transpirinenca en BTT<br \/>\n<\/strong><\/h2>\n<ul>\n<li><strong>Transpirinaica<\/strong>. Documentaci\u00f3, etapes i mapa de recursos que inclou transport, allotjament i tallers de bicicletes: <a title=\"Transpirinaica\" href=\"http:\/\/www.transpirinaica.com\/entr.htm\">http:\/\/www.transpirinaica.com\/entr.htm<\/a><\/li>\n<li><strong>An\u00edbal<\/strong>. Tracks de GPS de la Transpirinenca cl\u00e0ssica: <a title=\"An\u00edbal\" href=\"http:\/\/ca.wikiloc.com\/wikiloc\/view.do?id=1131414\">http:\/\/ca.wikiloc.com\/wikiloc\/view.do?id=1131414<\/a><\/li>\n<li><strong>Zinaztli<\/strong>. Bloc molt interessant, amb etapes comentades i tracks excel\u00b7lents: <a title=\"Zinaztli\" href=\"http:\/\/zinaztli.blogspot.com.es\/2012\/07\/transpirenaica-en-btt-ficha-del-viaje.html\">http:\/\/zinaztli.blogspot.com.es\/2012\/07\/transpirenaica-en-btt-ficha-del-viaje.html<\/a><\/li>\n<\/ul>\n<h2><strong>Albergs del Camino de Santiago i opinions d&#8217;usuaris<br \/>\n<\/strong><\/h2>\n<ul>\n<li><strong>Web d&#8217;escriptori<\/strong>: <a title=\"Albergues del Camino de Santiago\" href=\"http:\/\/caminodesantiago.consumer.es\/albergues\/\">http:\/\/caminodesantiago.consumer.es\/albergues\/<\/a><\/li>\n<li><strong>Web per a dispositius m\u00f2bils<\/strong>: <a title=\"web para m\u00f3viles\" href=\"http:\/\/caminodesantiago.consumer.es\/mobile\/albergues\/\">http:\/\/caminodesantiago.consumer.es\/mobile\/albergues\/<\/a><\/li>\n<\/ul>\n<h2><strong>Barques de pas Castropol-Ribadeo<\/strong><\/h2>\n<ul>\n<li><strong>R\u00eda del Eo<\/strong>. <strong>Francisco<\/strong>. Tel. +34.647823376<\/li>\n<li><strong>Riberas del Eo<\/strong>. Tel. +34.985636095 y +34.609246132<\/li>\n<\/ul>\n<h2><strong>O Cami\u00f1o do Mar<br \/>\n<\/strong><\/h2>\n<ul>\n<li><strong>Associaci\u00f3 \u2018Abrindo Cami\u00f1o\u2019<\/strong> de amigos do Cami\u00f1o Norte de Santiago. Tel. +34.982521075 y +34.639072769\u00a0 \u00b7 Fax. +34.98251125.\u00a0 E-mail: <a title=\"Abrindo Cami\u00f1o email\" href=\"mailto:elremansoes@yahoo.es\">elremansoes@yahoo.es<\/a><\/li>\n<\/ul>\n<h2><strong>O Cami\u00f1o dos Faros<br \/>\n<\/strong><\/h2>\n<ul>\n<li><strong>Traski a Facebook<\/strong> (en gallec): <a title=\"Traski on Facebook\" href=\"https:\/\/www.facebook.com\/traski.costadamorte\">https:\/\/www.facebook.com\/traski.costadamorte<\/a><\/li>\n<li><strong>Etapes<\/strong>: <a title=\"Stages. Cami\u00f1o dos Faros\" href=\"http:\/\/guiacostadamorte.blogspot.com.es\/search\/label\/Etapas\">http:\/\/guiacostadamorte.blogspot.com.es\/search\/label\/Etapas<\/a><\/li>\n<li><strong>Guia a Facebook<\/strong>: <a title=\"Guide on Facebook\" href=\"https:\/\/www.facebook.com\/guiacostadamorte\">https:\/\/www.facebook.com\/guiacostadamorte<\/a><\/li>\n<\/ul>\n<h2><strong> Mapes topogr\u00e0fics de franc per a GPS<\/strong><\/h2>\n<ul>\n<li><strong>TopoPirineos<\/strong>. Pirineus (molt complet): <a title=\"TopoPirineos. Pyrenees\" href=\"http:\/\/topopirineos.blogspot.com.es\/\">http:\/\/topopirineos.blogspot.com.es\/<\/a><\/li>\n<li><strong>TopoHispania<\/strong>. Espanya: <a title=\"TopoHispania. Spain\" href=\"http:\/\/www.aristasur.com\/contenido\/descarga-mapa-topohispania-sinrenkor-actualizado\">http:\/\/www.aristasur.com\/contenido\/descarga-mapa-topohispania-sinrenkor-actualizado<\/a><\/li>\n<\/ul>\n<h2><strong>Programari per a manipular mapes i tracks GPS<br \/>\n<\/strong><\/h2>\n<ul>\n<li><strong>Web App<\/strong>.<strong> Graph<\/strong>. Eina en l\u00ednia per a crear gr\u00e0fics de desnivell: <a title=\"Graph\" href=\"http:\/\/blog.entremontanas.com\/crea-tu-track-y-grafico-de-desnivel.php\">http:\/\/blog.entremontanas.com\/crea-tu-track-y-grafico-de-desnivel.php<\/a><\/li>\n<li><strong>Windows<\/strong>.<strong> Perfils<\/strong> es un programa per a generar imatges en format PNG de perfils\u00a0 GPS: <a title=\"Perfils\" href=\"http:\/\/www.amigosdelciclismo.com\/perfils\/\">http:\/\/www.amigosdelciclismo.com\/perfils\/<\/a><\/li>\n<li><strong>Windows <\/strong>\/<strong> Mac OSX<\/strong>.<strong> BaseCamp<\/strong>. Programa de franc per a planificar viatges, de Garmin:\u00a0 <a title=\"BaseCamp\" href=\"http:\/\/www.garmin.com\/en-US\/shop\/downloads\/basecamp\">http:\/\/www.garmin.com\/en-US\/shop\/downloads\/basecamp<\/a><\/li>\n<li><strong>Mac OSX<\/strong>.<strong>\u00a0 ADZE<\/strong>. No es programari lliure, la llic\u00e8ncia t\u00e9 un cost d&#8217;uns US$ 20. Software per retocar tracks GPX: <a title=\"ADZE\" href=\"http:\/\/kobotsw.com\/apps\/adze\">http:\/\/kobotsw.com\/apps\/adze<\/a><\/li>\n<li><strong>Android<\/strong>.<strong> OruxMaps<\/strong>.Programari de franc per a veure mapes offline \/ online amb Android: <a title=\"Oruxmaps\" href=\"http:\/\/www.oruxmaps.com\/\">http:\/\/www.oruxmaps.com\/<\/a><\/li>\n<\/ul>\n<\/div>\n<\/div>\n","protected":false},"excerpt":{"rendered":"<p>Enlla\u00e7os funcionant el 2013 Travessia Transpirinenca en BTT Transpirinaica. Documentaci\u00f3, etapes i mapa de recursos que inclou transport, allotjament i tallers de bicicletes: http:\/\/www.transpirinaica.com\/entr.htm An\u00edbal. Tracks de GPS de la Transpirinenca cl\u00e0ssica: http:\/\/ca.wikiloc.com\/wikiloc\/view.do?id=1131414 Zinaztli. Bloc molt interessant, amb etapes comentades i tracks excel\u00b7lents: http:\/\/zinaztli.blogspot.com.es\/2012\/07\/transpirenaica-en-btt-ficha-del-viaje.html Albergs del Camino de Santiago i opinions d&#8217;usuaris Web d&#8217;escriptori: http:\/\/caminodesantiago.consumer.es\/albergues\/ [&hellip;]<\/p>\n","protected":false},"author":1,"featured_media":0,"parent":0,"menu_order":0,"comment_status":"open","ping_status":"open","template":"page-templates\/full-width.php","meta":{"footnotes":""},"yoast_head":"<!-- This site is optimized with the Yoast SEO plugin v24.5 - https:\/\/yoast.com\/wordpress\/plugins\/seo\/ -->\n<title>Recursos - Nord Ib\u00e8ric de costa a costa<\/title>\n<meta name=\"robots\" content=\"index, follow, max-snippet:-1, max-image-preview:large, max-video-preview:-1\" \/>\n<link rel=\"canonical\" href=\"https:\/\/northiberianctc.com\/blog\/ca\/?page_id=14\" \/>\n<meta property=\"og:locale\" content=\"ca_ES\" \/>\n<meta property=\"og:type\" content=\"article\" \/>\n<meta property=\"og:title\" content=\"Recursos - Nord Ib\u00e8ric de costa a costa\" \/>\n<meta property=\"og:description\" content=\"Enlla\u00e7os funcionant el 2013 Travessia Transpirinenca en BTT Transpirinaica. Documentaci\u00f3, etapes i mapa de recursos que inclou transport, allotjament i tallers de bicicletes: http:\/\/www.transpirinaica.com\/entr.htm An\u00edbal. Tracks de GPS de la Transpirinenca cl\u00e0ssica: http:\/\/ca.wikiloc.com\/wikiloc\/view.do?id=1131414 Zinaztli. Bloc molt interessant, amb etapes comentades i tracks excel\u00b7lents: http:\/\/zinaztli.blogspot.com.es\/2012\/07\/transpirenaica-en-btt-ficha-del-viaje.html Albergs del Camino de Santiago i opinions d&#8217;usuaris Web d&#8217;escriptori: http:\/\/caminodesantiago.consumer.es\/albergues\/ [&hellip;]\" \/>\n<meta property=\"og:url\" content=\"https:\/\/northiberianctc.com\/blog\/ca\/?page_id=14\" \/>\n<meta property=\"og:site_name\" content=\"Nord Ib\u00e8ric de costa a costa\" \/>\n<meta property=\"article:modified_time\" content=\"2016-11-03T10:56:48+00:00\" \/>\n<meta name=\"twitter:label1\" content=\"Temps estimat de lectura\" \/>\n\t<meta name=\"twitter:data1\" content=\"2 minuts\" \/>\n<script type=\"application\/ld+json\" class=\"yoast-schema-graph\">{\"@context\":\"https:\/\/schema.org\",\"@graph\":[{\"@type\":\"WebPage\",\"@id\":\"https:\/\/northiberianctc.com\/blog\/ca\/?page_id=14\",\"url\":\"https:\/\/northiberianctc.com\/blog\/ca\/?page_id=14\",\"name\":\"Recursos - Nord Ib\u00e8ric de costa a costa\",\"isPartOf\":{\"@id\":\"https:\/\/northiberianctc.com\/blog\/ca\/#website\"},\"datePublished\":\"2013-08-07T18:37:52+00:00\",\"dateModified\":\"2016-11-03T10:56:48+00:00\",\"breadcrumb\":{\"@id\":\"https:\/\/northiberianctc.com\/blog\/ca\/?page_id=14#breadcrumb\"},\"inLanguage\":\"ca\",\"potentialAction\":[{\"@type\":\"ReadAction\",\"target\":[\"https:\/\/northiberianctc.com\/blog\/ca\/?page_id=14\"]}]},{\"@type\":\"BreadcrumbList\",\"@id\":\"https:\/\/northiberianctc.com\/blog\/ca\/?page_id=14#breadcrumb\",\"itemListElement\":[{\"@type\":\"ListItem\",\"position\":1,\"name\":\"Home\",\"item\":\"https:\/\/northiberianctc.com\/blog\/ca\/\"},{\"@type\":\"ListItem\",\"position\":2,\"name\":\"Recursos\"}]},{\"@type\":\"WebSite\",\"@id\":\"https:\/\/northiberianctc.com\/blog\/ca\/#website\",\"url\":\"https:\/\/northiberianctc.com\/blog\/ca\/\",\"name\":\"Nord Ib\u00e8ric de costa a costa\",\"description\":\"Nord de la Pen\u00ednsula Ib\u00e8rica, 2.400 km d&#039;experi\u00e8ncia en bicicleta de muntanya\",\"potentialAction\":[{\"@type\":\"SearchAction\",\"target\":{\"@type\":\"EntryPoint\",\"urlTemplate\":\"https:\/\/northiberianctc.com\/blog\/ca\/?s={search_term_string}\"},\"query-input\":{\"@type\":\"PropertyValueSpecification\",\"valueRequired\":true,\"valueName\":\"search_term_string\"}}],\"inLanguage\":\"ca\"}]}<\/script>\n<!-- \/ Yoast SEO plugin. -->","yoast_head_json":{"title":"Recursos - Nord Ib\u00e8ric de costa a costa","robots":{"index":"index","follow":"follow","max-snippet":"max-snippet:-1","max-image-preview":"max-image-preview:large","max-video-preview":"max-video-preview:-1"},"canonical":"https:\/\/northiberianctc.com\/blog\/ca\/?page_id=14","og_locale":"ca_ES","og_type":"article","og_title":"Recursos - Nord Ib\u00e8ric de costa a costa","og_description":"Enlla\u00e7os funcionant el 2013 Travessia Transpirinenca en BTT Transpirinaica. Documentaci\u00f3, etapes i mapa de recursos que inclou transport, allotjament i tallers de bicicletes: http:\/\/www.transpirinaica.com\/entr.htm An\u00edbal. Tracks de GPS de la Transpirinenca cl\u00e0ssica: http:\/\/ca.wikiloc.com\/wikiloc\/view.do?id=1131414 Zinaztli. Bloc molt interessant, amb etapes comentades i tracks excel\u00b7lents: http:\/\/zinaztli.blogspot.com.es\/2012\/07\/transpirenaica-en-btt-ficha-del-viaje.html Albergs del Camino de Santiago i opinions d&#8217;usuaris Web d&#8217;escriptori: http:\/\/caminodesantiago.consumer.es\/albergues\/ [&hellip;]","og_url":"https:\/\/northiberianctc.com\/blog\/ca\/?page_id=14","og_site_name":"Nord Ib\u00e8ric de costa a costa","article_modified_time":"2016-11-03T10:56:48+00:00","twitter_misc":{"Temps estimat de lectura":"2 minuts"},"schema":{"@context":"https:\/\/schema.org","@graph":[{"@type":"WebPage","@id":"https:\/\/northiberianctc.com\/blog\/ca\/?page_id=14","url":"https:\/\/northiberianctc.com\/blog\/ca\/?page_id=14","name":"Recursos - Nord Ib\u00e8ric de costa a costa","isPartOf":{"@id":"https:\/\/northiberianctc.com\/blog\/ca\/#website"},"datePublished":"2013-08-07T18:37:52+00:00","dateModified":"2016-11-03T10:56:48+00:00","breadcrumb":{"@id":"https:\/\/northiberianctc.com\/blog\/ca\/?page_id=14#breadcrumb"},"inLanguage":"ca","potentialAction":[{"@type":"ReadAction","target":["https:\/\/northiberianctc.com\/blog\/ca\/?page_id=14"]}]},{"@type":"BreadcrumbList","@id":"https:\/\/northiberianctc.com\/blog\/ca\/?page_id=14#breadcrumb","itemListElement":[{"@type":"ListItem","position":1,"name":"Home","item":"https:\/\/northiberianctc.com\/blog\/ca\/"},{"@type":"ListItem","position":2,"name":"Recursos"}]},{"@type":"WebSite","@id":"https:\/\/northiberianctc.com\/blog\/ca\/#website","url":"https:\/\/northiberianctc.com\/blog\/ca\/","name":"Nord Ib\u00e8ric de costa a costa","description":"Nord de la Pen\u00ednsula Ib\u00e8rica, 2.400 km d&#039;experi\u00e8ncia en bicicleta de muntanya","potentialAction":[{"@type":"SearchAction","target":{"@type":"EntryPoint","urlTemplate":"https:\/\/northiberianctc.com\/blog\/ca\/?s={search_term_string}"},"query-input":{"@type":"PropertyValueSpecification","valueRequired":true,"valueName":"search_term_string"}}],"inLanguage":"ca"}]}},"_links":{"self":[{"href":"https:\/\/northiberianctc.com\/blog\/ca\/index.php?rest_route=\/wp\/v2\/pages\/14"}],"collection":[{"href":"https:\/\/northiberianctc.com\/blog\/ca\/index.php?rest_route=\/wp\/v2\/pages"}],"about":[{"href":"https:\/\/northiberianctc.com\/blog\/ca\/index.php?rest_route=\/wp\/v2\/types\/page"}],"author":[{"embeddable":true,"href":"https:\/\/northiberianctc.com\/blog\/ca\/index.php?rest_route=\/wp\/v2\/users\/1"}],"replies":[{"embeddable":true,"href":"https:\/\/northiberianctc.com\/blog\/ca\/index.php?rest_route=%2Fwp%2Fv2%2Fcomments&post=14"}],"version-history":[{"count":13,"href":"https:\/\/northiberianctc.com\/blog\/ca\/index.php?rest_route=\/wp\/v2\/pages\/14\/revisions"}],"predecessor-version":[{"id":769,"href":"https:\/\/northiberianctc.com\/blog\/ca\/index.php?rest_route=\/wp\/v2\/pages\/14\/revisions\/769"}],"wp:attachment":[{"href":"https:\/\/northiberianctc.com\/blog\/ca\/index.php?rest_route=%2Fwp%2Fv2%2Fmedia&parent=14"}],"curies":[{"name":"wp","href":"https:\/\/api.w.org\/{rel}","templated":true}]}}