{"id":16,"date":"2013-08-07T18:38:05","date_gmt":"2013-08-07T18:38:05","guid":{"rendered":"http:\/\/northiberianctc.com\/blog\/ca\/?page_id=16"},"modified":"2013-10-16T12:38:57","modified_gmt":"2013-10-16T12:38:57","slug":"sobre-mi","status":"publish","type":"page","link":"https:\/\/northiberianctc.com\/blog\/ca\/?page_id=16","title":{"rendered":"Sobre mi"},"content":{"rendered":"<p><img loading=\"lazy\" decoding=\"async\" class=\"alignright\" style=\"margin-left: 6px; margin-right: 6px;\" alt=\"gerard tost\" src=\"https:\/\/northiberianctc.com\/img\/stages\/ribadeo-gerard.jpg\" width=\"320\" height=\"195\" \/>Gerard Tost (Reus, Catalunya, 1970). Treballo com a responsable de projectes a <a title=\"Editio Software\" href=\"http:\/\/editiosoftware.com\/ca\">Editio Software<\/a>, una enginyeria inform\u00e0tica amb oficina a Tarragona i, a banda, s\u00f3c aficionat a la bicicleta de muntanya. Els darrers anys he fet alguns viatges ciclotur\u00edstics, quan les meves responsabilitats professionals i el temps disponible m&#8217;ho han perm\u00e8s.<\/p>\n<p>A mitjans de 2012 em vaig plantejar fer unes vacances llargues, en bicicleta i per la muntanya. Amb uns companys d&#8217;estudis hav\u00edem fet un tram de Transpirinenca en 1996 i em vaig plantejar de fer-la, completa, de Llan\u00e7\u00e0 a Irun i potser despr\u00e9s seguir una mica m\u00e9s enll\u00e0. Quan vaig haver calculat el temps que em suposaria arribar a Gal\u00edcia, vaig decidir dissenyar una ruta de BTT pel per\u00edmetre costaner del nord de la Pen\u00ednsula Ib\u00e8rica.<\/p>\n<p><img loading=\"lazy\" decoding=\"async\" class=\"alignright\" style=\"margin-left: 6px; margin-right: 6px;\" alt=\"friends at Deva campsite\" src=\"https:\/\/northiberianctc.com\/img\/stages\/deva-friends.jpg\" width=\"320\" height=\"195\" \/>Vaig iniciar la Transpirinenca l&#8217;octubre de 2012 i la vaig haver abandonar per la manca d&#8217;allotjaments disponibles fora de temporada. Vaig continuar amb el viatge des de finals de maig fins a mitjans de juliol de 2013.<\/p>\n<p><strong>Contacte<\/strong><\/p>\n<p>Et proposo que connectis amb un &#8220;m&#8217;agrada&#8221; a <a title=\"Aquesta ruta a Facebook\" href=\"https:\/\/www.facebook.com\/NorthIberianCoastToCoast\"><strong>Facebook<\/strong><\/a> i m&#8217;envi\u00efs un missatge privat. Si \u00fanicament vols rebre notificacions o fer comentaris p\u00fablics pots utilitzar el sistema de comentaris d&#8217;aquest bloc, o escriure a Facebook o <a title=\"El meu perfil a Panoramio\" href=\"https:\/\/ssl.panoramio.com\/user\/7124452\"><strong>Panoramio<\/strong><\/a>.<\/p>\n<p><strong>Perqu\u00e8 he publicat aquesta guia<\/strong><\/p>\n<p>El motiu per posar-la en l\u00ednia \u00e9s que, quan vaig <strong>dissenyar una travessia pels Pirineus i la costa cant\u00e0brica alhora<\/strong>, no vaig trobar disponible cap recorregut que permet\u00e9s fer alguna cosa semblant resseguint el per\u00edmetre costaner.<\/p>\n<p>S\u00ed que hi havia for\u00e7a informaci\u00f3 sobre la travessia Transpirinenca en algunes variants, tamb\u00e9 del Cam\u00ed de Sant Jaume Nord i alguns recorreguts t\u00edpics en bici per les costes de Gal\u00edcia, fonamentalment per A Coru\u00f1a i voltants. Per\u00f2 aquesta informaci\u00f3, molt fragmentada, no connectava tot el per\u00edmetre que jo volia seguir i la vaig haver de dissenyar amb l&#8217;ordinador, mapes digitals i rutes que poguessin ser recorregudes amb un receptor de GPS d&#8217;activitats d&#8217;aventura.<\/p>\n<p>Aix\u00ed doncs, quan vaig haver finalitzat la totalitat de la ruta prefixada, vaig decidir publicar l&#8217;experi\u00e8ncia per tal que hi hagu\u00e9s <strong>disponible un repositori complet de tracks GPS, un llistat d&#8217;allotjaments, fotografies de suport i algunes observacions personals sobre cada etapa<\/strong>, de manera que qualsevol persona interessada en fer un viatge similar tingui un material b\u00e0sic que fins ara no estava disponible enlloc.<\/p>\n<p><strong>Sobre els tracks GPS<\/strong><\/p>\n<p>La travessia es va dissenyar directament amb un ordinador, i els tracks de GPS obtinguts amb l&#8217;experi\u00e8ncia real complementen la informaci\u00f3 inicial de la que disposava sobre el mapa. Estan en format GPX si es descarreguen d&#8217;aquest web i en diferents formats finals a <a title=\"Aquesta ruta a Wikiloc\" href=\"http:\/\/ca.wikiloc.com\/wikiloc\/view.do?id=4973783\">Wikiloc<\/a>.<\/p>\n<p>Els tracks que es troben en aquest web s\u00f3n de dos tipus. D&#8217;una banda hi ha els resultants de posar en pr\u00e0ctica les rutes, per\u00f2 n&#8217;hi ha alguns dels que pr\u00e8viament vaig utilitzar per dissenyar les rutes. La ra\u00f3 \u00e9s que a mig viatge vaig desconfigurar, per error, la gravaci\u00f3 autom\u00e0tica del cam\u00ed seguit pel meu GPS, de manera que he hagut d&#8217;utilitzar els originals i retocar-los amb ordinador a m\u00e0 etapa per etapa. Els recorreguts s\u00f3n correctes i es poden seguir, per\u00f2 de vegades alguna informaci\u00f3 inserida als tracks pot donar errors d&#8217;interpretaci\u00f3 estad\u00edstica.<\/p>\n","protected":false},"excerpt":{"rendered":"<p>Gerard Tost (Reus, Catalunya, 1970). Treballo com a responsable de projectes a Editio Software, una enginyeria inform\u00e0tica amb oficina a Tarragona i, a banda, s\u00f3c aficionat a la bicicleta de muntanya. Els darrers anys he fet alguns viatges ciclotur\u00edstics, quan les meves responsabilitats professionals i el temps disponible m&#8217;ho han perm\u00e8s. A mitjans de 2012 [&hellip;]<\/p>\n","protected":false},"author":1,"featured_media":0,"parent":0,"menu_order":0,"comment_status":"open","ping_status":"open","template":"page-templates\/full-width.php","meta":{"footnotes":""},"yoast_head":"<!-- This site is optimized with the Yoast SEO plugin v24.5 - https:\/\/yoast.com\/wordpress\/plugins\/seo\/ -->\n<title>Sobre mi - Nord Ib\u00e8ric de costa a costa<\/title>\n<meta name=\"robots\" content=\"index, follow, max-snippet:-1, max-image-preview:large, max-video-preview:-1\" \/>\n<link rel=\"canonical\" href=\"https:\/\/northiberianctc.com\/blog\/ca\/?page_id=16\" \/>\n<meta property=\"og:locale\" content=\"ca_ES\" \/>\n<meta property=\"og:type\" content=\"article\" \/>\n<meta property=\"og:title\" content=\"Sobre mi - Nord Ib\u00e8ric de costa a costa\" \/>\n<meta property=\"og:description\" content=\"Gerard Tost (Reus, Catalunya, 1970). Treballo com a responsable de projectes a Editio Software, una enginyeria inform\u00e0tica amb oficina a Tarragona i, a banda, s\u00f3c aficionat a la bicicleta de muntanya. Els darrers anys he fet alguns viatges ciclotur\u00edstics, quan les meves responsabilitats professionals i el temps disponible m&#8217;ho han perm\u00e8s. A mitjans de 2012 [&hellip;]\" \/>\n<meta property=\"og:url\" content=\"https:\/\/northiberianctc.com\/blog\/ca\/?page_id=16\" \/>\n<meta property=\"og:site_name\" content=\"Nord Ib\u00e8ric de costa a costa\" \/>\n<meta property=\"article:modified_time\" content=\"2013-10-16T12:38:57+00:00\" \/>\n<meta property=\"og:image\" content=\"https:\/\/northiberianctc.com\/img\/stages\/ribadeo-gerard.jpg\" \/>\n<meta name=\"twitter:label1\" content=\"Temps estimat de lectura\" \/>\n\t<meta name=\"twitter:data1\" content=\"3 minuts\" \/>\n<script type=\"application\/ld+json\" class=\"yoast-schema-graph\">{\"@context\":\"https:\/\/schema.org\",\"@graph\":[{\"@type\":\"WebPage\",\"@id\":\"https:\/\/northiberianctc.com\/blog\/ca\/?page_id=16\",\"url\":\"https:\/\/northiberianctc.com\/blog\/ca\/?page_id=16\",\"name\":\"Sobre mi - Nord Ib\u00e8ric de costa a costa\",\"isPartOf\":{\"@id\":\"https:\/\/northiberianctc.com\/blog\/ca\/#website\"},\"primaryImageOfPage\":{\"@id\":\"https:\/\/northiberianctc.com\/blog\/ca\/?page_id=16#primaryimage\"},\"image\":{\"@id\":\"https:\/\/northiberianctc.com\/blog\/ca\/?page_id=16#primaryimage\"},\"thumbnailUrl\":\"https:\/\/northiberianctc.com\/img\/stages\/ribadeo-gerard.jpg\",\"datePublished\":\"2013-08-07T18:38:05+00:00\",\"dateModified\":\"2013-10-16T12:38:57+00:00\",\"breadcrumb\":{\"@id\":\"https:\/\/northiberianctc.com\/blog\/ca\/?page_id=16#breadcrumb\"},\"inLanguage\":\"ca\",\"potentialAction\":[{\"@type\":\"ReadAction\",\"target\":[\"https:\/\/northiberianctc.com\/blog\/ca\/?page_id=16\"]}]},{\"@type\":\"ImageObject\",\"inLanguage\":\"ca\",\"@id\":\"https:\/\/northiberianctc.com\/blog\/ca\/?page_id=16#primaryimage\",\"url\":\"https:\/\/northiberianctc.com\/img\/stages\/ribadeo-gerard.jpg\",\"contentUrl\":\"https:\/\/northiberianctc.com\/img\/stages\/ribadeo-gerard.jpg\"},{\"@type\":\"BreadcrumbList\",\"@id\":\"https:\/\/northiberianctc.com\/blog\/ca\/?page_id=16#breadcrumb\",\"itemListElement\":[{\"@type\":\"ListItem\",\"position\":1,\"name\":\"Home\",\"item\":\"https:\/\/northiberianctc.com\/blog\/ca\/\"},{\"@type\":\"ListItem\",\"position\":2,\"name\":\"Sobre mi\"}]},{\"@type\":\"WebSite\",\"@id\":\"https:\/\/northiberianctc.com\/blog\/ca\/#website\",\"url\":\"https:\/\/northiberianctc.com\/blog\/ca\/\",\"name\":\"Nord Ib\u00e8ric de costa a costa\",\"description\":\"Nord de la Pen\u00ednsula Ib\u00e8rica, 2.400 km d&#039;experi\u00e8ncia en bicicleta de muntanya\",\"potentialAction\":[{\"@type\":\"SearchAction\",\"target\":{\"@type\":\"EntryPoint\",\"urlTemplate\":\"https:\/\/northiberianctc.com\/blog\/ca\/?s={search_term_string}\"},\"query-input\":{\"@type\":\"PropertyValueSpecification\",\"valueRequired\":true,\"valueName\":\"search_term_string\"}}],\"inLanguage\":\"ca\"}]}<\/script>\n<!-- \/ Yoast SEO plugin. -->","yoast_head_json":{"title":"Sobre mi - Nord Ib\u00e8ric de costa a costa","robots":{"index":"index","follow":"follow","max-snippet":"max-snippet:-1","max-image-preview":"max-image-preview:large","max-video-preview":"max-video-preview:-1"},"canonical":"https:\/\/northiberianctc.com\/blog\/ca\/?page_id=16","og_locale":"ca_ES","og_type":"article","og_title":"Sobre mi - Nord Ib\u00e8ric de costa a costa","og_description":"Gerard Tost (Reus, Catalunya, 1970). Treballo com a responsable de projectes a Editio Software, una enginyeria inform\u00e0tica amb oficina a Tarragona i, a banda, s\u00f3c aficionat a la bicicleta de muntanya. Els darrers anys he fet alguns viatges ciclotur\u00edstics, quan les meves responsabilitats professionals i el temps disponible m&#8217;ho han perm\u00e8s. A mitjans de 2012 [&hellip;]","og_url":"https:\/\/northiberianctc.com\/blog\/ca\/?page_id=16","og_site_name":"Nord Ib\u00e8ric de costa a costa","article_modified_time":"2013-10-16T12:38:57+00:00","og_image":[{"url":"https:\/\/northiberianctc.com\/img\/stages\/ribadeo-gerard.jpg","type":"","width":"","height":""}],"twitter_misc":{"Temps estimat de lectura":"3 minuts"},"schema":{"@context":"https:\/\/schema.org","@graph":[{"@type":"WebPage","@id":"https:\/\/northiberianctc.com\/blog\/ca\/?page_id=16","url":"https:\/\/northiberianctc.com\/blog\/ca\/?page_id=16","name":"Sobre mi - Nord Ib\u00e8ric de costa a costa","isPartOf":{"@id":"https:\/\/northiberianctc.com\/blog\/ca\/#website"},"primaryImageOfPage":{"@id":"https:\/\/northiberianctc.com\/blog\/ca\/?page_id=16#primaryimage"},"image":{"@id":"https:\/\/northiberianctc.com\/blog\/ca\/?page_id=16#primaryimage"},"thumbnailUrl":"https:\/\/northiberianctc.com\/img\/stages\/ribadeo-gerard.jpg","datePublished":"2013-08-07T18:38:05+00:00","dateModified":"2013-10-16T12:38:57+00:00","breadcrumb":{"@id":"https:\/\/northiberianctc.com\/blog\/ca\/?page_id=16#breadcrumb"},"inLanguage":"ca","potentialAction":[{"@type":"ReadAction","target":["https:\/\/northiberianctc.com\/blog\/ca\/?page_id=16"]}]},{"@type":"ImageObject","inLanguage":"ca","@id":"https:\/\/northiberianctc.com\/blog\/ca\/?page_id=16#primaryimage","url":"https:\/\/northiberianctc.com\/img\/stages\/ribadeo-gerard.jpg","contentUrl":"https:\/\/northiberianctc.com\/img\/stages\/ribadeo-gerard.jpg"},{"@type":"BreadcrumbList","@id":"https:\/\/northiberianctc.com\/blog\/ca\/?page_id=16#breadcrumb","itemListElement":[{"@type":"ListItem","position":1,"name":"Home","item":"https:\/\/northiberianctc.com\/blog\/ca\/"},{"@type":"ListItem","position":2,"name":"Sobre mi"}]},{"@type":"WebSite","@id":"https:\/\/northiberianctc.com\/blog\/ca\/#website","url":"https:\/\/northiberianctc.com\/blog\/ca\/","name":"Nord Ib\u00e8ric de costa a costa","description":"Nord de la Pen\u00ednsula Ib\u00e8rica, 2.400 km d&#039;experi\u00e8ncia en bicicleta de muntanya","potentialAction":[{"@type":"SearchAction","target":{"@type":"EntryPoint","urlTemplate":"https:\/\/northiberianctc.com\/blog\/ca\/?s={search_term_string}"},"query-input":{"@type":"PropertyValueSpecification","valueRequired":true,"valueName":"search_term_string"}}],"inLanguage":"ca"}]}},"_links":{"self":[{"href":"https:\/\/northiberianctc.com\/blog\/ca\/index.php?rest_route=\/wp\/v2\/pages\/16"}],"collection":[{"href":"https:\/\/northiberianctc.com\/blog\/ca\/index.php?rest_route=\/wp\/v2\/pages"}],"about":[{"href":"https:\/\/northiberianctc.com\/blog\/ca\/index.php?rest_route=\/wp\/v2\/types\/page"}],"author":[{"embeddable":true,"href":"https:\/\/northiberianctc.com\/blog\/ca\/index.php?rest_route=\/wp\/v2\/users\/1"}],"replies":[{"embeddable":true,"href":"https:\/\/northiberianctc.com\/blog\/ca\/index.php?rest_route=%2Fwp%2Fv2%2Fcomments&post=16"}],"version-history":[{"count":16,"href":"https:\/\/northiberianctc.com\/blog\/ca\/index.php?rest_route=\/wp\/v2\/pages\/16\/revisions"}],"predecessor-version":[{"id":734,"href":"https:\/\/northiberianctc.com\/blog\/ca\/index.php?rest_route=\/wp\/v2\/pages\/16\/revisions\/734"}],"wp:attachment":[{"href":"https:\/\/northiberianctc.com\/blog\/ca\/index.php?rest_route=%2Fwp%2Fv2%2Fmedia&parent=16"}],"curies":[{"name":"wp","href":"https:\/\/api.w.org\/{rel}","templated":true}]}}