{"id":2,"date":"2013-07-20T15:03:56","date_gmt":"2013-07-20T15:03:56","guid":{"rendered":"http:\/\/northiberianctc.com\/blog\/ca\/?page_id=2"},"modified":"2013-10-16T12:38:32","modified_gmt":"2013-10-16T12:38:32","slug":"pagina-exemple","status":"publish","type":"page","link":"https:\/\/northiberianctc.com\/blog\/ca\/","title":{"rendered":"Inici"},"content":{"rendered":"<p>Aquest web \u00e9s una <strong>guia pr\u00e0ctica<\/strong> i un blog de viatge. Hi ha informaci\u00f3 \u00fatil suficient per <strong>rec\u00f3rrer tot el nord de la Pen\u00ednsula Ib\u00e8rica de costa a costa en bicicleta<\/strong> tot terreny, o sigui 2.400 quil\u00f2metres per camins, pistes forestals i carreteres, entre els dos punts m\u00e9s extrems que podem trobar: el Cap de Creus a Catalunya i el Cabo de La Nave a Gal\u00edcia.<\/p>\n<p>Mostra i descriu el recorregut, amb algunes fotografies i les experi\u00e8ncies escrites d&#8217;unes <strong>vacances a l&#8217;aire lliure de quaranta-quatre dies<\/strong>, en forma de travessia per etapes amb una mitjana de 50 km per dia. \u00c9s a dir, un <strong>recorregut pensat per a persones sense cap preparaci\u00f3 f\u00edsica especial<\/strong>, per fer-se amb bicicleta de muntanya i equipatge aut\u00f2nom tipus alforges, amb tenda de campanya.<\/p>\n<div style=\"margin: 0 auto 0 auto; width: 400px;\"><iframe loading=\"lazy\" src=\"https:\/\/ssl.panoramio.com\/wapi\/template\/photo.html?user=7124452&amp;tag=north%20iberian%20ctc&amp;bgcolor=%23FFFFFF\" height=\"400\" width=\"500\" frameborder=\"0\" marginwidth=\"0\" marginheight=\"0\" scrolling=\"no\"><\/iframe><\/div>\n<p><strong>A qui va dirigit aquest web?<\/strong><\/p>\n<p>Doncs a persones curioses i, especialment, aficionats a la bicicleta que busquin rutes de v\u00e0ries jornades pel nord de la Pen\u00ednsula Ib\u00e8rica, especialment per regions que encara estan poc documentades en el seu conjunt o que tenen bona informaci\u00f3 per\u00f2 fragmentada, com per exemple Ast\u00faries o la Costa da Morte de Gal\u00edcia.<\/p>\n<p>A aficionats a la bicicleta de muntanya que vulguin fer una <strong>travessia Transpirinenca<\/strong> menys exigent que la cl\u00e0ssica quant a durada de les etapes, que potencia la pernoctaci\u00f3 en c\u00e0mpings, i amb algunes petites <strong>variacions de recorregut<\/strong>, per exemple en la darrera etapa en que la meva proposta \u00e9s rec\u00f3rrer el darrer tram dels Pirineus per una via verda des de Bera de Bidasoa.<\/p>\n<p>A persones que vulguin fer el <strong>Camino de Santiago<\/strong> del Nord, tamb\u00e9 anomenat Cam\u00ed de Sant Jaume, el nou Cam\u00ed del Mar o el Cam\u00ed Angl\u00e8s <strong>en bicicleta per\u00f2 per vies completament ciclables<\/strong>.\u00a0 La ruta que es descriu en aquest web per for\u00e7a es paral\u00b7lela al Cam\u00ed Nord per Euskadi, Cant\u00e0bria i Ast\u00faries, per\u00f2 t\u00e9 <strong>variacions que trenquen el concepte urb\u00e0 del pelegrinatge actual<\/strong> i s&#8217;endinsa en indrets allunyats del pelegr\u00ed habitual. En el cas d&#8217;Ast\u00faries recupera antics itineraris del Cam\u00ed que ja no se segueixen, i proposa visitar zones molt conegudes localment per\u00f2 poc alineades amb els interessos\u00a0 tur\u00edstics.<\/p>\n<p><strong>Quina informaci\u00f3 trobar\u00e0s aqu\u00ed<br \/>\n<\/strong><\/p>\n<p>Pots trobar <a title=\"Etapes del viatge\" href=\"https:\/\/northiberianctc.com\/blog\/ca\/?page_id=608\"><strong>fitxes individuals per a cada etapa del viatge<\/strong><\/a>, amb una descripci\u00f3 breu, codi QR per descarregar el track, enlla\u00e7 a Wikiloc per veure el context geogr\u00e0fic d&#8217;una etapa al mapa, les dist\u00e0ncies, poblacions que es travessen a l&#8217;etapa i refer\u00e8ncies per contactar amb els allotjaments (c\u00e0mpings, hostals, albergs).<\/p>\n<p>Si vols saber <strong>perqu\u00e8<\/strong> he publicat aquesta guia o com estan fets els tracks GPS pots llegir-te l&#8217;apartat <a title=\"Sobre Gerard\" href=\"https:\/\/northiberianctc.com\/blog\/ca\/?page_id=16\">Sobre mi<\/a>.<\/p>\n<p>Per tenir informaci\u00f3 resumida sobre el que trobarem a cada \u00e0mbit territorial i algunes indicacions pr\u00e0ctiques per fer la ruta, d\u00f3na un cop d&#8217;ull a la <strong>informaci\u00f3 separada per regions<\/strong> del men\u00fa superior: <a title=\"Pirineus catalans\" href=\"https:\/\/northiberianctc.com\/blog\/ca\/?page_id=26\">Pirineu catal\u00e0<\/a>, <a title=\"Pirineus aragonesos\" href=\"https:\/\/northiberianctc.com\/blog\/ca\/?page_id=28\">Pirineu aragon\u00e8s<\/a>, <a title=\"Pirineus navarresos\" href=\"https:\/\/northiberianctc.com\/blog\/ca\/?page_id=30\">Pirineu navarr\u00e8s<\/a>, <a title=\"Euskadi\" href=\"https:\/\/northiberianctc.com\/blog\/ca\/?page_id=32\">El Pa\u00eds Basc<\/a>, <a title=\"Cant\u00e0bria\" href=\"https:\/\/northiberianctc.com\/blog\/ca\/?page_id=34\">Cant\u00e0bria<\/a>, <a title=\"Ast\u00faries\" href=\"https:\/\/northiberianctc.com\/blog\/ca\/?page_id=36\">Ast\u00faries<\/a> i <a title=\"Gal\u00edcia\" href=\"https:\/\/northiberianctc.com\/blog\/ca\/?page_id=38\">Gal\u00edcia<\/a>.<\/p>\n<p>Quant al <strong>Camino de Santiago<\/strong>, al men\u00fa espec\u00edfic tens informaci\u00f3 sint\u00e8tica de totes les branques que s&#8217;intersecten i alguns punts emblem\u00e0tics que es visiten seguint la nostra ruta ib\u00e8rica de costa a costa: El <a title=\"Camino de Santiago als Pirineus\" href=\"https:\/\/northiberianctc.com\/blog\/ca\/?page_id=41\">Camino als Pirineus<\/a>, <a title=\"Cam\u00ed del Nord\" href=\"https:\/\/northiberianctc.com\/blog\/ca\/?page_id=43\">Cam\u00ed del Nord<\/a>, <a title=\"Cam\u00ed del Mar\" href=\"https:\/\/northiberianctc.com\/blog\/ca\/?page_id=44\">Cam\u00ed del Mar<\/a>, <a title=\"Cam\u00ed Angl\u00e8s\" href=\"https:\/\/northiberianctc.com\/blog\/ca\/?page_id=45\">Cam\u00ed Angl\u00e8s<\/a> i el pas per <a title=\"Finisterre i Muxia\" href=\"https:\/\/northiberianctc.com\/blog\/ca\/?page_id=46\">Finisterre i Muxia<\/a>.<\/p>\n<p>Si vols descarregar-te un <strong>track de GPS<\/strong>, ho pots fer directament des de cada etapa a partir del codi QR o de l&#8217;enlla\u00e7 que proporciono, o anar a <a title=\"Nord Ib\u00e8ric de costa a costa a Wikiloc\" href=\"http:\/\/ca.wikiloc.com\/wikiloc\/view.do?id=4973783\">Wikiloc i veure les etapes en el conjunt de la ruta<\/a> i descarregar-te&#8217;l all\u00ed.<\/p>\n<p><strong>Contacte<\/strong>.<strong> <\/strong>Et proposo que connectis amb un &#8220;m&#8217;agrada&#8221; a <a title=\"Aquesta ruta a Facebook\" href=\"https:\/\/www.facebook.com\/NorthIberianCoastToCoast\"><strong>Facebook<\/strong><\/a> i m&#8217;envi\u00efs un missatge privat. Si \u00fanicament vols rebre notificacions o fer comentaris p\u00fablics pots utilitzar el sistema de comentaris d&#8217;aquest bloc, o escriure a Facebook o <a title=\"El meu perfil a Panoramio\" href=\"https:\/\/ssl.panoramio.com\/user\/7124452\"><strong>Panoramio<\/strong><\/a>.<\/p>\n","protected":false},"excerpt":{"rendered":"<p>Aquest web \u00e9s una guia pr\u00e0ctica i un blog de viatge. Hi ha informaci\u00f3 \u00fatil suficient per rec\u00f3rrer tot el nord de la Pen\u00ednsula Ib\u00e8rica de costa a costa en bicicleta tot terreny, o sigui 2.400 quil\u00f2metres per camins, pistes forestals i carreteres, entre els dos punts m\u00e9s extrems que podem trobar: el Cap de [&hellip;]<\/p>\n","protected":false},"author":1,"featured_media":0,"parent":0,"menu_order":0,"comment_status":"open","ping_status":"open","template":"page-templates\/front-page.php","meta":{"footnotes":""},"yoast_head":"<!-- This site is optimized with the Yoast SEO plugin v24.5 - https:\/\/yoast.com\/wordpress\/plugins\/seo\/ -->\n<title>Nord Ib\u00e8ric de costa a costa, 2.400 km d&#039;experi\u00e8ncia en BTT<\/title>\n<meta name=\"description\" content=\"Guia pr\u00e0ctica i blog de viatge. Recorregut de 2.400 km en BTT pel nord de la Pen\u00ednsula Ib\u00e8rica, seguint la l\u00ednia de costa des del Mediterrani a l&#039;Atl\u00e0ntic.\" \/>\n<meta name=\"robots\" content=\"index, follow, max-snippet:-1, max-image-preview:large, max-video-preview:-1\" \/>\n<link rel=\"canonical\" href=\"https:\/\/northiberianctc.com\/blog\/ca\/\" \/>\n<meta property=\"og:locale\" content=\"ca_ES\" \/>\n<meta property=\"og:type\" content=\"article\" \/>\n<meta property=\"og:title\" content=\"Nord Ib\u00e8ric de costa a costa, 2.400 km d&#039;experi\u00e8ncia en BTT\" \/>\n<meta property=\"og:description\" content=\"Guia pr\u00e0ctica i blog de viatge. Recorregut de 2.400 km en BTT pel nord de la Pen\u00ednsula Ib\u00e8rica, seguint la l\u00ednia de costa des del Mediterrani a l&#039;Atl\u00e0ntic.\" \/>\n<meta property=\"og:url\" content=\"https:\/\/northiberianctc.com\/blog\/ca\/\" \/>\n<meta property=\"og:site_name\" content=\"Nord Ib\u00e8ric de costa a costa\" \/>\n<meta property=\"article:modified_time\" content=\"2013-10-16T12:38:32+00:00\" \/>\n<meta name=\"twitter:label1\" content=\"Temps estimat de lectura\" \/>\n\t<meta name=\"twitter:data1\" content=\"3 minuts\" \/>\n<script type=\"application\/ld+json\" class=\"yoast-schema-graph\">{\"@context\":\"https:\/\/schema.org\",\"@graph\":[{\"@type\":\"WebPage\",\"@id\":\"https:\/\/northiberianctc.com\/blog\/ca\/\",\"url\":\"https:\/\/northiberianctc.com\/blog\/ca\/\",\"name\":\"Nord Ib\u00e8ric de costa a costa, 2.400 km d'experi\u00e8ncia en BTT\",\"isPartOf\":{\"@id\":\"https:\/\/northiberianctc.com\/blog\/ca\/#website\"},\"datePublished\":\"2013-07-20T15:03:56+00:00\",\"dateModified\":\"2013-10-16T12:38:32+00:00\",\"description\":\"Guia pr\u00e0ctica i blog de viatge. Recorregut de 2.400 km en BTT pel nord de la Pen\u00ednsula Ib\u00e8rica, seguint la l\u00ednia de costa des del Mediterrani a l'Atl\u00e0ntic.\",\"breadcrumb\":{\"@id\":\"https:\/\/northiberianctc.com\/blog\/ca\/#breadcrumb\"},\"inLanguage\":\"ca\",\"potentialAction\":[{\"@type\":\"ReadAction\",\"target\":[\"https:\/\/northiberianctc.com\/blog\/ca\/\"]}]},{\"@type\":\"BreadcrumbList\",\"@id\":\"https:\/\/northiberianctc.com\/blog\/ca\/#breadcrumb\",\"itemListElement\":[{\"@type\":\"ListItem\",\"position\":1,\"name\":\"Home\",\"item\":\"https:\/\/northiberianctc.com\/blog\/ca\/\"},{\"@type\":\"ListItem\",\"position\":2,\"name\":\"Inici\"}]},{\"@type\":\"WebSite\",\"@id\":\"https:\/\/northiberianctc.com\/blog\/ca\/#website\",\"url\":\"https:\/\/northiberianctc.com\/blog\/ca\/\",\"name\":\"Nord Ib\u00e8ric de costa a costa\",\"description\":\"Nord de la Pen\u00ednsula Ib\u00e8rica, 2.400 km d&#039;experi\u00e8ncia en bicicleta de muntanya\",\"potentialAction\":[{\"@type\":\"SearchAction\",\"target\":{\"@type\":\"EntryPoint\",\"urlTemplate\":\"https:\/\/northiberianctc.com\/blog\/ca\/?s={search_term_string}\"},\"query-input\":{\"@type\":\"PropertyValueSpecification\",\"valueRequired\":true,\"valueName\":\"search_term_string\"}}],\"inLanguage\":\"ca\"}]}<\/script>\n<!-- \/ Yoast SEO plugin. -->","yoast_head_json":{"title":"Nord Ib\u00e8ric de costa a costa, 2.400 km d'experi\u00e8ncia en BTT","description":"Guia pr\u00e0ctica i blog de viatge. Recorregut de 2.400 km en BTT pel nord de la Pen\u00ednsula Ib\u00e8rica, seguint la l\u00ednia de costa des del Mediterrani a l'Atl\u00e0ntic.","robots":{"index":"index","follow":"follow","max-snippet":"max-snippet:-1","max-image-preview":"max-image-preview:large","max-video-preview":"max-video-preview:-1"},"canonical":"https:\/\/northiberianctc.com\/blog\/ca\/","og_locale":"ca_ES","og_type":"article","og_title":"Nord Ib\u00e8ric de costa a costa, 2.400 km d'experi\u00e8ncia en BTT","og_description":"Guia pr\u00e0ctica i blog de viatge. Recorregut de 2.400 km en BTT pel nord de la Pen\u00ednsula Ib\u00e8rica, seguint la l\u00ednia de costa des del Mediterrani a l'Atl\u00e0ntic.","og_url":"https:\/\/northiberianctc.com\/blog\/ca\/","og_site_name":"Nord Ib\u00e8ric de costa a costa","article_modified_time":"2013-10-16T12:38:32+00:00","twitter_misc":{"Temps estimat de lectura":"3 minuts"},"schema":{"@context":"https:\/\/schema.org","@graph":[{"@type":"WebPage","@id":"https:\/\/northiberianctc.com\/blog\/ca\/","url":"https:\/\/northiberianctc.com\/blog\/ca\/","name":"Nord Ib\u00e8ric de costa a costa, 2.400 km d'experi\u00e8ncia en BTT","isPartOf":{"@id":"https:\/\/northiberianctc.com\/blog\/ca\/#website"},"datePublished":"2013-07-20T15:03:56+00:00","dateModified":"2013-10-16T12:38:32+00:00","description":"Guia pr\u00e0ctica i blog de viatge. Recorregut de 2.400 km en BTT pel nord de la Pen\u00ednsula Ib\u00e8rica, seguint la l\u00ednia de costa des del Mediterrani a l'Atl\u00e0ntic.","breadcrumb":{"@id":"https:\/\/northiberianctc.com\/blog\/ca\/#breadcrumb"},"inLanguage":"ca","potentialAction":[{"@type":"ReadAction","target":["https:\/\/northiberianctc.com\/blog\/ca\/"]}]},{"@type":"BreadcrumbList","@id":"https:\/\/northiberianctc.com\/blog\/ca\/#breadcrumb","itemListElement":[{"@type":"ListItem","position":1,"name":"Home","item":"https:\/\/northiberianctc.com\/blog\/ca\/"},{"@type":"ListItem","position":2,"name":"Inici"}]},{"@type":"WebSite","@id":"https:\/\/northiberianctc.com\/blog\/ca\/#website","url":"https:\/\/northiberianctc.com\/blog\/ca\/","name":"Nord Ib\u00e8ric de costa a costa","description":"Nord de la Pen\u00ednsula Ib\u00e8rica, 2.400 km d&#039;experi\u00e8ncia en bicicleta de muntanya","potentialAction":[{"@type":"SearchAction","target":{"@type":"EntryPoint","urlTemplate":"https:\/\/northiberianctc.com\/blog\/ca\/?s={search_term_string}"},"query-input":{"@type":"PropertyValueSpecification","valueRequired":true,"valueName":"search_term_string"}}],"inLanguage":"ca"}]}},"_links":{"self":[{"href":"https:\/\/northiberianctc.com\/blog\/ca\/index.php?rest_route=\/wp\/v2\/pages\/2"}],"collection":[{"href":"https:\/\/northiberianctc.com\/blog\/ca\/index.php?rest_route=\/wp\/v2\/pages"}],"about":[{"href":"https:\/\/northiberianctc.com\/blog\/ca\/index.php?rest_route=\/wp\/v2\/types\/page"}],"author":[{"embeddable":true,"href":"https:\/\/northiberianctc.com\/blog\/ca\/index.php?rest_route=\/wp\/v2\/users\/1"}],"replies":[{"embeddable":true,"href":"https:\/\/northiberianctc.com\/blog\/ca\/index.php?rest_route=%2Fwp%2Fv2%2Fcomments&post=2"}],"version-history":[{"count":30,"href":"https:\/\/northiberianctc.com\/blog\/ca\/index.php?rest_route=\/wp\/v2\/pages\/2\/revisions"}],"predecessor-version":[{"id":143,"href":"https:\/\/northiberianctc.com\/blog\/ca\/index.php?rest_route=\/wp\/v2\/pages\/2\/revisions\/143"}],"wp:attachment":[{"href":"https:\/\/northiberianctc.com\/blog\/ca\/index.php?rest_route=%2Fwp%2Fv2%2Fmedia&parent=2"}],"curies":[{"name":"wp","href":"https:\/\/api.w.org\/{rel}","templated":true}]}}