{"id":30,"date":"2013-08-07T18:41:00","date_gmt":"2013-08-07T18:41:00","guid":{"rendered":"http:\/\/northiberianctc.com\/blog\/ca\/?page_id=30"},"modified":"2013-10-01T16:48:44","modified_gmt":"2013-10-01T16:48:44","slug":"pirineus-de-navarra","status":"publish","type":"page","link":"https:\/\/northiberianctc.com\/blog\/ca\/?page_id=30","title":{"rendered":"Pirineus de Navarra"},"content":{"rendered":"<p>El tercer gran bloc territorial pel que passa la primera part de la nostra ruta ib\u00e8rica de costa a costa s\u00f3n els Pirineus de Navarra, regi\u00f3 de la que travessarem dues comarques d&#8217;administraci\u00f3 espanyola i una d&#8217;administraci\u00f3 francesa. Incloc el trosset de Pirineu de la Comunitat aut\u00f2noma del Pa\u00eds Basc en aquest bloc, ja que no es poden diferenciar un de l&#8217;altre en cap aspecte orogr\u00e0fic, cultural o clim\u00e0tic, i la part administrativa basca de la travessia transpirinenca \u00e9s tan minsa que no permet una descripci\u00f3 a banda.<\/p>\n<p>Els de Navarra s\u00f3n Pirineus bastant humits, i pel que fa als ciclistes de muntanya amb colls curts i amb un pendent molt fort, plens de senders poc ciclables en la part m\u00e9s oriental, que es van suavitzant quan ens acostem a Hondarribia.<\/p>\n<p>Navarra i Euskadi s\u00f3n indrets amb construccions arquitect\u00f2niques molt caracter\u00edstiques, amb casetes de pedra i teulades de pissarra que es reconeixen f\u00e0cilment tot just quan s&#8217;entra a Navarra.<\/p>\n<p><a title=\"Track GPS amb el recorregut complet pels Pirineus\" href=\"http:\/\/goo.gl\/UKpBIu\">Track GPS amb el recorregut complet pels Pirineus<\/a><\/p>\n<div style=\"margin: 0 auto 0 auto; width: 400px;\"><iframe loading=\"lazy\" src=\"https:\/\/ssl.panoramio.com\/wapi\/template\/photo.html?user=7124452&amp;tag=Navarra&amp;bgcolor=%23FFFFFF\" height=\"400\" width=\"500\" frameborder=\"0\" marginwidth=\"0\" marginheight=\"0\" scrolling=\"no\"><\/iframe><\/div>\n<p><strong>Etapes, clima i vegetaci\u00f3<\/strong><\/p>\n<p>Roncal, <em>Erronkariko ibaxa<\/em> en \u00e8uscar roncal\u00e8s, \u00e9s la primera vall que trobem quan arribem des d&#8217;Arag\u00f3, i el contrast \u00e9s gran ja que Roncal \u00e9s un indret molt pintoresc, d&#8217;ambient no gaire humit semblant a l&#8217;Arag\u00f3 i amb paisatges t\u00edpics d&#8217;alta muntanya configurats pel riu Esca i amb clima subalp\u00ed. Trobem concentracions de fagedes, roures i castanyers. En la nostra ruta, Isaba \u00e9s la poblaci\u00f3 m\u00e9s gran que ens trobarem quan travessem la comarca, i hi ha molts allotjaments diferents, per\u00f2 cap c\u00e0mping.<\/p>\n<p>Salazar,\u00a0 <em>Zaraitzu ibarra<\/em> en \u00e8uscar, \u00e9s la vall seg\u00fcent i tamb\u00e9 t\u00e9 un entorn espectacular, encara no gaire humit si ho comparem amb la seg\u00fcent comarca. S&#8217;ha de destacar molt especialment la Selva d&#8217;Irati, el bosc m\u00e9s gran de Navarra i territori protegit de faigs i avets, el qual travessa de dalt a baix el nostre recorregut. En l&#8217;etapa proposada pel dia que es passa per Irati, s&#8217;acaba fent nit a Orreaga, <em>Roncesvalles<\/em> en castell\u00e0, inici del <a title=\"Camins de Sant Jaume als Pirineus\" href=\"https:\/\/northiberianctc.com\/blog\/ca\/?page_id=41\">Cam\u00ed Franc\u00e8s de Sant Jaume<\/a>.<\/p>\n<p>Una mica abans d&#8217;arribar a Orreaga la travessia es torna molt humida i aquest ambient segueix quan es passa per la vall de Cinco Villas, Bortziriak en \u00e8uscar, i continuar\u00e0 baixant cap al Pa\u00eds Basc, ja amb una orografia m\u00e9s suau.<\/p>\n<p>La nostra travessia transpirinenca est\u00e0 inserida en una ruta m\u00e9s llarga que arriba a Donostia, una de les m\u00e9s emblem\u00e0tiques poblacions basques, lloc en el qual tamb\u00e9 finalitza la <em>Transpyr<\/em>, una cursa anual comercial de BTT que recorre els Pirineus amb criteris competitius, molt allunyats dels de la nostra ruta ciclotur\u00edstica per la Pen\u00ednsula Ib\u00e8rica de costa a costa.<\/p>\n<p><strong><strong><strong><strong><strong><strong><strong>Llista d\u2019etapes de la ruta ib\u00e8rica <\/strong><\/strong><\/strong><\/strong>pels<\/strong><\/strong>\u00a0Pirineus de Navarra<\/strong><\/p>\n<ul>\n<li><a title=\"Etapa 19\" href=\"https:\/\/northiberianctc.com\/blog\/ca\/?p=314\">Etapa 19: Hecho\u00a0\u2013 Izaba<\/a><\/li>\n<li><a title=\"etapa 20\" href=\"https:\/\/northiberianctc.com\/blog\/ca\/?p=321\">Etapa 20: Izaba \u2013 Orreaga\/Roncesvalles<\/a><\/li>\n<li><a title=\"etapa 21\" href=\"https:\/\/northiberianctc.com\/blog\/ca\/?p=330\">Etapa 21: Orreaga\/Roncesvalles \u2013 Etxalar<\/a><\/li>\n<li><a title=\"etapa 22\" href=\"https:\/\/northiberianctc.com\/blog\/ca\/?p=337\">Etapa 22: Etxalar \u2013 Bera \u2013 Hondarribia \u2013 Irun<\/a><\/li>\n<\/ul>\n","protected":false},"excerpt":{"rendered":"<p>El tercer gran bloc territorial pel que passa la primera part de la nostra ruta ib\u00e8rica de costa a costa s\u00f3n els Pirineus de Navarra, regi\u00f3 de la que travessarem dues comarques d&#8217;administraci\u00f3 espanyola i una d&#8217;administraci\u00f3 francesa. Incloc el trosset de Pirineu de la Comunitat aut\u00f2noma del Pa\u00eds Basc en aquest bloc, ja que [&hellip;]<\/p>\n","protected":false},"author":1,"featured_media":0,"parent":0,"menu_order":0,"comment_status":"open","ping_status":"open","template":"page-templates\/full-width.php","meta":{"footnotes":""},"yoast_head":"<!-- This site is optimized with the Yoast SEO plugin v24.5 - https:\/\/yoast.com\/wordpress\/plugins\/seo\/ -->\n<title>Pirineus de Navarra - Nord Ib\u00e8ric de costa a costa<\/title>\n<meta name=\"robots\" content=\"index, follow, max-snippet:-1, max-image-preview:large, max-video-preview:-1\" \/>\n<link rel=\"canonical\" href=\"https:\/\/northiberianctc.com\/blog\/ca\/?page_id=30\" \/>\n<meta property=\"og:locale\" content=\"ca_ES\" \/>\n<meta property=\"og:type\" content=\"article\" \/>\n<meta property=\"og:title\" content=\"Pirineus de Navarra - Nord Ib\u00e8ric de costa a costa\" \/>\n<meta property=\"og:description\" content=\"El tercer gran bloc territorial pel que passa la primera part de la nostra ruta ib\u00e8rica de costa a costa s\u00f3n els Pirineus de Navarra, regi\u00f3 de la que travessarem dues comarques d&#8217;administraci\u00f3 espanyola i una d&#8217;administraci\u00f3 francesa. Incloc el trosset de Pirineu de la Comunitat aut\u00f2noma del Pa\u00eds Basc en aquest bloc, ja que [&hellip;]\" \/>\n<meta property=\"og:url\" content=\"https:\/\/northiberianctc.com\/blog\/ca\/?page_id=30\" \/>\n<meta property=\"og:site_name\" content=\"Nord Ib\u00e8ric de costa a costa\" \/>\n<meta property=\"article:modified_time\" content=\"2013-10-01T16:48:44+00:00\" \/>\n<meta name=\"twitter:label1\" content=\"Temps estimat de lectura\" \/>\n\t<meta name=\"twitter:data1\" content=\"2 minuts\" \/>\n<script type=\"application\/ld+json\" class=\"yoast-schema-graph\">{\"@context\":\"https:\/\/schema.org\",\"@graph\":[{\"@type\":\"WebPage\",\"@id\":\"https:\/\/northiberianctc.com\/blog\/ca\/?page_id=30\",\"url\":\"https:\/\/northiberianctc.com\/blog\/ca\/?page_id=30\",\"name\":\"Pirineus de Navarra - Nord Ib\u00e8ric de costa a costa\",\"isPartOf\":{\"@id\":\"https:\/\/northiberianctc.com\/blog\/ca\/#website\"},\"datePublished\":\"2013-08-07T18:41:00+00:00\",\"dateModified\":\"2013-10-01T16:48:44+00:00\",\"breadcrumb\":{\"@id\":\"https:\/\/northiberianctc.com\/blog\/ca\/?page_id=30#breadcrumb\"},\"inLanguage\":\"ca\",\"potentialAction\":[{\"@type\":\"ReadAction\",\"target\":[\"https:\/\/northiberianctc.com\/blog\/ca\/?page_id=30\"]}]},{\"@type\":\"BreadcrumbList\",\"@id\":\"https:\/\/northiberianctc.com\/blog\/ca\/?page_id=30#breadcrumb\",\"itemListElement\":[{\"@type\":\"ListItem\",\"position\":1,\"name\":\"Home\",\"item\":\"https:\/\/northiberianctc.com\/blog\/ca\/\"},{\"@type\":\"ListItem\",\"position\":2,\"name\":\"Pirineus de Navarra\"}]},{\"@type\":\"WebSite\",\"@id\":\"https:\/\/northiberianctc.com\/blog\/ca\/#website\",\"url\":\"https:\/\/northiberianctc.com\/blog\/ca\/\",\"name\":\"Nord Ib\u00e8ric de costa a costa\",\"description\":\"Nord de la Pen\u00ednsula Ib\u00e8rica, 2.400 km d&#039;experi\u00e8ncia en bicicleta de muntanya\",\"potentialAction\":[{\"@type\":\"SearchAction\",\"target\":{\"@type\":\"EntryPoint\",\"urlTemplate\":\"https:\/\/northiberianctc.com\/blog\/ca\/?s={search_term_string}\"},\"query-input\":{\"@type\":\"PropertyValueSpecification\",\"valueRequired\":true,\"valueName\":\"search_term_string\"}}],\"inLanguage\":\"ca\"}]}<\/script>\n<!-- \/ Yoast SEO plugin. -->","yoast_head_json":{"title":"Pirineus de Navarra - Nord Ib\u00e8ric de costa a costa","robots":{"index":"index","follow":"follow","max-snippet":"max-snippet:-1","max-image-preview":"max-image-preview:large","max-video-preview":"max-video-preview:-1"},"canonical":"https:\/\/northiberianctc.com\/blog\/ca\/?page_id=30","og_locale":"ca_ES","og_type":"article","og_title":"Pirineus de Navarra - Nord Ib\u00e8ric de costa a costa","og_description":"El tercer gran bloc territorial pel que passa la primera part de la nostra ruta ib\u00e8rica de costa a costa s\u00f3n els Pirineus de Navarra, regi\u00f3 de la que travessarem dues comarques d&#8217;administraci\u00f3 espanyola i una d&#8217;administraci\u00f3 francesa. Incloc el trosset de Pirineu de la Comunitat aut\u00f2noma del Pa\u00eds Basc en aquest bloc, ja que [&hellip;]","og_url":"https:\/\/northiberianctc.com\/blog\/ca\/?page_id=30","og_site_name":"Nord Ib\u00e8ric de costa a costa","article_modified_time":"2013-10-01T16:48:44+00:00","twitter_misc":{"Temps estimat de lectura":"2 minuts"},"schema":{"@context":"https:\/\/schema.org","@graph":[{"@type":"WebPage","@id":"https:\/\/northiberianctc.com\/blog\/ca\/?page_id=30","url":"https:\/\/northiberianctc.com\/blog\/ca\/?page_id=30","name":"Pirineus de Navarra - Nord Ib\u00e8ric de costa a costa","isPartOf":{"@id":"https:\/\/northiberianctc.com\/blog\/ca\/#website"},"datePublished":"2013-08-07T18:41:00+00:00","dateModified":"2013-10-01T16:48:44+00:00","breadcrumb":{"@id":"https:\/\/northiberianctc.com\/blog\/ca\/?page_id=30#breadcrumb"},"inLanguage":"ca","potentialAction":[{"@type":"ReadAction","target":["https:\/\/northiberianctc.com\/blog\/ca\/?page_id=30"]}]},{"@type":"BreadcrumbList","@id":"https:\/\/northiberianctc.com\/blog\/ca\/?page_id=30#breadcrumb","itemListElement":[{"@type":"ListItem","position":1,"name":"Home","item":"https:\/\/northiberianctc.com\/blog\/ca\/"},{"@type":"ListItem","position":2,"name":"Pirineus de Navarra"}]},{"@type":"WebSite","@id":"https:\/\/northiberianctc.com\/blog\/ca\/#website","url":"https:\/\/northiberianctc.com\/blog\/ca\/","name":"Nord Ib\u00e8ric de costa a costa","description":"Nord de la Pen\u00ednsula Ib\u00e8rica, 2.400 km d&#039;experi\u00e8ncia en bicicleta de muntanya","potentialAction":[{"@type":"SearchAction","target":{"@type":"EntryPoint","urlTemplate":"https:\/\/northiberianctc.com\/blog\/ca\/?s={search_term_string}"},"query-input":{"@type":"PropertyValueSpecification","valueRequired":true,"valueName":"search_term_string"}}],"inLanguage":"ca"}]}},"_links":{"self":[{"href":"https:\/\/northiberianctc.com\/blog\/ca\/index.php?rest_route=\/wp\/v2\/pages\/30"}],"collection":[{"href":"https:\/\/northiberianctc.com\/blog\/ca\/index.php?rest_route=\/wp\/v2\/pages"}],"about":[{"href":"https:\/\/northiberianctc.com\/blog\/ca\/index.php?rest_route=\/wp\/v2\/types\/page"}],"author":[{"embeddable":true,"href":"https:\/\/northiberianctc.com\/blog\/ca\/index.php?rest_route=\/wp\/v2\/users\/1"}],"replies":[{"embeddable":true,"href":"https:\/\/northiberianctc.com\/blog\/ca\/index.php?rest_route=%2Fwp%2Fv2%2Fcomments&post=30"}],"version-history":[{"count":16,"href":"https:\/\/northiberianctc.com\/blog\/ca\/index.php?rest_route=\/wp\/v2\/pages\/30\/revisions"}],"predecessor-version":[{"id":88,"href":"https:\/\/northiberianctc.com\/blog\/ca\/index.php?rest_route=\/wp\/v2\/pages\/30\/revisions\/88"}],"wp:attachment":[{"href":"https:\/\/northiberianctc.com\/blog\/ca\/index.php?rest_route=%2Fwp%2Fv2%2Fmedia&parent=30"}],"curies":[{"name":"wp","href":"https:\/\/api.w.org\/{rel}","templated":true}]}}