{"id":34,"date":"2013-08-07T18:41:25","date_gmt":"2013-08-07T18:41:25","guid":{"rendered":"http:\/\/northiberianctc.com\/blog\/ca\/?page_id=34"},"modified":"2013-10-01T15:19:54","modified_gmt":"2013-10-01T15:19:54","slug":"cantabria","status":"publish","type":"page","link":"https:\/\/northiberianctc.com\/blog\/ca\/?page_id=34","title":{"rendered":"Cant\u00e0bria"},"content":{"rendered":"<p>Arribarem a Cantabria des de la poblaci\u00f3 basca de Muskiz, seguint el litoral i tamb\u00e9 el recorregut per la costa de camins i carreteres, lleugerament modificat, del Cam\u00ed de Sant Jaume del Nord.<\/p>\n<p>Cantabria \u00e9s una comunitat aut\u00f2noma espanyola de distribuci\u00f3 uniprovincial. En el per\u00edmetre costaner Cantabria t\u00e9 una longitud similar a la de la Comunitat Aut\u00f2noma Basca.\u00a0 <strong>Recorrerem 177 km<\/strong> per tota la costa de Cantabria i passarem pel mig de la seva capital, Santander.<\/p>\n<p><a title=\"Track GPS amb el recorregut complet per Cant\u00e0bria\" href=\"http:\/\/goo.gl\/oahcUl\"><strong>Track GPS amb el recorregut complet per Cant\u00e0bria<\/strong><\/a><\/p>\n<p>&nbsp;<\/p>\n<div style=\"margin: 0 auto 0 auto; width: 400px;\"><iframe loading=\"lazy\" src=\"https:\/\/ssl.panoramio.com\/wapi\/template\/photo.html?user=7124452&amp;tag=Cantabria&amp;bgcolor=%23FFFFFF\" height=\"400\" width=\"500\" frameborder=\"0\" marginwidth=\"0\" marginheight=\"0\" scrolling=\"no\"><\/iframe><\/div>\n<p>&nbsp;<\/p>\n<p><strong>Climatologia<\/strong><\/p>\n<p>El clima que trobarem, en general, ser\u00e0 oce\u00e0nic temperat a la costa, i mediterrani en alguns punts de l&#8217;interior muntany\u00f3s. Ja que no anirem cap a les muntanyes del sud de Cantabria no caldr\u00e0 patir pel fred o la calor, nom\u00e9s tenir en compte que el temps ser\u00e0 sempre humit i les temperatures es mantindran al voltant dels 14\u00b0C.<\/p>\n<p><strong>Etapes i desnivells<\/strong><\/p>\n<p>La ruta per la costa de Cantabria es pot estructurar de manera molt flexible, ja que no cal configurar etapes tenint en compte altures i ports, perqu\u00e8 els desnivells s\u00f3n com a molt de 150 m. Aprofitant els tracks GPS d&#8217;aquest web es podrien fer tranquil\u00b7lament tres etapes de 60 km i tenir temps suficient per veure tot el que val la pena des d&#8217;un punt de vista paisatg\u00edstic o d&#8217;inter\u00e8s s\u00f2ciocultural.<\/p>\n<p>El recorregut proposat segueix paral\u00b7lel a la l\u00ednia de costa per\u00f2 veurem la mar a prop nom\u00e9s durant el 50% del recorregut, ja que la resta de camins i carreteres secund\u00e0ries s\u00f3n per les muntanyetes litorals i no passen per la platja. El recorregut mixt mar-muntanya d&#8217;una banda ens permetr\u00e0 con\u00e8ixer indrets i poblacions que passen desapercebudes als turistes litorals, i d&#8217;altra banda facilitar\u00e0 que puguem seguir l&#8217;actual Cam\u00ed de Sant Jaume i aprofitar, si volem, la xarxa d&#8217;albergs i altres allotjaments destinats a pelegrins o per a turistes no motoritzats.<\/p>\n<p>Malgrat Cantabria \u00e9s una prov\u00edncia bastant petita, la nostra ruta de la costa passa per molts llocs emblem\u00e0tics de la pintura rupestre i jaciments arqueol\u00f2gics prehist\u00f2rics, com ara els museus i centres d&#8217;interpretaci\u00f3 al voltant de les pintures de la Cueva de Altamira a Santillana, la Cueva de la Fuente del Sal\u00edn a Unquera, etc., o indrets d&#8217;inter\u00e8s urban\u00edstic, com ara la ciutat de Comillas o la vila medieval de Santillana.<\/p>\n<p>Si seguiu les etapes marcades del viatge, amb els seus tracks com a guia, podeu rec\u00f3rrer Cantabria sense pressa en uns cinc dies, per\u00f2 tamb\u00e9 us facilito un track \u00fanic de Cantabria, per tal que tingueu una \u00fanica ruta i feu les etapes que vulgueu.<\/p>\n<p><strong>Variacions alternatives de les etapes<\/strong><\/p>\n<p>Una variaci\u00f3 curiosa, per\u00f2 curta, del recorregut del Cam\u00ed de Sant Jaume \u00e9s la que deixo en el track de G\u00fcemes a Santander per\u00f2 passant per la costa, ja que el meu track inicial (el que inclou tota Cantabria) no contemplava passar pels poblets de costa despr\u00e9s de G\u00fcemes. Nom\u00e9s s\u00f3n 12 km extra respecte el tra\u00e7at inicial, per\u00f2 val la pena allunyar-se una mica de la carretera general per acabar igualment arribant a Santander amb la barca de pas que agafarem a Somo.<\/p>\n<p>Una altra \u00e9s la que pret\u00e9n evitar un tomb de 6 km. que haurem de fer per arribar al pont del riu Pas per la ruta Boo de Pi\u00e9lagos-Oru\u00f1a-Mogro. Ens ho podem saltar agafant el tren FEVE a Boo de Pi\u00e9lagos i baixant a l&#8217;estaci\u00f3 seg\u00fcent, que ser\u00e0 Mogro. Tamb\u00e9 podrieu baixar a Requejada i us estalviareu passar per la desembocadura del riu Saja i un tomb total de 17 km.<\/p>\n<p><strong><strong>Llista d\u2019etapes de la ruta ib\u00e8rica per<\/strong> Cant\u00e0bria<br \/>\n<\/strong><\/p>\n<ul>\n<li><a title=\"etapa 27\" href=\"https:\/\/northiberianctc.com\/blog\/ca\/?p=374\">Etapa 27: Castro Urdiales \u2013 G\u00fcemes<\/a><\/li>\n<li><a title=\"etapa 28\" href=\"https:\/\/northiberianctc.com\/blog\/ca\/?p=380\">Etapa 28: G\u00fcemes \u2013 Loredo \u2013 Santander \u2013 San Vicente de la Barquera<\/a><\/li>\n<li><a title=\"etapa 29\" href=\"https:\/\/northiberianctc.com\/blog\/ca\/?p=384\">Etapa 29: San Vicente de la Barquera \u2013 Colombres<\/a><\/li>\n<\/ul>\n","protected":false},"excerpt":{"rendered":"<p>Arribarem a Cantabria des de la poblaci\u00f3 basca de Muskiz, seguint el litoral i tamb\u00e9 el recorregut per la costa de camins i carreteres, lleugerament modificat, del Cam\u00ed de Sant Jaume del Nord. Cantabria \u00e9s una comunitat aut\u00f2noma espanyola de distribuci\u00f3 uniprovincial. En el per\u00edmetre costaner Cantabria t\u00e9 una longitud similar a la de la [&hellip;]<\/p>\n","protected":false},"author":1,"featured_media":0,"parent":0,"menu_order":0,"comment_status":"open","ping_status":"open","template":"page-templates\/full-width.php","meta":{"footnotes":""},"yoast_head":"<!-- This site is optimized with the Yoast SEO plugin v24.5 - https:\/\/yoast.com\/wordpress\/plugins\/seo\/ -->\n<title>Cant\u00e0bria - Nord Ib\u00e8ric de costa a costa<\/title>\n<meta name=\"robots\" content=\"index, follow, max-snippet:-1, max-image-preview:large, max-video-preview:-1\" \/>\n<link rel=\"canonical\" href=\"https:\/\/northiberianctc.com\/blog\/ca\/?page_id=34\" \/>\n<meta property=\"og:locale\" content=\"ca_ES\" \/>\n<meta property=\"og:type\" content=\"article\" \/>\n<meta property=\"og:title\" content=\"Cant\u00e0bria - Nord Ib\u00e8ric de costa a costa\" \/>\n<meta property=\"og:description\" content=\"Arribarem a Cantabria des de la poblaci\u00f3 basca de Muskiz, seguint el litoral i tamb\u00e9 el recorregut per la costa de camins i carreteres, lleugerament modificat, del Cam\u00ed de Sant Jaume del Nord. Cantabria \u00e9s una comunitat aut\u00f2noma espanyola de distribuci\u00f3 uniprovincial. En el per\u00edmetre costaner Cantabria t\u00e9 una longitud similar a la de la [&hellip;]\" \/>\n<meta property=\"og:url\" content=\"https:\/\/northiberianctc.com\/blog\/ca\/?page_id=34\" \/>\n<meta property=\"og:site_name\" content=\"Nord Ib\u00e8ric de costa a costa\" \/>\n<meta property=\"article:modified_time\" content=\"2013-10-01T15:19:54+00:00\" \/>\n<meta name=\"twitter:label1\" content=\"Temps estimat de lectura\" \/>\n\t<meta name=\"twitter:data1\" content=\"3 minuts\" \/>\n<script type=\"application\/ld+json\" class=\"yoast-schema-graph\">{\"@context\":\"https:\/\/schema.org\",\"@graph\":[{\"@type\":\"WebPage\",\"@id\":\"https:\/\/northiberianctc.com\/blog\/ca\/?page_id=34\",\"url\":\"https:\/\/northiberianctc.com\/blog\/ca\/?page_id=34\",\"name\":\"Cant\u00e0bria - Nord Ib\u00e8ric de costa a costa\",\"isPartOf\":{\"@id\":\"https:\/\/northiberianctc.com\/blog\/ca\/#website\"},\"datePublished\":\"2013-08-07T18:41:25+00:00\",\"dateModified\":\"2013-10-01T15:19:54+00:00\",\"breadcrumb\":{\"@id\":\"https:\/\/northiberianctc.com\/blog\/ca\/?page_id=34#breadcrumb\"},\"inLanguage\":\"ca\",\"potentialAction\":[{\"@type\":\"ReadAction\",\"target\":[\"https:\/\/northiberianctc.com\/blog\/ca\/?page_id=34\"]}]},{\"@type\":\"BreadcrumbList\",\"@id\":\"https:\/\/northiberianctc.com\/blog\/ca\/?page_id=34#breadcrumb\",\"itemListElement\":[{\"@type\":\"ListItem\",\"position\":1,\"name\":\"Home\",\"item\":\"https:\/\/northiberianctc.com\/blog\/ca\/\"},{\"@type\":\"ListItem\",\"position\":2,\"name\":\"Cant\u00e0bria\"}]},{\"@type\":\"WebSite\",\"@id\":\"https:\/\/northiberianctc.com\/blog\/ca\/#website\",\"url\":\"https:\/\/northiberianctc.com\/blog\/ca\/\",\"name\":\"Nord Ib\u00e8ric de costa a costa\",\"description\":\"Nord de la Pen\u00ednsula Ib\u00e8rica, 2.400 km d&#039;experi\u00e8ncia en bicicleta de muntanya\",\"potentialAction\":[{\"@type\":\"SearchAction\",\"target\":{\"@type\":\"EntryPoint\",\"urlTemplate\":\"https:\/\/northiberianctc.com\/blog\/ca\/?s={search_term_string}\"},\"query-input\":{\"@type\":\"PropertyValueSpecification\",\"valueRequired\":true,\"valueName\":\"search_term_string\"}}],\"inLanguage\":\"ca\"}]}<\/script>\n<!-- \/ Yoast SEO plugin. -->","yoast_head_json":{"title":"Cant\u00e0bria - Nord Ib\u00e8ric de costa a costa","robots":{"index":"index","follow":"follow","max-snippet":"max-snippet:-1","max-image-preview":"max-image-preview:large","max-video-preview":"max-video-preview:-1"},"canonical":"https:\/\/northiberianctc.com\/blog\/ca\/?page_id=34","og_locale":"ca_ES","og_type":"article","og_title":"Cant\u00e0bria - Nord Ib\u00e8ric de costa a costa","og_description":"Arribarem a Cantabria des de la poblaci\u00f3 basca de Muskiz, seguint el litoral i tamb\u00e9 el recorregut per la costa de camins i carreteres, lleugerament modificat, del Cam\u00ed de Sant Jaume del Nord. Cantabria \u00e9s una comunitat aut\u00f2noma espanyola de distribuci\u00f3 uniprovincial. En el per\u00edmetre costaner Cantabria t\u00e9 una longitud similar a la de la [&hellip;]","og_url":"https:\/\/northiberianctc.com\/blog\/ca\/?page_id=34","og_site_name":"Nord Ib\u00e8ric de costa a costa","article_modified_time":"2013-10-01T15:19:54+00:00","twitter_misc":{"Temps estimat de lectura":"3 minuts"},"schema":{"@context":"https:\/\/schema.org","@graph":[{"@type":"WebPage","@id":"https:\/\/northiberianctc.com\/blog\/ca\/?page_id=34","url":"https:\/\/northiberianctc.com\/blog\/ca\/?page_id=34","name":"Cant\u00e0bria - Nord Ib\u00e8ric de costa a costa","isPartOf":{"@id":"https:\/\/northiberianctc.com\/blog\/ca\/#website"},"datePublished":"2013-08-07T18:41:25+00:00","dateModified":"2013-10-01T15:19:54+00:00","breadcrumb":{"@id":"https:\/\/northiberianctc.com\/blog\/ca\/?page_id=34#breadcrumb"},"inLanguage":"ca","potentialAction":[{"@type":"ReadAction","target":["https:\/\/northiberianctc.com\/blog\/ca\/?page_id=34"]}]},{"@type":"BreadcrumbList","@id":"https:\/\/northiberianctc.com\/blog\/ca\/?page_id=34#breadcrumb","itemListElement":[{"@type":"ListItem","position":1,"name":"Home","item":"https:\/\/northiberianctc.com\/blog\/ca\/"},{"@type":"ListItem","position":2,"name":"Cant\u00e0bria"}]},{"@type":"WebSite","@id":"https:\/\/northiberianctc.com\/blog\/ca\/#website","url":"https:\/\/northiberianctc.com\/blog\/ca\/","name":"Nord Ib\u00e8ric de costa a costa","description":"Nord de la Pen\u00ednsula Ib\u00e8rica, 2.400 km d&#039;experi\u00e8ncia en bicicleta de muntanya","potentialAction":[{"@type":"SearchAction","target":{"@type":"EntryPoint","urlTemplate":"https:\/\/northiberianctc.com\/blog\/ca\/?s={search_term_string}"},"query-input":{"@type":"PropertyValueSpecification","valueRequired":true,"valueName":"search_term_string"}}],"inLanguage":"ca"}]}},"_links":{"self":[{"href":"https:\/\/northiberianctc.com\/blog\/ca\/index.php?rest_route=\/wp\/v2\/pages\/34"}],"collection":[{"href":"https:\/\/northiberianctc.com\/blog\/ca\/index.php?rest_route=\/wp\/v2\/pages"}],"about":[{"href":"https:\/\/northiberianctc.com\/blog\/ca\/index.php?rest_route=\/wp\/v2\/types\/page"}],"author":[{"embeddable":true,"href":"https:\/\/northiberianctc.com\/blog\/ca\/index.php?rest_route=\/wp\/v2\/users\/1"}],"replies":[{"embeddable":true,"href":"https:\/\/northiberianctc.com\/blog\/ca\/index.php?rest_route=%2Fwp%2Fv2%2Fcomments&post=34"}],"version-history":[{"count":16,"href":"https:\/\/northiberianctc.com\/blog\/ca\/index.php?rest_route=\/wp\/v2\/pages\/34\/revisions"}],"predecessor-version":[{"id":641,"href":"https:\/\/northiberianctc.com\/blog\/ca\/index.php?rest_route=\/wp\/v2\/pages\/34\/revisions\/641"}],"wp:attachment":[{"href":"https:\/\/northiberianctc.com\/blog\/ca\/index.php?rest_route=%2Fwp%2Fv2%2Fmedia&parent=34"}],"curies":[{"name":"wp","href":"https:\/\/api.w.org\/{rel}","templated":true}]}}