{"id":36,"date":"2013-08-07T18:41:37","date_gmt":"2013-08-07T18:41:37","guid":{"rendered":"http:\/\/northiberianctc.com\/blog\/ca\/?page_id=36"},"modified":"2013-10-01T15:01:36","modified_gmt":"2013-10-01T15:01:36","slug":"asturies","status":"publish","type":"page","link":"https:\/\/northiberianctc.com\/blog\/ca\/?page_id=36","title":{"rendered":"Ast\u00faries"},"content":{"rendered":"<p>La pen\u00faltima regi\u00f3 del nostre viatge \u00e9s Ast\u00faries, una altra prov\u00edncia espanyola que alhora \u00e9s una comunitat aut\u00f2noma hist\u00f2rica i amb llengua pr\u00f2pia d&#8217;arrel llatina: el bable.<\/p>\n<p>Ast\u00faries \u00e9s una comunitat amb uns 300 km de longitud, per\u00f2 la nostra ruta pel nord ib\u00e8ric segueix de prop la costa, de manera que al final <strong>n&#8217;haurem recorregut uns 330 fins a Galicia<\/strong> des del pont que separa Unquera (Cantabria) de Bustio (Ast\u00faries).<\/p>\n<p><a title=\"Track GPS d'Asturias\" href=\"http:\/\/goo.gl\/wCa9k3\"><strong>Track GPS amb el recorregut complet per Ast\u00faries<\/strong><\/a><\/p>\n<div style=\"margin: 0 auto 0 auto; width: 400px;\"><iframe loading=\"lazy\" src=\"https:\/\/ssl.panoramio.com\/wapi\/template\/photo.html?user=7124452&amp;tag=Asturias&amp;bgcolor=%23FFFFFF\" height=\"400\" width=\"500\" frameborder=\"0\" marginwidth=\"0\" marginheight=\"0\" scrolling=\"no\"><\/iframe><\/div>\n<p>&nbsp;<\/p>\n<p><strong>Emigraci\u00f3 americana i evid\u00e8ncies indianes<\/strong><\/p>\n<p>Ast\u00faries \u00e9s una cultura d&#8217;emigraci\u00f3, que ha vist partir milers de persones cap als cinc continents, per\u00f2 especialment a Am\u00e8rica, durant els darrers dos-cents anys. Molts dels emigrants van tornar a Ast\u00faries i hi van deixar evid\u00e8ncies en forma d&#8217;edificis, innovaci\u00f3 tecnol\u00f2gica, inversions pel desenvolupament, etc.\u00a0 Se&#8217;ls va anomenar <strong><em>indians<\/em><\/strong>.<\/p>\n<p>Qui aspiri a tenir una visi\u00f3 m\u00e9s completa del poble asturi\u00e0, que s&#8217;escapi als clix\u00e9s tur\u00edstics tradicionals, pot trobar tota mena d&#8217;oportunitats per saber-ne m\u00e9s de l&#8217;emigraci\u00f3 i del paper dels indians en l&#8217;Ast\u00faries dels segles XIX i XX. Una bona manera de con\u00e8ixer la hist\u00f2ria dels emigrants \u00e9s visitar l&#8217;Arxiu d&#8217;Indians, de Colombres, o voltar per les poblacions costaneres que van veure marxar i tornar bona part dels seus habitants, com Cand\u00e0s o Llanes.<\/p>\n<p>Web de l&#8217;Arxiu d&#8217;Indians (nom\u00e9s en castell\u00e0): <a title=\"Archivo de indianos\" href=\"http:\/\/www.archivodeindianos.es\/\">http:\/\/www.archivodeindianos.es\/<\/a><\/p>\n<p><strong>Climatologia<\/strong><\/p>\n<p>Igual que a Cantabria, el clima asturi\u00e0 \u00e9s oce\u00e0nic i temperat, de manera que les temperatures seran estables i no far\u00e0 mai molt de fred ni molta calor, com a molt 25\u00baC. \u00c9s humit i sovint cau l&#8217;<em>orbayu<\/em>, una pluja fineta i persistent. Com a Cantabria, ja que no ens mourem de l&#8217;\u00e0mbit d&#8217;influ\u00e8ncia costaner no cal preveure canvis de temps sobtats ni condicions extremes en cap moment.<\/p>\n<p><strong>Variacions del Cam\u00ed de Sant Jaume<\/strong><\/p>\n<p>El tra\u00e7at que farem per Ast\u00faries en BTT tamb\u00e9 recorre la costa i m\u00e9s o menys en paral\u00b7lel al Cam\u00ed de Sant Jaume en bona part, per\u00f2 el nostre recorregut ib\u00e8ric nord com a m\u00ednim fa 55 km. extraordinaris respecte el tradicional Camino, bastant m\u00e9s d&#8217;interior que el nostre.<\/p>\n<p>Les raons s\u00f3n que, d&#8217;una banda, entre Xixon i Avil\u00e9s evitem el recorregut recte que connecta aquestes ciutats per zones de gran inter\u00e8s urb\u00e0 i comercial, per\u00f2 sense gran valor paisatg\u00edstic. D&#8217;altra banda, ens permetem passar per poblets molt coneguts pels asturians i gallecs, per\u00f2 als quals no arriba gaire turisme ecol\u00f2gic procedent del Cam\u00ed de Sant Jaume. Tindrem l&#8217;oportunitat de veure Luanco, Cand\u00e1s i el far i la ria d&#8217;Avil\u00e9s, espais als que dif\u00edcilment arriben els turistes convencionals o els pelegrins.<\/p>\n<p>Quan entrem a la costa gallega tindrem dues opcions, clarament diferenciades. Per una banda, podem seguir l&#8217;itinerari proposat i anar per carreteres fent el tram Castropol-Veiga-Ribadeo, o sigui el que sempre s&#8217;havia fet per cam\u00ed o carretera per entrar a Gal\u00edcia per la costa d&#8217;Ast\u00faries, evitant creuar la ria de Ribadeo i passant la frontera intercomuit\u00e0ria a 10 km. de la costa. Aquest recorregut t\u00e9 uns 22 km.\u00a0 La segona opci\u00f3 \u00e9s anar fins al moll de Castropol i agafar una barqueta taxi (a Recursos hi he deixat un tel\u00e8fon de contacte), de manera que el recorregut total, incl\u00f2s creuar la ria en barca, \u00e9s de 4 km. Deixo un <a title=\"Track GPS del pas Castropol-Ribadeo per mar\" href=\"http:\/\/goo.gl\/ZpC2ux\"><strong>track del pas Castropol-Ribadeo per mar<\/strong><\/a>.<\/p>\n<p><strong>Allotjaments<\/strong><\/p>\n<p>Malgrat aquesta desviaci\u00f3 al nord, la ruta permet aprofitar la xarxa d&#8217;allotjaments del Cam\u00ed de Sant Jaume, que a Ast\u00faries \u00e9s molt completa i en cas de no voler utilitzar els albergs p\u00fablics, les persones que disposen d&#8217;una credencial de pelegr\u00ed poden accedir a preus rebaixats en moltes poblacions i en diferents tipus d&#8217;establiments: pensions, albergs, hotels, etc.<\/p>\n<p><strong>Llista d&#8217;etapes de la ruta ib\u00e8rica per Ast\u00faries<\/strong><\/p>\n<ul>\n<li><a title=\"etapa 30\" href=\"https:\/\/northiberianctc.com\/blog\/ca\/?p=389\">Etapa 30: Colombres \u2013 San Esteban de Leces<\/a><\/li>\n<li><a title=\"etapa 31\" href=\"https:\/\/northiberianctc.com\/blog\/ca\/?p=393\">Etapa 31: San Esteban de Leces \u2013 Deva<\/a><\/li>\n<li><a title=\"etapa 32\" href=\"https:\/\/northiberianctc.com\/blog\/ca\/?p=397\">Etapa 32: Deva \u2013 Avil\u00e9s<\/a><\/li>\n<li><a title=\"etapa 33\" href=\"https:\/\/northiberianctc.com\/blog\/ca\/?p=402\">Etapa 33: Avil\u00e9s \u2013 Soto de Lui\u00f1a<\/a><\/li>\n<li><a title=\"etapa 34\" href=\"https:\/\/northiberianctc.com\/blog\/ca\/?p=406\">Etapa 34: Soto de Lui\u00f1a \u2013 Pi\u00f1era<\/a><\/li>\n<li><a title=\"etapa 35\" href=\"https:\/\/northiberianctc.com\/blog\/ca\/?p=410\">Etapa 35: Pi\u00f1era \u2013 Castropol \u2013 Ribadeo<\/a><\/li>\n<\/ul>\n<p>&nbsp;<\/p>\n","protected":false},"excerpt":{"rendered":"<p>La pen\u00faltima regi\u00f3 del nostre viatge \u00e9s Ast\u00faries, una altra prov\u00edncia espanyola que alhora \u00e9s una comunitat aut\u00f2noma hist\u00f2rica i amb llengua pr\u00f2pia d&#8217;arrel llatina: el bable. Ast\u00faries \u00e9s una comunitat amb uns 300 km de longitud, per\u00f2 la nostra ruta pel nord ib\u00e8ric segueix de prop la costa, de manera que al final n&#8217;haurem [&hellip;]<\/p>\n","protected":false},"author":1,"featured_media":0,"parent":0,"menu_order":0,"comment_status":"open","ping_status":"open","template":"page-templates\/full-width.php","meta":{"footnotes":""},"yoast_head":"<!-- This site is optimized with the Yoast SEO plugin v24.5 - https:\/\/yoast.com\/wordpress\/plugins\/seo\/ -->\n<title>Ast\u00faries - Nord Ib\u00e8ric de costa a costa<\/title>\n<meta name=\"robots\" content=\"index, follow, max-snippet:-1, max-image-preview:large, max-video-preview:-1\" \/>\n<link rel=\"canonical\" href=\"https:\/\/northiberianctc.com\/blog\/ca\/?page_id=36\" \/>\n<meta property=\"og:locale\" content=\"ca_ES\" \/>\n<meta property=\"og:type\" content=\"article\" \/>\n<meta property=\"og:title\" content=\"Ast\u00faries - Nord Ib\u00e8ric de costa a costa\" \/>\n<meta property=\"og:description\" content=\"La pen\u00faltima regi\u00f3 del nostre viatge \u00e9s Ast\u00faries, una altra prov\u00edncia espanyola que alhora \u00e9s una comunitat aut\u00f2noma hist\u00f2rica i amb llengua pr\u00f2pia d&#8217;arrel llatina: el bable. Ast\u00faries \u00e9s una comunitat amb uns 300 km de longitud, per\u00f2 la nostra ruta pel nord ib\u00e8ric segueix de prop la costa, de manera que al final n&#8217;haurem [&hellip;]\" \/>\n<meta property=\"og:url\" content=\"https:\/\/northiberianctc.com\/blog\/ca\/?page_id=36\" \/>\n<meta property=\"og:site_name\" content=\"Nord Ib\u00e8ric de costa a costa\" \/>\n<meta property=\"article:modified_time\" content=\"2013-10-01T15:01:36+00:00\" \/>\n<meta name=\"twitter:label1\" content=\"Temps estimat de lectura\" \/>\n\t<meta name=\"twitter:data1\" content=\"3 minuts\" \/>\n<script type=\"application\/ld+json\" class=\"yoast-schema-graph\">{\"@context\":\"https:\/\/schema.org\",\"@graph\":[{\"@type\":\"WebPage\",\"@id\":\"https:\/\/northiberianctc.com\/blog\/ca\/?page_id=36\",\"url\":\"https:\/\/northiberianctc.com\/blog\/ca\/?page_id=36\",\"name\":\"Ast\u00faries - Nord Ib\u00e8ric de costa a costa\",\"isPartOf\":{\"@id\":\"https:\/\/northiberianctc.com\/blog\/ca\/#website\"},\"datePublished\":\"2013-08-07T18:41:37+00:00\",\"dateModified\":\"2013-10-01T15:01:36+00:00\",\"breadcrumb\":{\"@id\":\"https:\/\/northiberianctc.com\/blog\/ca\/?page_id=36#breadcrumb\"},\"inLanguage\":\"ca\",\"potentialAction\":[{\"@type\":\"ReadAction\",\"target\":[\"https:\/\/northiberianctc.com\/blog\/ca\/?page_id=36\"]}]},{\"@type\":\"BreadcrumbList\",\"@id\":\"https:\/\/northiberianctc.com\/blog\/ca\/?page_id=36#breadcrumb\",\"itemListElement\":[{\"@type\":\"ListItem\",\"position\":1,\"name\":\"Home\",\"item\":\"https:\/\/northiberianctc.com\/blog\/ca\/\"},{\"@type\":\"ListItem\",\"position\":2,\"name\":\"Ast\u00faries\"}]},{\"@type\":\"WebSite\",\"@id\":\"https:\/\/northiberianctc.com\/blog\/ca\/#website\",\"url\":\"https:\/\/northiberianctc.com\/blog\/ca\/\",\"name\":\"Nord Ib\u00e8ric de costa a costa\",\"description\":\"Nord de la Pen\u00ednsula Ib\u00e8rica, 2.400 km d&#039;experi\u00e8ncia en bicicleta de muntanya\",\"potentialAction\":[{\"@type\":\"SearchAction\",\"target\":{\"@type\":\"EntryPoint\",\"urlTemplate\":\"https:\/\/northiberianctc.com\/blog\/ca\/?s={search_term_string}\"},\"query-input\":{\"@type\":\"PropertyValueSpecification\",\"valueRequired\":true,\"valueName\":\"search_term_string\"}}],\"inLanguage\":\"ca\"}]}<\/script>\n<!-- \/ Yoast SEO plugin. -->","yoast_head_json":{"title":"Ast\u00faries - Nord Ib\u00e8ric de costa a costa","robots":{"index":"index","follow":"follow","max-snippet":"max-snippet:-1","max-image-preview":"max-image-preview:large","max-video-preview":"max-video-preview:-1"},"canonical":"https:\/\/northiberianctc.com\/blog\/ca\/?page_id=36","og_locale":"ca_ES","og_type":"article","og_title":"Ast\u00faries - Nord Ib\u00e8ric de costa a costa","og_description":"La pen\u00faltima regi\u00f3 del nostre viatge \u00e9s Ast\u00faries, una altra prov\u00edncia espanyola que alhora \u00e9s una comunitat aut\u00f2noma hist\u00f2rica i amb llengua pr\u00f2pia d&#8217;arrel llatina: el bable. Ast\u00faries \u00e9s una comunitat amb uns 300 km de longitud, per\u00f2 la nostra ruta pel nord ib\u00e8ric segueix de prop la costa, de manera que al final n&#8217;haurem [&hellip;]","og_url":"https:\/\/northiberianctc.com\/blog\/ca\/?page_id=36","og_site_name":"Nord Ib\u00e8ric de costa a costa","article_modified_time":"2013-10-01T15:01:36+00:00","twitter_misc":{"Temps estimat de lectura":"3 minuts"},"schema":{"@context":"https:\/\/schema.org","@graph":[{"@type":"WebPage","@id":"https:\/\/northiberianctc.com\/blog\/ca\/?page_id=36","url":"https:\/\/northiberianctc.com\/blog\/ca\/?page_id=36","name":"Ast\u00faries - Nord Ib\u00e8ric de costa a costa","isPartOf":{"@id":"https:\/\/northiberianctc.com\/blog\/ca\/#website"},"datePublished":"2013-08-07T18:41:37+00:00","dateModified":"2013-10-01T15:01:36+00:00","breadcrumb":{"@id":"https:\/\/northiberianctc.com\/blog\/ca\/?page_id=36#breadcrumb"},"inLanguage":"ca","potentialAction":[{"@type":"ReadAction","target":["https:\/\/northiberianctc.com\/blog\/ca\/?page_id=36"]}]},{"@type":"BreadcrumbList","@id":"https:\/\/northiberianctc.com\/blog\/ca\/?page_id=36#breadcrumb","itemListElement":[{"@type":"ListItem","position":1,"name":"Home","item":"https:\/\/northiberianctc.com\/blog\/ca\/"},{"@type":"ListItem","position":2,"name":"Ast\u00faries"}]},{"@type":"WebSite","@id":"https:\/\/northiberianctc.com\/blog\/ca\/#website","url":"https:\/\/northiberianctc.com\/blog\/ca\/","name":"Nord Ib\u00e8ric de costa a costa","description":"Nord de la Pen\u00ednsula Ib\u00e8rica, 2.400 km d&#039;experi\u00e8ncia en bicicleta de muntanya","potentialAction":[{"@type":"SearchAction","target":{"@type":"EntryPoint","urlTemplate":"https:\/\/northiberianctc.com\/blog\/ca\/?s={search_term_string}"},"query-input":{"@type":"PropertyValueSpecification","valueRequired":true,"valueName":"search_term_string"}}],"inLanguage":"ca"}]}},"_links":{"self":[{"href":"https:\/\/northiberianctc.com\/blog\/ca\/index.php?rest_route=\/wp\/v2\/pages\/36"}],"collection":[{"href":"https:\/\/northiberianctc.com\/blog\/ca\/index.php?rest_route=\/wp\/v2\/pages"}],"about":[{"href":"https:\/\/northiberianctc.com\/blog\/ca\/index.php?rest_route=\/wp\/v2\/types\/page"}],"author":[{"embeddable":true,"href":"https:\/\/northiberianctc.com\/blog\/ca\/index.php?rest_route=\/wp\/v2\/users\/1"}],"replies":[{"embeddable":true,"href":"https:\/\/northiberianctc.com\/blog\/ca\/index.php?rest_route=%2Fwp%2Fv2%2Fcomments&post=36"}],"version-history":[{"count":19,"href":"https:\/\/northiberianctc.com\/blog\/ca\/index.php?rest_route=\/wp\/v2\/pages\/36\/revisions"}],"predecessor-version":[{"id":630,"href":"https:\/\/northiberianctc.com\/blog\/ca\/index.php?rest_route=\/wp\/v2\/pages\/36\/revisions\/630"}],"wp:attachment":[{"href":"https:\/\/northiberianctc.com\/blog\/ca\/index.php?rest_route=%2Fwp%2Fv2%2Fmedia&parent=36"}],"curies":[{"name":"wp","href":"https:\/\/api.w.org\/{rel}","templated":true}]}}