{"id":44,"date":"2013-08-07T18:43:26","date_gmt":"2013-08-07T18:43:26","guid":{"rendered":"http:\/\/northiberianctc.com\/blog\/ca\/?page_id=44"},"modified":"2013-10-01T15:05:43","modified_gmt":"2013-10-01T15:05:43","slug":"cami-del-mar","status":"publish","type":"page","link":"https:\/\/northiberianctc.com\/blog\/ca\/?page_id=44","title":{"rendered":"Cam\u00ed del Mar"},"content":{"rendered":"<p>Diuen els que hi entenen que hi ha tants camins a Santiago com pelegrins diferents que hi arriben. Segur que \u00e9s cert, per\u00f2 tamb\u00e9 ho \u00e9s que els recorreguts estandarditzats s\u00f3n molt concrets i al voltant d&#8217;aquests hi ha tota una construcci\u00f3 cultural i comercial considerable, ja que s\u00f3n d&#8217;aflu\u00e8ncia massiva.<\/p>\n<p>En el cas del Cam\u00ed de Sant Jaume que entra a Gal\u00edcia per Ribadeo, des de la darrera poblaci\u00f3 asturiana anomenada Castropol, i a on podem arribar amb una barca-taxi molt pr\u00e0ctica (veieu l&#8217;\u00edtem Recursos), la ruta de pelegrinatge es desvia r\u00e0pidament cap a Santiago de Compostela en diagonal i s&#8217;aparta de la costa tot just quan els pelegrins han vist la platja de les Catedrals, a pocs quil\u00f2metres despr\u00e9s de Ribadeo i cap a l&#8217;oest. A partir d&#8217;aquell moment el Cam\u00ed del Nord ja \u00e9s completament interior i muntany\u00f3s,\u00a0 i nom\u00e9s tornaran a veure les platges els pelegrins que decideixin ampliar el seu pelegrinatge de Santiago de Compostela fins a Fisterra o Mux\u00eda.<\/p>\n<p>El recorregut que us proposo jo recorre les R\u00edas Altas per la costa nord, i aprofita moltes vies que no han estat explotades tur\u00edsticament pel Camino de Santiago, malgrat que s\u00ed que s\u00f3n camins que els habitants de Gal\u00edcia visiten sovint.<\/p>\n<p>Curiosament, tot just quan vaig entrar a Gal\u00edcia des d&#8217;Ast\u00faries i vaig comen\u00e7ar a llegir el diari La Voz de Galicia, vaig descobrir que l&#8217;any 2013 ja ha rebut suport institucional la branca marina del Camino de Santiago, acci\u00f3 promoguda per una entitat local anomenada \u201cAsociaci\u00f3n &#8216;Abrindo Cami\u00f1o&#8217; de amigos do Cami\u00f1o Norte de Santiago\u201d. La gent en q\u00fcesti\u00f3 va fer un recorregut a peu per la costa de les R\u00edas Altas des de Ribadeo fins a Foz, i all\u00ed van ser rebuts per les autoritats en un acte simb\u00f2lic al Club N\u00e0utic que inicia oficialment un nou cam\u00ed que connecta el Cam\u00ed del Nord amb el Cam\u00ed Angl\u00e8s. \u00c9s una variant mar\u00edtima del Camino Norte que arriba fins a la bas\u00edlica de San Marti\u00f1o de Mondonedo (Foz) i despr\u00e9s segueix fins a Ferrol passant per Teixido.<\/p>\n<p>Aix\u00ed doncs, si seguiu els\u00a0<a title=\"De Ribadeo a Viveiro\" href=\"http:\/\/ca.wikiloc.com\/wikiloc\/view.do?id=4973626\">tracks de GPS de les R\u00edas Altas<\/a> fareu totalment el Cami\u00f1o do Mar. Els tracks que us deixo tenen el recorregut per la costa del Cami\u00f1o do Mar, de Ribadeo a Ferrol passant per Foz i Teixido, que us descobrir\u00e0 paratges m\u00e0gics i actualment desconeguts pels pelegrins tradicionals.<\/p>\n<p>Informaci\u00f3 sobre les poblacions m\u00e9s importants: <a title=\"Ribadeo\" href=\"http:\/\/ca.wikipedia.org\/wiki\/Ribadeo\">Ribadeo<\/a>, <a title=\"Barreiros\" href=\"http:\/\/ca.wikipedia.org\/wiki\/Barreiros_%28Lugo%29\">Barreiros<\/a>, <a title=\"Foz\" href=\"http:\/\/ca.wikipedia.org\/wiki\/Foz\">Foz<\/a> i <a title=\"Mondo\u00f1edo\" href=\"http:\/\/ca.wikipedia.org\/wiki\/Mondo%C3%B1edo\">Mondo\u00f1edo<\/a>.<\/p>\n","protected":false},"excerpt":{"rendered":"<p>Diuen els que hi entenen que hi ha tants camins a Santiago com pelegrins diferents que hi arriben. Segur que \u00e9s cert, per\u00f2 tamb\u00e9 ho \u00e9s que els recorreguts estandarditzats s\u00f3n molt concrets i al voltant d&#8217;aquests hi ha tota una construcci\u00f3 cultural i comercial considerable, ja que s\u00f3n d&#8217;aflu\u00e8ncia massiva. En el cas del [&hellip;]<\/p>\n","protected":false},"author":1,"featured_media":0,"parent":0,"menu_order":0,"comment_status":"open","ping_status":"open","template":"page-templates\/full-width.php","meta":{"footnotes":""},"yoast_head":"<!-- This site is optimized with the Yoast SEO plugin v24.5 - https:\/\/yoast.com\/wordpress\/plugins\/seo\/ -->\n<title>Cam\u00ed del Mar - Nord Ib\u00e8ric de costa a costa<\/title>\n<meta name=\"robots\" content=\"index, follow, max-snippet:-1, max-image-preview:large, max-video-preview:-1\" \/>\n<link rel=\"canonical\" href=\"https:\/\/northiberianctc.com\/blog\/ca\/?page_id=44\" \/>\n<meta property=\"og:locale\" content=\"ca_ES\" \/>\n<meta property=\"og:type\" content=\"article\" \/>\n<meta property=\"og:title\" content=\"Cam\u00ed del Mar - Nord Ib\u00e8ric de costa a costa\" \/>\n<meta property=\"og:description\" content=\"Diuen els que hi entenen que hi ha tants camins a Santiago com pelegrins diferents que hi arriben. Segur que \u00e9s cert, per\u00f2 tamb\u00e9 ho \u00e9s que els recorreguts estandarditzats s\u00f3n molt concrets i al voltant d&#8217;aquests hi ha tota una construcci\u00f3 cultural i comercial considerable, ja que s\u00f3n d&#8217;aflu\u00e8ncia massiva. En el cas del [&hellip;]\" \/>\n<meta property=\"og:url\" content=\"https:\/\/northiberianctc.com\/blog\/ca\/?page_id=44\" \/>\n<meta property=\"og:site_name\" content=\"Nord Ib\u00e8ric de costa a costa\" \/>\n<meta property=\"article:modified_time\" content=\"2013-10-01T15:05:43+00:00\" \/>\n<meta name=\"twitter:label1\" content=\"Temps estimat de lectura\" \/>\n\t<meta name=\"twitter:data1\" content=\"2 minuts\" \/>\n<script type=\"application\/ld+json\" class=\"yoast-schema-graph\">{\"@context\":\"https:\/\/schema.org\",\"@graph\":[{\"@type\":\"WebPage\",\"@id\":\"https:\/\/northiberianctc.com\/blog\/ca\/?page_id=44\",\"url\":\"https:\/\/northiberianctc.com\/blog\/ca\/?page_id=44\",\"name\":\"Cam\u00ed del Mar - Nord Ib\u00e8ric de costa a costa\",\"isPartOf\":{\"@id\":\"https:\/\/northiberianctc.com\/blog\/ca\/#website\"},\"datePublished\":\"2013-08-07T18:43:26+00:00\",\"dateModified\":\"2013-10-01T15:05:43+00:00\",\"breadcrumb\":{\"@id\":\"https:\/\/northiberianctc.com\/blog\/ca\/?page_id=44#breadcrumb\"},\"inLanguage\":\"ca\",\"potentialAction\":[{\"@type\":\"ReadAction\",\"target\":[\"https:\/\/northiberianctc.com\/blog\/ca\/?page_id=44\"]}]},{\"@type\":\"BreadcrumbList\",\"@id\":\"https:\/\/northiberianctc.com\/blog\/ca\/?page_id=44#breadcrumb\",\"itemListElement\":[{\"@type\":\"ListItem\",\"position\":1,\"name\":\"Home\",\"item\":\"https:\/\/northiberianctc.com\/blog\/ca\/\"},{\"@type\":\"ListItem\",\"position\":2,\"name\":\"Cam\u00ed del Mar\"}]},{\"@type\":\"WebSite\",\"@id\":\"https:\/\/northiberianctc.com\/blog\/ca\/#website\",\"url\":\"https:\/\/northiberianctc.com\/blog\/ca\/\",\"name\":\"Nord Ib\u00e8ric de costa a costa\",\"description\":\"Nord de la Pen\u00ednsula Ib\u00e8rica, 2.400 km d&#039;experi\u00e8ncia en bicicleta de muntanya\",\"potentialAction\":[{\"@type\":\"SearchAction\",\"target\":{\"@type\":\"EntryPoint\",\"urlTemplate\":\"https:\/\/northiberianctc.com\/blog\/ca\/?s={search_term_string}\"},\"query-input\":{\"@type\":\"PropertyValueSpecification\",\"valueRequired\":true,\"valueName\":\"search_term_string\"}}],\"inLanguage\":\"ca\"}]}<\/script>\n<!-- \/ Yoast SEO plugin. -->","yoast_head_json":{"title":"Cam\u00ed del Mar - Nord Ib\u00e8ric de costa a costa","robots":{"index":"index","follow":"follow","max-snippet":"max-snippet:-1","max-image-preview":"max-image-preview:large","max-video-preview":"max-video-preview:-1"},"canonical":"https:\/\/northiberianctc.com\/blog\/ca\/?page_id=44","og_locale":"ca_ES","og_type":"article","og_title":"Cam\u00ed del Mar - Nord Ib\u00e8ric de costa a costa","og_description":"Diuen els que hi entenen que hi ha tants camins a Santiago com pelegrins diferents que hi arriben. Segur que \u00e9s cert, per\u00f2 tamb\u00e9 ho \u00e9s que els recorreguts estandarditzats s\u00f3n molt concrets i al voltant d&#8217;aquests hi ha tota una construcci\u00f3 cultural i comercial considerable, ja que s\u00f3n d&#8217;aflu\u00e8ncia massiva. En el cas del [&hellip;]","og_url":"https:\/\/northiberianctc.com\/blog\/ca\/?page_id=44","og_site_name":"Nord Ib\u00e8ric de costa a costa","article_modified_time":"2013-10-01T15:05:43+00:00","twitter_misc":{"Temps estimat de lectura":"2 minuts"},"schema":{"@context":"https:\/\/schema.org","@graph":[{"@type":"WebPage","@id":"https:\/\/northiberianctc.com\/blog\/ca\/?page_id=44","url":"https:\/\/northiberianctc.com\/blog\/ca\/?page_id=44","name":"Cam\u00ed del Mar - Nord Ib\u00e8ric de costa a costa","isPartOf":{"@id":"https:\/\/northiberianctc.com\/blog\/ca\/#website"},"datePublished":"2013-08-07T18:43:26+00:00","dateModified":"2013-10-01T15:05:43+00:00","breadcrumb":{"@id":"https:\/\/northiberianctc.com\/blog\/ca\/?page_id=44#breadcrumb"},"inLanguage":"ca","potentialAction":[{"@type":"ReadAction","target":["https:\/\/northiberianctc.com\/blog\/ca\/?page_id=44"]}]},{"@type":"BreadcrumbList","@id":"https:\/\/northiberianctc.com\/blog\/ca\/?page_id=44#breadcrumb","itemListElement":[{"@type":"ListItem","position":1,"name":"Home","item":"https:\/\/northiberianctc.com\/blog\/ca\/"},{"@type":"ListItem","position":2,"name":"Cam\u00ed del Mar"}]},{"@type":"WebSite","@id":"https:\/\/northiberianctc.com\/blog\/ca\/#website","url":"https:\/\/northiberianctc.com\/blog\/ca\/","name":"Nord Ib\u00e8ric de costa a costa","description":"Nord de la Pen\u00ednsula Ib\u00e8rica, 2.400 km d&#039;experi\u00e8ncia en bicicleta de muntanya","potentialAction":[{"@type":"SearchAction","target":{"@type":"EntryPoint","urlTemplate":"https:\/\/northiberianctc.com\/blog\/ca\/?s={search_term_string}"},"query-input":{"@type":"PropertyValueSpecification","valueRequired":true,"valueName":"search_term_string"}}],"inLanguage":"ca"}]}},"_links":{"self":[{"href":"https:\/\/northiberianctc.com\/blog\/ca\/index.php?rest_route=\/wp\/v2\/pages\/44"}],"collection":[{"href":"https:\/\/northiberianctc.com\/blog\/ca\/index.php?rest_route=\/wp\/v2\/pages"}],"about":[{"href":"https:\/\/northiberianctc.com\/blog\/ca\/index.php?rest_route=\/wp\/v2\/types\/page"}],"author":[{"embeddable":true,"href":"https:\/\/northiberianctc.com\/blog\/ca\/index.php?rest_route=\/wp\/v2\/users\/1"}],"replies":[{"embeddable":true,"href":"https:\/\/northiberianctc.com\/blog\/ca\/index.php?rest_route=%2Fwp%2Fv2%2Fcomments&post=44"}],"version-history":[{"count":12,"href":"https:\/\/northiberianctc.com\/blog\/ca\/index.php?rest_route=\/wp\/v2\/pages\/44\/revisions"}],"predecessor-version":[{"id":102,"href":"https:\/\/northiberianctc.com\/blog\/ca\/index.php?rest_route=\/wp\/v2\/pages\/44\/revisions\/102"}],"wp:attachment":[{"href":"https:\/\/northiberianctc.com\/blog\/ca\/index.php?rest_route=%2Fwp%2Fv2%2Fmedia&parent=44"}],"curies":[{"name":"wp","href":"https:\/\/api.w.org\/{rel}","templated":true}]}}