{"id":45,"date":"2013-08-07T18:43:39","date_gmt":"2013-08-07T18:43:39","guid":{"rendered":"http:\/\/northiberianctc.com\/blog\/ca\/?page_id=45"},"modified":"2013-10-01T15:03:03","modified_gmt":"2013-10-01T15:03:03","slug":"cami-angles","status":"publish","type":"page","link":"https:\/\/northiberianctc.com\/blog\/ca\/?page_id=45","title":{"rendered":"Cam\u00ed Angl\u00e8s"},"content":{"rendered":"<p>El Cam\u00ed Angl\u00e8s \u00e9s una de les branques tradicionals del Cam\u00ed de Sant Jaume, per\u00f2 no \u00e9s molt coneguda actualment perqu\u00e8 transcorre de manera \u00edntegra dins de les fronteres de Gal\u00edcia i d&#8217;oest a est, de manera que s&#8217;ha d&#8217;arribar fins a la costa occidental i anar fins a Santiago de Compostela recorrent uns quants quil\u00f2metres de costa i anant cap a l&#8217;interior aprofitant el marge esquerre de la R\u00eda de Betanzos, a Ferrol, o el marge dret de la mateixa ria, a Coru\u00f1a.<\/p>\n<p>Aquest va ser un itinerari molt popular fa uns quants segles, perqu\u00e8 podia acollir pelegrinatges que arribaven directament en vaixell, per l&#8217;oce\u00e0 Atl\u00e0ntic, i no havien de travessar el territori de l&#8217;est peninsular. Es va anomenar Angl\u00e8s perqu\u00e8 bona part dels irlandesos i brit\u00e0nics que pelegrinaven a Santiago de Compostela a partir del s. XII ho feien entrant per Ferrol o Coru\u00f1a, i van deixar rastres culturals molt evidents en tota aquesta ruta que finalitza a Santiago.<\/p>\n<p>En el nostre viatge en BTT tamb\u00e9 se segueix d&#8217;una manera bastant exhaustiva el recorregut costaner del Cam\u00ed Angl\u00e8s: Ferrol, Cabanas, Pontedeume, Mi\u00f1o i Coru\u00f1a. S&#8217;evita entrar a l&#8217;interior de Gal\u00edcia i despr\u00e9s de Coru\u00f1a se segueix cap a Arteixo. No tornarem a retrobar el Cam\u00ed fins a les seves etapes finals, a Mux\u00eda i Fisterra.<\/p>\n","protected":false},"excerpt":{"rendered":"<p>El Cam\u00ed Angl\u00e8s \u00e9s una de les branques tradicionals del Cam\u00ed de Sant Jaume, per\u00f2 no \u00e9s molt coneguda actualment perqu\u00e8 transcorre de manera \u00edntegra dins de les fronteres de Gal\u00edcia i d&#8217;oest a est, de manera que s&#8217;ha d&#8217;arribar fins a la costa occidental i anar fins a Santiago de Compostela recorrent uns quants [&hellip;]<\/p>\n","protected":false},"author":1,"featured_media":0,"parent":0,"menu_order":0,"comment_status":"open","ping_status":"open","template":"page-templates\/full-width.php","meta":{"footnotes":""},"yoast_head":"<!-- This site is optimized with the Yoast SEO plugin v24.5 - https:\/\/yoast.com\/wordpress\/plugins\/seo\/ -->\n<title>Cam\u00ed Angl\u00e8s - Nord Ib\u00e8ric de costa a costa<\/title>\n<meta name=\"robots\" content=\"index, follow, max-snippet:-1, max-image-preview:large, max-video-preview:-1\" \/>\n<link rel=\"canonical\" href=\"https:\/\/northiberianctc.com\/blog\/ca\/?page_id=45\" \/>\n<meta property=\"og:locale\" content=\"ca_ES\" \/>\n<meta property=\"og:type\" content=\"article\" \/>\n<meta property=\"og:title\" content=\"Cam\u00ed Angl\u00e8s - Nord Ib\u00e8ric de costa a costa\" \/>\n<meta property=\"og:description\" content=\"El Cam\u00ed Angl\u00e8s \u00e9s una de les branques tradicionals del Cam\u00ed de Sant Jaume, per\u00f2 no \u00e9s molt coneguda actualment perqu\u00e8 transcorre de manera \u00edntegra dins de les fronteres de Gal\u00edcia i d&#8217;oest a est, de manera que s&#8217;ha d&#8217;arribar fins a la costa occidental i anar fins a Santiago de Compostela recorrent uns quants [&hellip;]\" \/>\n<meta property=\"og:url\" content=\"https:\/\/northiberianctc.com\/blog\/ca\/?page_id=45\" \/>\n<meta property=\"og:site_name\" content=\"Nord Ib\u00e8ric de costa a costa\" \/>\n<meta property=\"article:modified_time\" content=\"2013-10-01T15:03:03+00:00\" \/>\n<meta name=\"twitter:label1\" content=\"Temps estimat de lectura\" \/>\n\t<meta name=\"twitter:data1\" content=\"1 minut\" \/>\n<script type=\"application\/ld+json\" class=\"yoast-schema-graph\">{\"@context\":\"https:\/\/schema.org\",\"@graph\":[{\"@type\":\"WebPage\",\"@id\":\"https:\/\/northiberianctc.com\/blog\/ca\/?page_id=45\",\"url\":\"https:\/\/northiberianctc.com\/blog\/ca\/?page_id=45\",\"name\":\"Cam\u00ed Angl\u00e8s - Nord Ib\u00e8ric de costa a costa\",\"isPartOf\":{\"@id\":\"https:\/\/northiberianctc.com\/blog\/ca\/#website\"},\"datePublished\":\"2013-08-07T18:43:39+00:00\",\"dateModified\":\"2013-10-01T15:03:03+00:00\",\"breadcrumb\":{\"@id\":\"https:\/\/northiberianctc.com\/blog\/ca\/?page_id=45#breadcrumb\"},\"inLanguage\":\"ca\",\"potentialAction\":[{\"@type\":\"ReadAction\",\"target\":[\"https:\/\/northiberianctc.com\/blog\/ca\/?page_id=45\"]}]},{\"@type\":\"BreadcrumbList\",\"@id\":\"https:\/\/northiberianctc.com\/blog\/ca\/?page_id=45#breadcrumb\",\"itemListElement\":[{\"@type\":\"ListItem\",\"position\":1,\"name\":\"Home\",\"item\":\"https:\/\/northiberianctc.com\/blog\/ca\/\"},{\"@type\":\"ListItem\",\"position\":2,\"name\":\"Cam\u00ed Angl\u00e8s\"}]},{\"@type\":\"WebSite\",\"@id\":\"https:\/\/northiberianctc.com\/blog\/ca\/#website\",\"url\":\"https:\/\/northiberianctc.com\/blog\/ca\/\",\"name\":\"Nord Ib\u00e8ric de costa a costa\",\"description\":\"Nord de la Pen\u00ednsula Ib\u00e8rica, 2.400 km d&#039;experi\u00e8ncia en bicicleta de muntanya\",\"potentialAction\":[{\"@type\":\"SearchAction\",\"target\":{\"@type\":\"EntryPoint\",\"urlTemplate\":\"https:\/\/northiberianctc.com\/blog\/ca\/?s={search_term_string}\"},\"query-input\":{\"@type\":\"PropertyValueSpecification\",\"valueRequired\":true,\"valueName\":\"search_term_string\"}}],\"inLanguage\":\"ca\"}]}<\/script>\n<!-- \/ Yoast SEO plugin. -->","yoast_head_json":{"title":"Cam\u00ed Angl\u00e8s - Nord Ib\u00e8ric de costa a costa","robots":{"index":"index","follow":"follow","max-snippet":"max-snippet:-1","max-image-preview":"max-image-preview:large","max-video-preview":"max-video-preview:-1"},"canonical":"https:\/\/northiberianctc.com\/blog\/ca\/?page_id=45","og_locale":"ca_ES","og_type":"article","og_title":"Cam\u00ed Angl\u00e8s - Nord Ib\u00e8ric de costa a costa","og_description":"El Cam\u00ed Angl\u00e8s \u00e9s una de les branques tradicionals del Cam\u00ed de Sant Jaume, per\u00f2 no \u00e9s molt coneguda actualment perqu\u00e8 transcorre de manera \u00edntegra dins de les fronteres de Gal\u00edcia i d&#8217;oest a est, de manera que s&#8217;ha d&#8217;arribar fins a la costa occidental i anar fins a Santiago de Compostela recorrent uns quants [&hellip;]","og_url":"https:\/\/northiberianctc.com\/blog\/ca\/?page_id=45","og_site_name":"Nord Ib\u00e8ric de costa a costa","article_modified_time":"2013-10-01T15:03:03+00:00","twitter_misc":{"Temps estimat de lectura":"1 minut"},"schema":{"@context":"https:\/\/schema.org","@graph":[{"@type":"WebPage","@id":"https:\/\/northiberianctc.com\/blog\/ca\/?page_id=45","url":"https:\/\/northiberianctc.com\/blog\/ca\/?page_id=45","name":"Cam\u00ed Angl\u00e8s - Nord Ib\u00e8ric de costa a costa","isPartOf":{"@id":"https:\/\/northiberianctc.com\/blog\/ca\/#website"},"datePublished":"2013-08-07T18:43:39+00:00","dateModified":"2013-10-01T15:03:03+00:00","breadcrumb":{"@id":"https:\/\/northiberianctc.com\/blog\/ca\/?page_id=45#breadcrumb"},"inLanguage":"ca","potentialAction":[{"@type":"ReadAction","target":["https:\/\/northiberianctc.com\/blog\/ca\/?page_id=45"]}]},{"@type":"BreadcrumbList","@id":"https:\/\/northiberianctc.com\/blog\/ca\/?page_id=45#breadcrumb","itemListElement":[{"@type":"ListItem","position":1,"name":"Home","item":"https:\/\/northiberianctc.com\/blog\/ca\/"},{"@type":"ListItem","position":2,"name":"Cam\u00ed Angl\u00e8s"}]},{"@type":"WebSite","@id":"https:\/\/northiberianctc.com\/blog\/ca\/#website","url":"https:\/\/northiberianctc.com\/blog\/ca\/","name":"Nord Ib\u00e8ric de costa a costa","description":"Nord de la Pen\u00ednsula Ib\u00e8rica, 2.400 km d&#039;experi\u00e8ncia en bicicleta de muntanya","potentialAction":[{"@type":"SearchAction","target":{"@type":"EntryPoint","urlTemplate":"https:\/\/northiberianctc.com\/blog\/ca\/?s={search_term_string}"},"query-input":{"@type":"PropertyValueSpecification","valueRequired":true,"valueName":"search_term_string"}}],"inLanguage":"ca"}]}},"_links":{"self":[{"href":"https:\/\/northiberianctc.com\/blog\/ca\/index.php?rest_route=\/wp\/v2\/pages\/45"}],"collection":[{"href":"https:\/\/northiberianctc.com\/blog\/ca\/index.php?rest_route=\/wp\/v2\/pages"}],"about":[{"href":"https:\/\/northiberianctc.com\/blog\/ca\/index.php?rest_route=\/wp\/v2\/types\/page"}],"author":[{"embeddable":true,"href":"https:\/\/northiberianctc.com\/blog\/ca\/index.php?rest_route=\/wp\/v2\/users\/1"}],"replies":[{"embeddable":true,"href":"https:\/\/northiberianctc.com\/blog\/ca\/index.php?rest_route=%2Fwp%2Fv2%2Fcomments&post=45"}],"version-history":[{"count":4,"href":"https:\/\/northiberianctc.com\/blog\/ca\/index.php?rest_route=\/wp\/v2\/pages\/45\/revisions"}],"predecessor-version":[{"id":631,"href":"https:\/\/northiberianctc.com\/blog\/ca\/index.php?rest_route=\/wp\/v2\/pages\/45\/revisions\/631"}],"wp:attachment":[{"href":"https:\/\/northiberianctc.com\/blog\/ca\/index.php?rest_route=%2Fwp%2Fv2%2Fmedia&parent=45"}],"curies":[{"name":"wp","href":"https:\/\/api.w.org\/{rel}","templated":true}]}}