{"id":46,"date":"2013-08-07T18:44:05","date_gmt":"2013-08-07T18:44:05","guid":{"rendered":"http:\/\/northiberianctc.com\/blog\/ca\/?page_id=46"},"modified":"2013-10-01T15:23:13","modified_gmt":"2013-10-01T15:23:13","slug":"finisterre-i-muxia","status":"publish","type":"page","link":"https:\/\/northiberianctc.com\/blog\/ca\/?page_id=46","title":{"rendered":"Finisterre i Muxia"},"content":{"rendered":"<p>Els pelegrins que han pogut finalitzar el seu cam\u00ed fins a la suposada tomba de l&#8217;ap\u00f2stol Jaume hi han arribat de moltes maneres i des de molts llocs, seguint diferents itineraris, per\u00f2 el seu \u00fanic objectiu ha estat arribar a la capital de Gal\u00edcia,\u00a0 Santiago de Compostela, situada a l&#8217;interior de la prov\u00edncia de Coru\u00f1a.<\/p>\n<p>Alguns dels pelegrins, una vegada han aconseguit la seva Compostela, \u00e9s a dir el certificat que s&#8217;atorga a qui ha finalitzat el pelegrinatge per motius espirituals o religiosos, decideixen caminar 130 quil\u00f2metres extra i arribar a dos dels punts m\u00e9s occidentals de la Pen\u00ednsula Ib\u00e8rica: el santuari de Mux\u00eda i el Cap de Finisterre, tots dos pertanyents a la comarca gallega de Fisterra i separats per uns 40 km seguint el nostre track de GPS que est\u00e0 alineat amb la costa.<\/p>\n<p>Que les pelegrinacions s&#8217;han succe\u00eft fins als poblets de Fisterra i Mux\u00eda est\u00e0 documentat des del segle XI, per\u00f2 se suposa que hi havia tradicions anteriors que portaven pelegrins fins a aquests dos punts extrems del territori. Les raons s\u00f3n variades: era la fi del m\u00f3n conegut per la majoria dels habitants d&#8217;Europa, s&#8217;hi podia arribar seguint la guia de la Via L\u00e0ctea, \u00e9s un territori misteri\u00f3s i salvatge, i poc poblat, i hi ha llegendes que relacionen la pres\u00e8ncia i l&#8217;enterrament de l&#8217;ap\u00f2stol Jaume amb intervencions directes de la Virxe da Barca a Mux\u00eda i del Sant Crist de Fisterra.<\/p>\n<p>En qualsevol cas, la nostra ruta de 2.400 km en BTT finalitza en aquestes dues darreres etapes, que coincideixen territorialment amb el final del Cam\u00ed de Sant Jaume: Ponteceso-Mux\u00eda i Mux\u00eda-Fisterra.<\/p>\n<p><strong>Mux\u00eda<\/strong><\/p>\n<p>D&#8217;una banda arribem a Mux\u00eda des de Ponteceso, si volem seguir fidelment els tracks de GPS, per\u00f2 tamb\u00e9 podr\u00edem escu\u00e7ar el cam\u00ed passant per l&#8217;interior. A Mux\u00eda val la pena visitar el Santuario da Barca e as Pedras, una barreja cat\u00f2lica i pagana de culte immemorial a la natura. Podem contemplar unes curiositats prehist\u00f2riques, com la pedra d&#8217;Abalar i la pedra dos Cadr\u00eds, entre d&#8217;altres, i una curiositat contempor\u00e0nia: el Monument a la desgr\u00e0cia del Prestige, fet que suposo que molta gent encara deu recordar onze anys despr\u00e9s de l&#8217;enfonsament del petrolier i posterior desastre ecol\u00f2gic per a Gal\u00edcia.<\/p>\n<p><strong>Fisterra<\/strong><\/p>\n<p>De Mux\u00eda a Fisterra, el nostre cam\u00ed segueix un recorregut costaner que s&#8217;allunya del Cam\u00ed de Sant Jaume durant m\u00e9s o menys la meitat inicial, perqu\u00e8 ressegueix els caps de la costa, per\u00f2 hi connecta a Lires i n&#8217;aprofita algun recorregut ciclable fins a uns cinc quil\u00f2metres abans de Fisterra, on es desvia i entra a Fisterra per la part de San Marti\u00f1o i no pas per on hi entren els pelegrins, per la platja interior de Langosteira. Del poblet de Fisterra ja nom\u00e9s ens cal anar fins al Cap de la Nave i el Cap de Finisterre i haurem finalitzat el viatge de costa a costa en bicicleta tot terreny per tot el nord Ib\u00e8ric.<\/p>\n","protected":false},"excerpt":{"rendered":"<p>Els pelegrins que han pogut finalitzar el seu cam\u00ed fins a la suposada tomba de l&#8217;ap\u00f2stol Jaume hi han arribat de moltes maneres i des de molts llocs, seguint diferents itineraris, per\u00f2 el seu \u00fanic objectiu ha estat arribar a la capital de Gal\u00edcia,\u00a0 Santiago de Compostela, situada a l&#8217;interior de la prov\u00edncia de Coru\u00f1a. [&hellip;]<\/p>\n","protected":false},"author":1,"featured_media":0,"parent":0,"menu_order":0,"comment_status":"open","ping_status":"open","template":"page-templates\/full-width.php","meta":{"footnotes":""},"yoast_head":"<!-- This site is optimized with the Yoast SEO plugin v24.5 - https:\/\/yoast.com\/wordpress\/plugins\/seo\/ -->\n<title>Finisterre i Muxia - Nord Ib\u00e8ric de costa a costa<\/title>\n<meta name=\"robots\" content=\"index, follow, max-snippet:-1, max-image-preview:large, max-video-preview:-1\" \/>\n<link rel=\"canonical\" href=\"https:\/\/northiberianctc.com\/blog\/ca\/?page_id=46\" \/>\n<meta property=\"og:locale\" content=\"ca_ES\" \/>\n<meta property=\"og:type\" content=\"article\" \/>\n<meta property=\"og:title\" content=\"Finisterre i Muxia - Nord Ib\u00e8ric de costa a costa\" \/>\n<meta property=\"og:description\" content=\"Els pelegrins que han pogut finalitzar el seu cam\u00ed fins a la suposada tomba de l&#8217;ap\u00f2stol Jaume hi han arribat de moltes maneres i des de molts llocs, seguint diferents itineraris, per\u00f2 el seu \u00fanic objectiu ha estat arribar a la capital de Gal\u00edcia,\u00a0 Santiago de Compostela, situada a l&#8217;interior de la prov\u00edncia de Coru\u00f1a. [&hellip;]\" \/>\n<meta property=\"og:url\" content=\"https:\/\/northiberianctc.com\/blog\/ca\/?page_id=46\" \/>\n<meta property=\"og:site_name\" content=\"Nord Ib\u00e8ric de costa a costa\" \/>\n<meta property=\"article:modified_time\" content=\"2013-10-01T15:23:13+00:00\" \/>\n<meta name=\"twitter:label1\" content=\"Temps estimat de lectura\" \/>\n\t<meta name=\"twitter:data1\" content=\"3 minuts\" \/>\n<script type=\"application\/ld+json\" class=\"yoast-schema-graph\">{\"@context\":\"https:\/\/schema.org\",\"@graph\":[{\"@type\":\"WebPage\",\"@id\":\"https:\/\/northiberianctc.com\/blog\/ca\/?page_id=46\",\"url\":\"https:\/\/northiberianctc.com\/blog\/ca\/?page_id=46\",\"name\":\"Finisterre i Muxia - Nord Ib\u00e8ric de costa a costa\",\"isPartOf\":{\"@id\":\"https:\/\/northiberianctc.com\/blog\/ca\/#website\"},\"datePublished\":\"2013-08-07T18:44:05+00:00\",\"dateModified\":\"2013-10-01T15:23:13+00:00\",\"breadcrumb\":{\"@id\":\"https:\/\/northiberianctc.com\/blog\/ca\/?page_id=46#breadcrumb\"},\"inLanguage\":\"ca\",\"potentialAction\":[{\"@type\":\"ReadAction\",\"target\":[\"https:\/\/northiberianctc.com\/blog\/ca\/?page_id=46\"]}]},{\"@type\":\"BreadcrumbList\",\"@id\":\"https:\/\/northiberianctc.com\/blog\/ca\/?page_id=46#breadcrumb\",\"itemListElement\":[{\"@type\":\"ListItem\",\"position\":1,\"name\":\"Home\",\"item\":\"https:\/\/northiberianctc.com\/blog\/ca\/\"},{\"@type\":\"ListItem\",\"position\":2,\"name\":\"Finisterre i Muxia\"}]},{\"@type\":\"WebSite\",\"@id\":\"https:\/\/northiberianctc.com\/blog\/ca\/#website\",\"url\":\"https:\/\/northiberianctc.com\/blog\/ca\/\",\"name\":\"Nord Ib\u00e8ric de costa a costa\",\"description\":\"Nord de la Pen\u00ednsula Ib\u00e8rica, 2.400 km d&#039;experi\u00e8ncia en bicicleta de muntanya\",\"potentialAction\":[{\"@type\":\"SearchAction\",\"target\":{\"@type\":\"EntryPoint\",\"urlTemplate\":\"https:\/\/northiberianctc.com\/blog\/ca\/?s={search_term_string}\"},\"query-input\":{\"@type\":\"PropertyValueSpecification\",\"valueRequired\":true,\"valueName\":\"search_term_string\"}}],\"inLanguage\":\"ca\"}]}<\/script>\n<!-- \/ Yoast SEO plugin. -->","yoast_head_json":{"title":"Finisterre i Muxia - Nord Ib\u00e8ric de costa a costa","robots":{"index":"index","follow":"follow","max-snippet":"max-snippet:-1","max-image-preview":"max-image-preview:large","max-video-preview":"max-video-preview:-1"},"canonical":"https:\/\/northiberianctc.com\/blog\/ca\/?page_id=46","og_locale":"ca_ES","og_type":"article","og_title":"Finisterre i Muxia - Nord Ib\u00e8ric de costa a costa","og_description":"Els pelegrins que han pogut finalitzar el seu cam\u00ed fins a la suposada tomba de l&#8217;ap\u00f2stol Jaume hi han arribat de moltes maneres i des de molts llocs, seguint diferents itineraris, per\u00f2 el seu \u00fanic objectiu ha estat arribar a la capital de Gal\u00edcia,\u00a0 Santiago de Compostela, situada a l&#8217;interior de la prov\u00edncia de Coru\u00f1a. [&hellip;]","og_url":"https:\/\/northiberianctc.com\/blog\/ca\/?page_id=46","og_site_name":"Nord Ib\u00e8ric de costa a costa","article_modified_time":"2013-10-01T15:23:13+00:00","twitter_misc":{"Temps estimat de lectura":"3 minuts"},"schema":{"@context":"https:\/\/schema.org","@graph":[{"@type":"WebPage","@id":"https:\/\/northiberianctc.com\/blog\/ca\/?page_id=46","url":"https:\/\/northiberianctc.com\/blog\/ca\/?page_id=46","name":"Finisterre i Muxia - Nord Ib\u00e8ric de costa a costa","isPartOf":{"@id":"https:\/\/northiberianctc.com\/blog\/ca\/#website"},"datePublished":"2013-08-07T18:44:05+00:00","dateModified":"2013-10-01T15:23:13+00:00","breadcrumb":{"@id":"https:\/\/northiberianctc.com\/blog\/ca\/?page_id=46#breadcrumb"},"inLanguage":"ca","potentialAction":[{"@type":"ReadAction","target":["https:\/\/northiberianctc.com\/blog\/ca\/?page_id=46"]}]},{"@type":"BreadcrumbList","@id":"https:\/\/northiberianctc.com\/blog\/ca\/?page_id=46#breadcrumb","itemListElement":[{"@type":"ListItem","position":1,"name":"Home","item":"https:\/\/northiberianctc.com\/blog\/ca\/"},{"@type":"ListItem","position":2,"name":"Finisterre i Muxia"}]},{"@type":"WebSite","@id":"https:\/\/northiberianctc.com\/blog\/ca\/#website","url":"https:\/\/northiberianctc.com\/blog\/ca\/","name":"Nord Ib\u00e8ric de costa a costa","description":"Nord de la Pen\u00ednsula Ib\u00e8rica, 2.400 km d&#039;experi\u00e8ncia en bicicleta de muntanya","potentialAction":[{"@type":"SearchAction","target":{"@type":"EntryPoint","urlTemplate":"https:\/\/northiberianctc.com\/blog\/ca\/?s={search_term_string}"},"query-input":{"@type":"PropertyValueSpecification","valueRequired":true,"valueName":"search_term_string"}}],"inLanguage":"ca"}]}},"_links":{"self":[{"href":"https:\/\/northiberianctc.com\/blog\/ca\/index.php?rest_route=\/wp\/v2\/pages\/46"}],"collection":[{"href":"https:\/\/northiberianctc.com\/blog\/ca\/index.php?rest_route=\/wp\/v2\/pages"}],"about":[{"href":"https:\/\/northiberianctc.com\/blog\/ca\/index.php?rest_route=\/wp\/v2\/types\/page"}],"author":[{"embeddable":true,"href":"https:\/\/northiberianctc.com\/blog\/ca\/index.php?rest_route=\/wp\/v2\/users\/1"}],"replies":[{"embeddable":true,"href":"https:\/\/northiberianctc.com\/blog\/ca\/index.php?rest_route=%2Fwp%2Fv2%2Fcomments&post=46"}],"version-history":[{"count":6,"href":"https:\/\/northiberianctc.com\/blog\/ca\/index.php?rest_route=\/wp\/v2\/pages\/46\/revisions"}],"predecessor-version":[{"id":108,"href":"https:\/\/northiberianctc.com\/blog\/ca\/index.php?rest_route=\/wp\/v2\/pages\/46\/revisions\/108"}],"wp:attachment":[{"href":"https:\/\/northiberianctc.com\/blog\/ca\/index.php?rest_route=%2Fwp%2Fv2%2Fmedia&parent=46"}],"curies":[{"name":"wp","href":"https:\/\/api.w.org\/{rel}","templated":true}]}}