{"id":13,"date":"2013-07-20T15:39:14","date_gmt":"2013-07-20T15:39:14","guid":{"rendered":"http:\/\/northiberianctc.com\/blog\/en\/?page_id=13"},"modified":"2013-10-16T12:51:04","modified_gmt":"2013-10-16T12:51:04","slug":"about-me","status":"publish","type":"page","link":"https:\/\/northiberianctc.com\/blog\/en\/?page_id=13","title":{"rendered":"About me"},"content":{"rendered":"<p><img decoding=\"async\" loading=\"lazy\" class=\"alignright\" style=\"margin-left: 6px; margin-right: 6px;\" alt=\"gerard tost\" src=\"https:\/\/northiberianctc.com\/img\/stages\/ribadeo-gerard.jpg\" width=\"320\" height=\"195\" \/>Gerard Tost (Reus, Catalonia, 1970). I work as a project manager at <a title=\"Editio Software\" href=\"http:\/\/editiosoftware.com\/\">Editio Software<\/a>, a computer engineering company in Tarragona, and I am also an amateur mountain biker. Over the last few years, I have done some cycle tourism trips, when my job responsibilities and time available made it possible.<\/p>\n<p>In mid 2012, I thought of taking a long mountain holiday on my bicycle. With some college mates, we had done a section of the\u00a0Transpyrenean tour in 1996, and I thought of doing it completely, from Llan\u00e7\u00e0 to Ir\u00fan, and maybe going on a little more. When I estimated the time it would take me to get to Galicia, I decided to design a mountain bike route along the coastal perimeter of the north of the Iberian Peninsula.<\/p>\n<p><img decoding=\"async\" loading=\"lazy\" class=\"alignright\" style=\"margin-left: 6px; margin-right: 6px;\" alt=\"friends at Deva campsite\" src=\"https:\/\/northiberianctc.com\/img\/stages\/deva-friends.jpg\" width=\"320\" height=\"195\" \/>I started the Trans Pyrenees tour in October 2012 and had to abandon it due to lack of available accommodation out of season. I continued the trip from late May to mid July 2013.<\/p>\n<p><strong>Contact<\/strong><\/p>\n<p>To contact me, please &#8216;like&#8217; us in <a title=\"This route in Facebook\" href=\"https:\/\/www.facebook.com\/NorthIberianCoastToCoast\"><strong>Facebook<\/strong><\/a> and send a private message. In case you only want to receive updates or public comment, you can use the comments of this blog, or post to Facebook or <a title=\"My profile in Panoramio\" href=\"https:\/\/ssl.panoramio.com\/user\/7124452\"><strong>Panoramio<\/strong><\/a>.<\/p>\n<p><strong>Why have I published this guide?<\/strong><\/p>\n<p>The reason why I have post it online is that, when I started<strong> designing a journey through the Pyrenees, and at the same time, through the Cantabrian coast<\/strong>, I did not find any routes available to do something similar along the coastal perimeter.<\/p>\n<p>There was plenty of information about some alternatives to the Trans Pyrenees tour, also the Northern Route of the Way of Saint James, and some bicycle routes along the coasts of Galicia, mainly in Corunna and surrounding areas. But this very fragmented information did not connect the entire perimeter I wanted to follow, and I had to design the route with my computer, digital maps, and routes that could be followed with a GPS receiver for adventure activities.<\/p>\n<p>When I finished route I had planned, I decided to publish the experience so that there would be a <strong>complete repository of GPS tracks, a list of lodges, supporting photographs, and some personal comments about each stage<\/strong>, and then, any person who may be interested in doing a similar trip could have some basic materials that haven&#8217;t been available so far.<\/p>\n<p><strong>About this route&#8217;s GPS tracks<\/strong><\/p>\n<p>The route was designed directly with a computer, and the GPS tracks obtained through real experience complement the initial information I had on the map. They are in GPX format if downloaded from this website, and in different final formats in <a title=\"This route in Wikiloc\" href=\"http:\/\/en.wikiloc.com\/wikiloc\/view.do?id=4973783\">Wikiloc<\/a>.<\/p>\n<p>The tracks in this website are of two types. On the one hand, those resulting from putting routes into practice, but there are other tracks I used to design the routes at first. The reason is that, in the middle of the trip, by mistake, I reset the configuration of the automatic recording of the route followed by my GPS, so I had to use the original versions and touch them up in my computer stage by stage. The routes are right and can be followed, but sometimes, there is some information inserted in the tracks that can cause statistical interpretation problems.<\/p>\n","protected":false},"excerpt":{"rendered":"<p>Gerard Tost (Reus, Catalonia, 1970). I work as a project manager at Editio Software, a computer engineering company in Tarragona, and I am also an amateur mountain biker. Over the last few years, I have done some cycle tourism trips, when my job responsibilities and time available made it possible. In mid 2012, I thought [&hellip;]<\/p>\n","protected":false},"author":1,"featured_media":0,"parent":0,"menu_order":0,"comment_status":"open","ping_status":"open","template":"page-templates\/full-width.php","meta":{"footnotes":""},"yoast_head":"<!-- This site is optimized with the Yoast SEO plugin v22.6 - https:\/\/yoast.com\/wordpress\/plugins\/seo\/ -->\n<title>About me - North Iberian coast to coast<\/title>\n<meta name=\"robots\" content=\"index, follow, max-snippet:-1, max-image-preview:large, max-video-preview:-1\" \/>\n<link rel=\"canonical\" href=\"https:\/\/northiberianctc.com\/blog\/en\/?page_id=13\" \/>\n<meta property=\"og:locale\" content=\"en_US\" \/>\n<meta property=\"og:type\" content=\"article\" \/>\n<meta property=\"og:title\" content=\"About me - North Iberian coast to coast\" \/>\n<meta property=\"og:description\" content=\"Gerard Tost (Reus, Catalonia, 1970). I work as a project manager at Editio Software, a computer engineering company in Tarragona, and I am also an amateur mountain biker. Over the last few years, I have done some cycle tourism trips, when my job responsibilities and time available made it possible. In mid 2012, I thought [&hellip;]\" \/>\n<meta property=\"og:url\" content=\"https:\/\/northiberianctc.com\/blog\/en\/?page_id=13\" \/>\n<meta property=\"og:site_name\" content=\"North Iberian coast to coast\" \/>\n<meta property=\"article:modified_time\" content=\"2013-10-16T12:51:04+00:00\" \/>\n<meta property=\"og:image\" content=\"https:\/\/northiberianctc.com\/img\/stages\/ribadeo-gerard.jpg\" \/>\n<meta name=\"twitter:label1\" content=\"Est. reading time\" \/>\n\t<meta name=\"twitter:data1\" content=\"3 minutes\" \/>\n<script type=\"application\/ld+json\" class=\"yoast-schema-graph\">{\"@context\":\"https:\/\/schema.org\",\"@graph\":[{\"@type\":\"WebPage\",\"@id\":\"https:\/\/northiberianctc.com\/blog\/en\/?page_id=13\",\"url\":\"https:\/\/northiberianctc.com\/blog\/en\/?page_id=13\",\"name\":\"About me - North Iberian coast to coast\",\"isPartOf\":{\"@id\":\"https:\/\/northiberianctc.com\/blog\/en\/#website\"},\"primaryImageOfPage\":{\"@id\":\"https:\/\/northiberianctc.com\/blog\/en\/?page_id=13#primaryimage\"},\"image\":{\"@id\":\"https:\/\/northiberianctc.com\/blog\/en\/?page_id=13#primaryimage\"},\"thumbnailUrl\":\"https:\/\/northiberianctc.com\/img\/stages\/ribadeo-gerard.jpg\",\"datePublished\":\"2013-07-20T15:39:14+00:00\",\"dateModified\":\"2013-10-16T12:51:04+00:00\",\"breadcrumb\":{\"@id\":\"https:\/\/northiberianctc.com\/blog\/en\/?page_id=13#breadcrumb\"},\"inLanguage\":\"en-US\",\"potentialAction\":[{\"@type\":\"ReadAction\",\"target\":[\"https:\/\/northiberianctc.com\/blog\/en\/?page_id=13\"]}]},{\"@type\":\"ImageObject\",\"inLanguage\":\"en-US\",\"@id\":\"https:\/\/northiberianctc.com\/blog\/en\/?page_id=13#primaryimage\",\"url\":\"https:\/\/northiberianctc.com\/img\/stages\/ribadeo-gerard.jpg\",\"contentUrl\":\"https:\/\/northiberianctc.com\/img\/stages\/ribadeo-gerard.jpg\"},{\"@type\":\"BreadcrumbList\",\"@id\":\"https:\/\/northiberianctc.com\/blog\/en\/?page_id=13#breadcrumb\",\"itemListElement\":[{\"@type\":\"ListItem\",\"position\":1,\"name\":\"Home\",\"item\":\"https:\/\/northiberianctc.com\/blog\/en\/\"},{\"@type\":\"ListItem\",\"position\":2,\"name\":\"About me\"}]},{\"@type\":\"WebSite\",\"@id\":\"https:\/\/northiberianctc.com\/blog\/en\/#website\",\"url\":\"https:\/\/northiberianctc.com\/blog\/en\/\",\"name\":\"North Iberian coast to coast\",\"description\":\"North of the Iberian Peninsula, 2,400 km of mountain bike experience\",\"potentialAction\":[{\"@type\":\"SearchAction\",\"target\":{\"@type\":\"EntryPoint\",\"urlTemplate\":\"https:\/\/northiberianctc.com\/blog\/en\/?s={search_term_string}\"},\"query-input\":\"required name=search_term_string\"}],\"inLanguage\":\"en-US\"}]}<\/script>\n<!-- \/ Yoast SEO plugin. -->","yoast_head_json":{"title":"About me - North Iberian coast to coast","robots":{"index":"index","follow":"follow","max-snippet":"max-snippet:-1","max-image-preview":"max-image-preview:large","max-video-preview":"max-video-preview:-1"},"canonical":"https:\/\/northiberianctc.com\/blog\/en\/?page_id=13","og_locale":"en_US","og_type":"article","og_title":"About me - North Iberian coast to coast","og_description":"Gerard Tost (Reus, Catalonia, 1970). I work as a project manager at Editio Software, a computer engineering company in Tarragona, and I am also an amateur mountain biker. Over the last few years, I have done some cycle tourism trips, when my job responsibilities and time available made it possible. In mid 2012, I thought [&hellip;]","og_url":"https:\/\/northiberianctc.com\/blog\/en\/?page_id=13","og_site_name":"North Iberian coast to coast","article_modified_time":"2013-10-16T12:51:04+00:00","og_image":[{"url":"https:\/\/northiberianctc.com\/img\/stages\/ribadeo-gerard.jpg"}],"twitter_misc":{"Est. reading time":"3 minutes"},"schema":{"@context":"https:\/\/schema.org","@graph":[{"@type":"WebPage","@id":"https:\/\/northiberianctc.com\/blog\/en\/?page_id=13","url":"https:\/\/northiberianctc.com\/blog\/en\/?page_id=13","name":"About me - North Iberian coast to coast","isPartOf":{"@id":"https:\/\/northiberianctc.com\/blog\/en\/#website"},"primaryImageOfPage":{"@id":"https:\/\/northiberianctc.com\/blog\/en\/?page_id=13#primaryimage"},"image":{"@id":"https:\/\/northiberianctc.com\/blog\/en\/?page_id=13#primaryimage"},"thumbnailUrl":"https:\/\/northiberianctc.com\/img\/stages\/ribadeo-gerard.jpg","datePublished":"2013-07-20T15:39:14+00:00","dateModified":"2013-10-16T12:51:04+00:00","breadcrumb":{"@id":"https:\/\/northiberianctc.com\/blog\/en\/?page_id=13#breadcrumb"},"inLanguage":"en-US","potentialAction":[{"@type":"ReadAction","target":["https:\/\/northiberianctc.com\/blog\/en\/?page_id=13"]}]},{"@type":"ImageObject","inLanguage":"en-US","@id":"https:\/\/northiberianctc.com\/blog\/en\/?page_id=13#primaryimage","url":"https:\/\/northiberianctc.com\/img\/stages\/ribadeo-gerard.jpg","contentUrl":"https:\/\/northiberianctc.com\/img\/stages\/ribadeo-gerard.jpg"},{"@type":"BreadcrumbList","@id":"https:\/\/northiberianctc.com\/blog\/en\/?page_id=13#breadcrumb","itemListElement":[{"@type":"ListItem","position":1,"name":"Home","item":"https:\/\/northiberianctc.com\/blog\/en\/"},{"@type":"ListItem","position":2,"name":"About me"}]},{"@type":"WebSite","@id":"https:\/\/northiberianctc.com\/blog\/en\/#website","url":"https:\/\/northiberianctc.com\/blog\/en\/","name":"North Iberian coast to coast","description":"North of the Iberian Peninsula, 2,400 km of mountain bike experience","potentialAction":[{"@type":"SearchAction","target":{"@type":"EntryPoint","urlTemplate":"https:\/\/northiberianctc.com\/blog\/en\/?s={search_term_string}"},"query-input":"required name=search_term_string"}],"inLanguage":"en-US"}]}},"_links":{"self":[{"href":"https:\/\/northiberianctc.com\/blog\/en\/index.php?rest_route=\/wp\/v2\/pages\/13"}],"collection":[{"href":"https:\/\/northiberianctc.com\/blog\/en\/index.php?rest_route=\/wp\/v2\/pages"}],"about":[{"href":"https:\/\/northiberianctc.com\/blog\/en\/index.php?rest_route=\/wp\/v2\/types\/page"}],"author":[{"embeddable":true,"href":"https:\/\/northiberianctc.com\/blog\/en\/index.php?rest_route=\/wp\/v2\/users\/1"}],"replies":[{"embeddable":true,"href":"https:\/\/northiberianctc.com\/blog\/en\/index.php?rest_route=%2Fwp%2Fv2%2Fcomments&post=13"}],"version-history":[{"count":20,"href":"https:\/\/northiberianctc.com\/blog\/en\/index.php?rest_route=\/wp\/v2\/pages\/13\/revisions"}],"predecessor-version":[{"id":649,"href":"https:\/\/northiberianctc.com\/blog\/en\/index.php?rest_route=\/wp\/v2\/pages\/13\/revisions\/649"}],"wp:attachment":[{"href":"https:\/\/northiberianctc.com\/blog\/en\/index.php?rest_route=%2Fwp%2Fv2%2Fmedia&parent=13"}],"curies":[{"name":"wp","href":"https:\/\/api.w.org\/{rel}","templated":true}]}}