{"id":19,"date":"2013-08-19T18:37:32","date_gmt":"2013-08-19T18:37:32","guid":{"rendered":"http:\/\/northiberianctc.com\/blog\/es\/?page_id=19"},"modified":"2013-10-16T12:43:31","modified_gmt":"2013-10-16T12:43:31","slug":"pirineo-aragones","status":"publish","type":"page","link":"https:\/\/northiberianctc.com\/blog\/es\/?page_id=19","title":{"rendered":"Pirineo aragon\u00e9s"},"content":{"rendered":"<p>El Pirineo de Huesca, <em>Uesca<\/em> en aragon\u00e9s, es el que recorremos en nuestra ruta de costa a costa de la Pen\u00ednsula. Solamente esta provincia, de las tres que conforman Arag\u00f3n, tiene territorios suficientemente al norte como para incluir espacios en los Pirineos.<\/p>\n<p><a title=\"Track GPS con el recorrido completo por los Pirineos\" href=\"http:\/\/goo.gl\/UKpBIu\">Track GPS con el recorrido completo por los Pirineos<\/a><\/p>\n<div style=\"margin: 0 auto 0 auto; width: 400px;\"><iframe loading=\"lazy\" src=\"https:\/\/ssl.panoramio.com\/wapi\/template\/photo.html?user=7124452&amp;tag=Aragon&amp;bgcolor=%23FFFFFF\" height=\"400\" width=\"500\" frameborder=\"0\" marginwidth=\"0\" marginheight=\"0\" scrolling=\"no\"><\/iframe><\/div>\n<p><strong>Etapas, poblaciones y alojamientos<\/strong><\/p>\n<p>Aunque el n\u00famero de campings de Arag\u00f3n no es tan elevado como el que podemos encontrar en los Pirineos Catalanes para las mismas distancias recorridas, durante toda la traves\u00eda pude descansar en zonas de acampada autorizadas.<\/p>\n<p>Los desniveles en Arag\u00f3n son m\u00e1s duros que en Catalu\u00f1a, porqu\u00e9 empiezan los ascensos cortos y con fuerte pendiente, lo que nos prepara para Navarra, donde casi todos son de ese tipo. Lo que sucede, diferente de lo que nos podemos encontrar en Catalu\u00f1a, es que en general hay menos poblaciones y por l\u00f3gica las distancias entre ellas son mayores para una misma etapa, de modo que no nos podemos despistar mucho cuando desarrollamos las etapas puesto que es f\u00e1cil que nos pueda caer la noche encima en la monta\u00f1a.<\/p>\n<p>En cuanto a las divisiones administrativas, nuestra ruta pasar\u00e1 por seis comarcas de la distribuci\u00f3n tradicional aragonesa: La Ribagorza, que conecta con la Alta Ribagor\u00e7a de Catalu\u00f1a, el Sobrarbe, donde est\u00e1n Ordesa y el Monte Perdido, el Alto G\u00e1llego y la Jacetania, colindante con el navarr\u00e9s Valle de Roncal.<\/p>\n<p><strong>Condiciones clim\u00e1ticas<\/strong><\/p>\n<p>Para lo que concierne a nuestro viaje, el clima del Pirineo Aragon\u00e9s en verano es en general templado y\u00a0 bastante previsible, dentro de lo que permite relativamente ser previsto en una zona de extremos. Si no encontramos lluvia constante en esta regi\u00f3n, en general no nos encontraremos con mucho fango en las pistas forestales, ya que el terreno est\u00e1 bastante seco.<\/p>\n<p>En cuanto al viento, debemos tener en cuenta que siempre ser\u00e1 predominantemente de Noroeste o de Norte o de Oeste, pues vendr\u00e1 de Francia o del Atl\u00e1ntico y generalmente siempre nos dificultar\u00e1 la marcha hacia el final de los Pirineos.<\/p>\n<p><strong>Estado de las pistas forestales<\/strong><\/p>\n<p>Seg\u00fan mi experiencia personal, las pistas forestales de Arag\u00f3n no est\u00e1n tan cuidadosamente mantenidas como las de Navarra o Catalu\u00f1a. De todas las pistas que recorr\u00ed por los Pirineos eran las que ten\u00edan m\u00e1s aludes de piedras y m\u00e1s nieve sin deshelar.<\/p>\n<p>Seguramente eso tiene que ver con el hecho de que yo pas\u00e9 por all\u00ed en un momento en que hab\u00eda m\u00e1s lluvias, at\u00edpicas,\u00a0 de las que acostumbran a caer a principios de junio, que hab\u00eda inundaciones c\u00f3mo no se hab\u00edan visto en 40 a\u00f1os y que el \u00faltimo invierno hab\u00eda nevado mucho m\u00e1s de lo que era habitual, de modo que no deb\u00eda tener sentido arreglar las zonas de paso antes del definitivo deshielo.<\/p>\n<p><strong>Lista de etapas de la ruta de costa a costa por los Pirineos Aragoneses<\/strong><\/p>\n<ul>\n<li><a title=\"etapa 13\" href=\"https:\/\/northiberianctc.com\/blog\/es\/?p=174\">Etapa 13: Pont de Suert \u2013 Castej\u00f3n de Sos<\/a><\/li>\n<li><a title=\"etapa 14\" href=\"https:\/\/northiberianctc.com\/blog\/es\/?p=176\">Etapa 14: Castej\u00f3n de Sos \u2013 Puyarruego<\/a><\/li>\n<li><a title=\"excursi\u00f3n a Ainsa\" href=\"https:\/\/northiberianctc.com\/blog\/es\/?p=180\">Excursi\u00f3n: Puyarruego \u2013 Ainsa \u2013 Puyarruego<\/a><\/li>\n<li><a title=\"etapa 15\" href=\"https:\/\/northiberianctc.com\/blog\/es\/?p=178\">Etapa 15: Puyarruego \u2013 Torla<\/a><\/li>\n<li><a title=\"etapa 16\" href=\"https:\/\/northiberianctc.com\/blog\/es\/?p=183\">Etapa 16: Torla \u2013 Seneg\u00fc\u00e9<\/a><\/li>\n<li><a title=\"etapa 17\" href=\"https:\/\/northiberianctc.com\/blog\/es\/?p=185\">Etapa 17: Seneg\u00fc\u00e9 \u2013 Castiello de Jaca<\/a><\/li>\n<li><a title=\"etapa 18\" href=\"https:\/\/northiberianctc.com\/blog\/es\/?p=187\">Etapa 18: Castiello de Jaca \u2013 Hecho<\/a><\/li>\n<\/ul>\n","protected":false},"excerpt":{"rendered":"<p>El Pirineo de Huesca, Uesca en aragon\u00e9s, es el que recorremos en nuestra ruta de costa a costa de la Pen\u00ednsula. Solamente esta provincia, de las tres que conforman Arag\u00f3n, tiene territorios suficientemente al norte como para incluir espacios en los Pirineos. Track GPS con el recorrido completo por los Pirineos Etapas, poblaciones y alojamientos [&hellip;]<\/p>\n","protected":false},"author":1,"featured_media":0,"parent":0,"menu_order":0,"comment_status":"open","ping_status":"open","template":"page-templates\/full-width.php","meta":{"footnotes":""},"class_list":["post-19","page","type-page","status-publish","hentry"],"yoast_head":"<!-- This site is optimized with the Yoast SEO plugin v27.5 - https:\/\/yoast.com\/product\/yoast-seo-wordpress\/ -->\n<title>Pirineo aragon\u00e9s - Norte Ib\u00e9rico de costa a costa<\/title>\n<meta name=\"robots\" content=\"index, follow, max-snippet:-1, max-image-preview:large, max-video-preview:-1\" \/>\n<link rel=\"canonical\" href=\"https:\/\/northiberianctc.com\/blog\/es\/?page_id=19\" \/>\n<meta property=\"og:locale\" content=\"es_ES\" \/>\n<meta property=\"og:type\" content=\"article\" \/>\n<meta property=\"og:title\" content=\"Pirineo aragon\u00e9s - Norte Ib\u00e9rico de costa a costa\" \/>\n<meta property=\"og:description\" content=\"El Pirineo de Huesca, Uesca en aragon\u00e9s, es el que recorremos en nuestra ruta de costa a costa de la Pen\u00ednsula. Solamente esta provincia, de las tres que conforman Arag\u00f3n, tiene territorios suficientemente al norte como para incluir espacios en los Pirineos. Track GPS con el recorrido completo por los Pirineos Etapas, poblaciones y alojamientos [&hellip;]\" \/>\n<meta property=\"og:url\" content=\"https:\/\/northiberianctc.com\/blog\/es\/?page_id=19\" \/>\n<meta property=\"og:site_name\" content=\"Norte Ib\u00e9rico de costa a costa\" \/>\n<meta property=\"article:modified_time\" content=\"2013-10-16T12:43:31+00:00\" \/>\n<meta name=\"twitter:label1\" content=\"Tiempo de lectura\" \/>\n\t<meta name=\"twitter:data1\" content=\"3 minutos\" \/>\n<script type=\"application\/ld+json\" class=\"yoast-schema-graph\">{\"@context\":\"https:\\\/\\\/schema.org\",\"@graph\":[{\"@type\":\"WebPage\",\"@id\":\"https:\\\/\\\/northiberianctc.com\\\/blog\\\/es\\\/?page_id=19\",\"url\":\"https:\\\/\\\/northiberianctc.com\\\/blog\\\/es\\\/?page_id=19\",\"name\":\"Pirineo aragon\u00e9s - Norte Ib\u00e9rico de costa a costa\",\"isPartOf\":{\"@id\":\"https:\\\/\\\/northiberianctc.com\\\/blog\\\/es\\\/#website\"},\"datePublished\":\"2013-08-19T18:37:32+00:00\",\"dateModified\":\"2013-10-16T12:43:31+00:00\",\"breadcrumb\":{\"@id\":\"https:\\\/\\\/northiberianctc.com\\\/blog\\\/es\\\/?page_id=19#breadcrumb\"},\"inLanguage\":\"es\",\"potentialAction\":[{\"@type\":\"ReadAction\",\"target\":[\"https:\\\/\\\/northiberianctc.com\\\/blog\\\/es\\\/?page_id=19\"]}]},{\"@type\":\"BreadcrumbList\",\"@id\":\"https:\\\/\\\/northiberianctc.com\\\/blog\\\/es\\\/?page_id=19#breadcrumb\",\"itemListElement\":[{\"@type\":\"ListItem\",\"position\":1,\"name\":\"Home\",\"item\":\"https:\\\/\\\/northiberianctc.com\\\/blog\\\/es\\\/\"},{\"@type\":\"ListItem\",\"position\":2,\"name\":\"Pirineo aragon\u00e9s\"}]},{\"@type\":\"WebSite\",\"@id\":\"https:\\\/\\\/northiberianctc.com\\\/blog\\\/es\\\/#website\",\"url\":\"https:\\\/\\\/northiberianctc.com\\\/blog\\\/es\\\/\",\"name\":\"Norte Ib\u00e9rico de costa a costa\",\"description\":\"Norte de la Pen\u00ednsula Ib\u00e9rica, 2.400 km de experiencia en bicicleta de monta\u00f1a\",\"potentialAction\":[{\"@type\":\"SearchAction\",\"target\":{\"@type\":\"EntryPoint\",\"urlTemplate\":\"https:\\\/\\\/northiberianctc.com\\\/blog\\\/es\\\/?s={search_term_string}\"},\"query-input\":{\"@type\":\"PropertyValueSpecification\",\"valueRequired\":true,\"valueName\":\"search_term_string\"}}],\"inLanguage\":\"es\"}]}<\/script>\n<!-- \/ Yoast SEO plugin. -->","yoast_head_json":{"title":"Pirineo aragon\u00e9s - Norte Ib\u00e9rico de costa a costa","robots":{"index":"index","follow":"follow","max-snippet":"max-snippet:-1","max-image-preview":"max-image-preview:large","max-video-preview":"max-video-preview:-1"},"canonical":"https:\/\/northiberianctc.com\/blog\/es\/?page_id=19","og_locale":"es_ES","og_type":"article","og_title":"Pirineo aragon\u00e9s - Norte Ib\u00e9rico de costa a costa","og_description":"El Pirineo de Huesca, Uesca en aragon\u00e9s, es el que recorremos en nuestra ruta de costa a costa de la Pen\u00ednsula. Solamente esta provincia, de las tres que conforman Arag\u00f3n, tiene territorios suficientemente al norte como para incluir espacios en los Pirineos. Track GPS con el recorrido completo por los Pirineos Etapas, poblaciones y alojamientos [&hellip;]","og_url":"https:\/\/northiberianctc.com\/blog\/es\/?page_id=19","og_site_name":"Norte Ib\u00e9rico de costa a costa","article_modified_time":"2013-10-16T12:43:31+00:00","twitter_misc":{"Tiempo de lectura":"3 minutos"},"schema":{"@context":"https:\/\/schema.org","@graph":[{"@type":"WebPage","@id":"https:\/\/northiberianctc.com\/blog\/es\/?page_id=19","url":"https:\/\/northiberianctc.com\/blog\/es\/?page_id=19","name":"Pirineo aragon\u00e9s - Norte Ib\u00e9rico de costa a costa","isPartOf":{"@id":"https:\/\/northiberianctc.com\/blog\/es\/#website"},"datePublished":"2013-08-19T18:37:32+00:00","dateModified":"2013-10-16T12:43:31+00:00","breadcrumb":{"@id":"https:\/\/northiberianctc.com\/blog\/es\/?page_id=19#breadcrumb"},"inLanguage":"es","potentialAction":[{"@type":"ReadAction","target":["https:\/\/northiberianctc.com\/blog\/es\/?page_id=19"]}]},{"@type":"BreadcrumbList","@id":"https:\/\/northiberianctc.com\/blog\/es\/?page_id=19#breadcrumb","itemListElement":[{"@type":"ListItem","position":1,"name":"Home","item":"https:\/\/northiberianctc.com\/blog\/es\/"},{"@type":"ListItem","position":2,"name":"Pirineo aragon\u00e9s"}]},{"@type":"WebSite","@id":"https:\/\/northiberianctc.com\/blog\/es\/#website","url":"https:\/\/northiberianctc.com\/blog\/es\/","name":"Norte Ib\u00e9rico de costa a costa","description":"Norte de la Pen\u00ednsula Ib\u00e9rica, 2.400 km de experiencia en bicicleta de monta\u00f1a","potentialAction":[{"@type":"SearchAction","target":{"@type":"EntryPoint","urlTemplate":"https:\/\/northiberianctc.com\/blog\/es\/?s={search_term_string}"},"query-input":{"@type":"PropertyValueSpecification","valueRequired":true,"valueName":"search_term_string"}}],"inLanguage":"es"}]}},"_links":{"self":[{"href":"https:\/\/northiberianctc.com\/blog\/es\/index.php?rest_route=\/wp\/v2\/pages\/19","targetHints":{"allow":["GET"]}}],"collection":[{"href":"https:\/\/northiberianctc.com\/blog\/es\/index.php?rest_route=\/wp\/v2\/pages"}],"about":[{"href":"https:\/\/northiberianctc.com\/blog\/es\/index.php?rest_route=\/wp\/v2\/types\/page"}],"author":[{"embeddable":true,"href":"https:\/\/northiberianctc.com\/blog\/es\/index.php?rest_route=\/wp\/v2\/users\/1"}],"replies":[{"embeddable":true,"href":"https:\/\/northiberianctc.com\/blog\/es\/index.php?rest_route=%2Fwp%2Fv2%2Fcomments&post=19"}],"version-history":[{"count":8,"href":"https:\/\/northiberianctc.com\/blog\/es\/index.php?rest_route=\/wp\/v2\/pages\/19\/revisions"}],"predecessor-version":[{"id":398,"href":"https:\/\/northiberianctc.com\/blog\/es\/index.php?rest_route=\/wp\/v2\/pages\/19\/revisions\/398"}],"wp:attachment":[{"href":"https:\/\/northiberianctc.com\/blog\/es\/index.php?rest_route=%2Fwp%2Fv2%2Fmedia&parent=19"}],"curies":[{"name":"wp","href":"https:\/\/api.w.org\/{rel}","templated":true}]}}