{"id":25,"date":"2013-08-19T18:38:28","date_gmt":"2013-08-19T18:38:28","guid":{"rendered":"http:\/\/northiberianctc.com\/blog\/es\/?page_id=25"},"modified":"2013-10-16T12:47:04","modified_gmt":"2013-10-16T12:47:04","slug":"cantabria","status":"publish","type":"page","link":"https:\/\/northiberianctc.com\/blog\/es\/?page_id=25","title":{"rendered":"Cantabria"},"content":{"rendered":"<p>Llegaremos a Cantabria desde la poblaci\u00f3n vasca de Muskiz, siguiendo el litoral y tambi\u00e9n el recorrido por la costa de caminos y carreteras, ligeramente modificado, del Camino de Santiago del Norte.<\/p>\n<p>Cantabria es una comunidad aut\u00f3noma espa\u00f1ola de distribuci\u00f3n uniprovincial. En el per\u00edmetro costero Cantabria tiene una longitud similar a la de la Comunidad Aut\u00f3noma Vasca. <strong>Recorreremos 177 km<\/strong> por toda la costa de Cantabria y pasaremos por su capital, Santander.<\/p>\n<p><a title=\"Track GPS con el recorrido completo por Cantabria\" href=\"http:\/\/goo.gl\/oahcUl\"><strong>Track GPS con el recorrido completo por Cantabria<\/strong><\/a><\/p>\n<div style=\"margin: 0 auto 0 auto; width: 400px;\"><iframe loading=\"lazy\" src=\"https:\/\/ssl.panoramio.com\/wapi\/template\/photo.html?user=7124452&amp;tag=Cantabria&amp;bgcolor=%23FFFFFF\" height=\"400\" width=\"500\" frameborder=\"0\" marginwidth=\"0\" marginheight=\"0\" scrolling=\"no\"><\/iframe><\/div>\n<p><strong>Climatolog\u00eda<\/strong><\/p>\n<p>El clima que nos encontraremos, en general, ser\u00e1 oce\u00e1nico templado en la costa y mediterr\u00e1neo en algunos puntos del interior monta\u00f1oso. Ya que\u00a0 no iremos hasta las monta\u00f1as del sur de Cantabria no har\u00e1 falta tener en cuenta el fr\u00edo o el calor, solamente tener en cuenta que el ambiente siempre ser\u00e1 h\u00famedo y las temperaturas se mantendr\u00e1n alrededor de los 14\u00ba.<\/p>\n<p><strong>Etapas y desniveles<\/strong><\/p>\n<p>La ruta por la costa de Cantabria se puede estructurar de modo muy flexible, ya que no hace falta configurar etapas teniendo en cuenta las alturas y puertos, porque los desniveles son como mucho de 150 m. Aprovechando los tracks GPS de este sitio web se podr\u00edan hacer tranquilamente tres etapas de 60 km y tener el tiempo suficiente para ver todo lo que vale la pena desde un punto de vista paisaj\u00edstico o de inter\u00e9s sociocultural.<\/p>\n<p>El recorrido propuesto sigue paralelo a la l\u00ednea de costa pero veremos el mar de cerca solo durante el 50% del recorrido, ya que el resto de caminos y carreteras secundarias discurren por las monta\u00f1as\u00a0 litorales\u00a0 y no se pasa por la playa. El recorrido mixto mar-monta\u00f1a por una parte nos permitir\u00e1 conocer lugares y poblaciones que pasan desapercibidos al turista litoral, y por otra parte facilitar\u00e1 que podamos seguir el actual Camino de Santiago y aprovechar, si lo deseamos, la red de albergues y otros alojamientos destinados a peregrinos o turistas no motorizados.<\/p>\n<p>Aunque Cantabria es una provincia bastante peque\u00f1a, nuestra ruta de la costa pasa por muchos sitios emblem\u00e1ticos de la pintura rupestre y yacimientos arqueol\u00f3gicos prehist\u00f3ricos, como los museos y centros de interpretaci\u00f3n alrededor de las pinturas de la Cueva de Altamira en Santillana, la Cueva de la Fuente del Sal\u00edn en Unquera, etc., o lugares de inter\u00e9s urban\u00edstico, como por ejemplo la ciudad de Comillas o la villa medieval de Santillana.<\/p>\n<p>Si segu\u00eds las etapas marcadas del viaje, con sus tracks como gu\u00eda, pod\u00e9is recorrer Cantabria sin prisa en unos cinco d\u00edas, pero tambi\u00e9n facilito un track \u00fanico de Cantabria, para que teng\u00e1is una \u00fanica ruta y hag\u00e1is las etapas c\u00f3mo os parezca mejor.<\/p>\n<p><strong>Variaciones alternativas de las etapas de la ruta<\/strong><\/p>\n<p>Una variaci\u00f3n curiosa, pero corta, del recorrido del Camino de Santiago es la que dejo en el track de G\u00faemes a Santander pasando por la costa, ya que mi track inicial (el que incluye toda Cantabria) no contemplaba pasar por los pueblecitos de la costa despu\u00e9s de G\u00fcemes. Solamente son 12 km extra respecto el trazado inicial, pero vale la pena alejarse un poco de la carretera general para terminar igualmente llegando a Santander con el barco de paso que tomaremos en Somo.<\/p>\n<p>Otra ruta es la que pretende evitar una vuelta de 6 km que tendremos que recorrer para llegar al puente del r\u00edo Pas por la ruta Boo de Pi\u00e9lagos-Oru\u00f1a-Mogro. Nos la podemos saltar tomando el tren FEVE en Boo de Pi\u00e9lagos y bajando en la estaci\u00f3n siguiente, que ser\u00e1 Mogro. Tambi\u00e9n podr\u00edais bajar en Requejada y os ahorrar\u00edais pasar por la desembocadura del r\u00edo Saja y una vuelta total de 17 km.<\/p>\n<p><strong><strong><strong>Lista de etapas de la ruta de costa a costa por Cantabria<\/strong><\/strong><\/strong><\/p>\n<ul>\n<li><a title=\"etapa 27\" href=\"https:\/\/northiberianctc.com\/blog\/es\/?p=205\">Etapa 27: Castro Urdiales \u2013 G\u00fcemes<\/a><\/li>\n<li><a title=\"etapa 28\" href=\"https:\/\/northiberianctc.com\/blog\/es\/?p=207\">Etapa 28: G\u00fcemes \u2013 Loredo \u2013 Santander \u2013 San Vicente de la Barquera<\/a><\/li>\n<li><a title=\"etapa 29\" href=\"https:\/\/northiberianctc.com\/blog\/es\/?p=209\">Etapa 29: San Vicente de la Barquera \u2013 Colombres<\/a><\/li>\n<\/ul>\n","protected":false},"excerpt":{"rendered":"<p>Llegaremos a Cantabria desde la poblaci\u00f3n vasca de Muskiz, siguiendo el litoral y tambi\u00e9n el recorrido por la costa de caminos y carreteras, ligeramente modificado, del Camino de Santiago del Norte. Cantabria es una comunidad aut\u00f3noma espa\u00f1ola de distribuci\u00f3n uniprovincial. En el per\u00edmetro costero Cantabria tiene una longitud similar a la de la Comunidad Aut\u00f3noma [&hellip;]<\/p>\n","protected":false},"author":1,"featured_media":0,"parent":0,"menu_order":0,"comment_status":"open","ping_status":"open","template":"page-templates\/full-width.php","meta":{"footnotes":""},"class_list":["post-25","page","type-page","status-publish","hentry"],"yoast_head":"<!-- This site is optimized with the Yoast SEO plugin v27.6 - https:\/\/yoast.com\/product\/yoast-seo-wordpress\/ -->\n<title>Cantabria - Norte Ib\u00e9rico de costa a costa<\/title>\n<meta name=\"robots\" content=\"index, follow, max-snippet:-1, max-image-preview:large, max-video-preview:-1\" \/>\n<link rel=\"canonical\" href=\"https:\/\/northiberianctc.com\/blog\/es\/?page_id=25\" \/>\n<meta property=\"og:locale\" content=\"es_ES\" \/>\n<meta property=\"og:type\" content=\"article\" \/>\n<meta property=\"og:title\" content=\"Cantabria - Norte Ib\u00e9rico de costa a costa\" \/>\n<meta property=\"og:description\" content=\"Llegaremos a Cantabria desde la poblaci\u00f3n vasca de Muskiz, siguiendo el litoral y tambi\u00e9n el recorrido por la costa de caminos y carreteras, ligeramente modificado, del Camino de Santiago del Norte. Cantabria es una comunidad aut\u00f3noma espa\u00f1ola de distribuci\u00f3n uniprovincial. En el per\u00edmetro costero Cantabria tiene una longitud similar a la de la Comunidad Aut\u00f3noma [&hellip;]\" \/>\n<meta property=\"og:url\" content=\"https:\/\/northiberianctc.com\/blog\/es\/?page_id=25\" \/>\n<meta property=\"og:site_name\" content=\"Norte Ib\u00e9rico de costa a costa\" \/>\n<meta property=\"article:modified_time\" content=\"2013-10-16T12:47:04+00:00\" \/>\n<meta name=\"twitter:label1\" content=\"Tiempo de lectura\" \/>\n\t<meta name=\"twitter:data1\" content=\"3 minutos\" \/>\n<script type=\"application\/ld+json\" class=\"yoast-schema-graph\">{\"@context\":\"https:\\\/\\\/schema.org\",\"@graph\":[{\"@type\":\"WebPage\",\"@id\":\"https:\\\/\\\/northiberianctc.com\\\/blog\\\/es\\\/?page_id=25\",\"url\":\"https:\\\/\\\/northiberianctc.com\\\/blog\\\/es\\\/?page_id=25\",\"name\":\"Cantabria - Norte Ib\u00e9rico de costa a costa\",\"isPartOf\":{\"@id\":\"https:\\\/\\\/northiberianctc.com\\\/blog\\\/es\\\/#website\"},\"datePublished\":\"2013-08-19T18:38:28+00:00\",\"dateModified\":\"2013-10-16T12:47:04+00:00\",\"breadcrumb\":{\"@id\":\"https:\\\/\\\/northiberianctc.com\\\/blog\\\/es\\\/?page_id=25#breadcrumb\"},\"inLanguage\":\"es\",\"potentialAction\":[{\"@type\":\"ReadAction\",\"target\":[\"https:\\\/\\\/northiberianctc.com\\\/blog\\\/es\\\/?page_id=25\"]}]},{\"@type\":\"BreadcrumbList\",\"@id\":\"https:\\\/\\\/northiberianctc.com\\\/blog\\\/es\\\/?page_id=25#breadcrumb\",\"itemListElement\":[{\"@type\":\"ListItem\",\"position\":1,\"name\":\"Home\",\"item\":\"https:\\\/\\\/northiberianctc.com\\\/blog\\\/es\\\/\"},{\"@type\":\"ListItem\",\"position\":2,\"name\":\"Cantabria\"}]},{\"@type\":\"WebSite\",\"@id\":\"https:\\\/\\\/northiberianctc.com\\\/blog\\\/es\\\/#website\",\"url\":\"https:\\\/\\\/northiberianctc.com\\\/blog\\\/es\\\/\",\"name\":\"Norte Ib\u00e9rico de costa a costa\",\"description\":\"Norte de la Pen\u00ednsula Ib\u00e9rica, 2.400 km de experiencia en bicicleta de monta\u00f1a\",\"potentialAction\":[{\"@type\":\"SearchAction\",\"target\":{\"@type\":\"EntryPoint\",\"urlTemplate\":\"https:\\\/\\\/northiberianctc.com\\\/blog\\\/es\\\/?s={search_term_string}\"},\"query-input\":{\"@type\":\"PropertyValueSpecification\",\"valueRequired\":true,\"valueName\":\"search_term_string\"}}],\"inLanguage\":\"es\"}]}<\/script>\n<!-- \/ Yoast SEO plugin. -->","yoast_head_json":{"title":"Cantabria - Norte Ib\u00e9rico de costa a costa","robots":{"index":"index","follow":"follow","max-snippet":"max-snippet:-1","max-image-preview":"max-image-preview:large","max-video-preview":"max-video-preview:-1"},"canonical":"https:\/\/northiberianctc.com\/blog\/es\/?page_id=25","og_locale":"es_ES","og_type":"article","og_title":"Cantabria - Norte Ib\u00e9rico de costa a costa","og_description":"Llegaremos a Cantabria desde la poblaci\u00f3n vasca de Muskiz, siguiendo el litoral y tambi\u00e9n el recorrido por la costa de caminos y carreteras, ligeramente modificado, del Camino de Santiago del Norte. Cantabria es una comunidad aut\u00f3noma espa\u00f1ola de distribuci\u00f3n uniprovincial. En el per\u00edmetro costero Cantabria tiene una longitud similar a la de la Comunidad Aut\u00f3noma [&hellip;]","og_url":"https:\/\/northiberianctc.com\/blog\/es\/?page_id=25","og_site_name":"Norte Ib\u00e9rico de costa a costa","article_modified_time":"2013-10-16T12:47:04+00:00","twitter_misc":{"Tiempo de lectura":"3 minutos"},"schema":{"@context":"https:\/\/schema.org","@graph":[{"@type":"WebPage","@id":"https:\/\/northiberianctc.com\/blog\/es\/?page_id=25","url":"https:\/\/northiberianctc.com\/blog\/es\/?page_id=25","name":"Cantabria - Norte Ib\u00e9rico de costa a costa","isPartOf":{"@id":"https:\/\/northiberianctc.com\/blog\/es\/#website"},"datePublished":"2013-08-19T18:38:28+00:00","dateModified":"2013-10-16T12:47:04+00:00","breadcrumb":{"@id":"https:\/\/northiberianctc.com\/blog\/es\/?page_id=25#breadcrumb"},"inLanguage":"es","potentialAction":[{"@type":"ReadAction","target":["https:\/\/northiberianctc.com\/blog\/es\/?page_id=25"]}]},{"@type":"BreadcrumbList","@id":"https:\/\/northiberianctc.com\/blog\/es\/?page_id=25#breadcrumb","itemListElement":[{"@type":"ListItem","position":1,"name":"Home","item":"https:\/\/northiberianctc.com\/blog\/es\/"},{"@type":"ListItem","position":2,"name":"Cantabria"}]},{"@type":"WebSite","@id":"https:\/\/northiberianctc.com\/blog\/es\/#website","url":"https:\/\/northiberianctc.com\/blog\/es\/","name":"Norte Ib\u00e9rico de costa a costa","description":"Norte de la Pen\u00ednsula Ib\u00e9rica, 2.400 km de experiencia en bicicleta de monta\u00f1a","potentialAction":[{"@type":"SearchAction","target":{"@type":"EntryPoint","urlTemplate":"https:\/\/northiberianctc.com\/blog\/es\/?s={search_term_string}"},"query-input":{"@type":"PropertyValueSpecification","valueRequired":true,"valueName":"search_term_string"}}],"inLanguage":"es"}]}},"_links":{"self":[{"href":"https:\/\/northiberianctc.com\/blog\/es\/index.php?rest_route=\/wp\/v2\/pages\/25","targetHints":{"allow":["GET"]}}],"collection":[{"href":"https:\/\/northiberianctc.com\/blog\/es\/index.php?rest_route=\/wp\/v2\/pages"}],"about":[{"href":"https:\/\/northiberianctc.com\/blog\/es\/index.php?rest_route=\/wp\/v2\/types\/page"}],"author":[{"embeddable":true,"href":"https:\/\/northiberianctc.com\/blog\/es\/index.php?rest_route=\/wp\/v2\/users\/1"}],"replies":[{"embeddable":true,"href":"https:\/\/northiberianctc.com\/blog\/es\/index.php?rest_route=%2Fwp%2Fv2%2Fcomments&post=25"}],"version-history":[{"count":9,"href":"https:\/\/northiberianctc.com\/blog\/es\/index.php?rest_route=\/wp\/v2\/pages\/25\/revisions"}],"predecessor-version":[{"id":402,"href":"https:\/\/northiberianctc.com\/blog\/es\/index.php?rest_route=\/wp\/v2\/pages\/25\/revisions\/402"}],"wp:attachment":[{"href":"https:\/\/northiberianctc.com\/blog\/es\/index.php?rest_route=%2Fwp%2Fv2%2Fmedia&parent=25"}],"curies":[{"name":"wp","href":"https:\/\/api.w.org\/{rel}","templated":true}]}}