{"id":33,"date":"2013-08-19T18:42:54","date_gmt":"2013-08-19T18:42:54","guid":{"rendered":"http:\/\/northiberianctc.com\/blog\/es\/?page_id=33"},"modified":"2013-09-25T17:41:50","modified_gmt":"2013-09-25T17:41:50","slug":"el-camino-en-los-pirineos","status":"publish","type":"page","link":"https:\/\/northiberianctc.com\/blog\/es\/?page_id=33","title":{"rendered":"El Camino en los Pirineos"},"content":{"rendered":"<p>El Camino de Santiago, <em>Cami\u00f1o de Santiago<\/em> en gallego, es actualmente el primer itinerario tur\u00edstico europeo. Tiene sus ra\u00edces en las peregrinaciones que, desde todo el mundo, se han venido sucediendo de forma ininterrumpida los \u00faltimos mil a\u00f1os, confluyendo en la ciudad de Santiago de Compostela, capital de Galicia y lugar en el que se supone que est\u00e1 enterrado el apostol Santiago, tambi\u00e9n llamado Jacobo. Esta peregrinaci\u00f3n ha sido uno de los m\u00e1s importantes elementos vertebradores del continente europeo desde la Baja Edad Media hasta la actualidad.<\/p>\n<p>En cuanto a nuestra ruta en bicicleta de monta\u00f1a por el norte de la Pen\u00ednsula Ib\u00e9rica, el Camino de Santiago tiene una importancia extraordinaria ya que, queramos o no, cualquier recorrido por la costa norte ib\u00e9rica siempre ser\u00e1 paralela o coincidente con alguno de los recorridos hist\u00f3ricos del peregrinaje cristiano desde Catalu\u00f1a hasta Galicia.<\/p>\n<p>Mientras desarrollamos la primera parte de nuestro viaje, en el primer tramo de costa a costa del Mediterr\u00e1neo hasta el Atl\u00e1ntico, encontramos dos puntos geogr\u00e1ficos en los cuales finalizan los caminos tradicionales de Santiago que llegan desde Francia, atraviesan la cordillera y empiezan de nuevo con otros nombres dentro del territorio ib\u00e9rico.<\/p>\n<p><strong>Puerto de Somport (Pirineo Aragon\u00e9s)<\/strong><\/p>\n<p>Punto por el que pasa la traves\u00eda Transpirenaica en BTT, que al mismo tiempo es la puerta de entrada del camino franc\u00e9s de Santiago llamado V\u00eda Tolosana o V\u00eda Arletanensis, con inicio en Arles (Francia). A partir de Somport el camino se llamar\u00e1 Camino Aragon\u00e9s y se dirigir\u00e1 hacia Jaca pasando por Canfranc, otro punto de paso de la Transpirenaica en BTT.<\/p>\n<p>Wikipedia: <a title=\"Somport\" href=\"http:\/\/es.wikipedia.org\/wiki\/Somport\"><strong>Somport<\/strong><\/a> y <a title=\"Canfranc\" href=\"http:\/\/es.wikipedia.org\/wiki\/Canfranc\"><strong>Canfranc<\/strong><\/a><\/p>\n<p><strong>Roncesvalles (Pirineo Navarro)<\/strong><\/p>\n<p>La villa de Roncesvalles, <em>Orreaga<\/em> en euskera, es una poblaci\u00f3n muy peque\u00f1a que desde hace muchos siglos es un punto natural de paso para entrar en la Pen\u00ednsula Ib\u00e9rica. Fue el escenario de la derrota de Carlomagno el siglo VIII y, a partir del siglo X, comienza a vivir la llegada masiva de peregrinos que se dirigen a Santiago de Compostela despu\u00e9s de un largo viaje por Francia.<\/p>\n<p>Las tres rutas del Camino que entran en por Roncesvalles sob las llamadas tradicionalmente\u00a0 V\u00eda Podiensis o camino de Le Puy, que part\u00eda cerca de Lyon, la V\u00eda Turonensis o camino de Tours, que part\u00eda de Par\u00eds, y la V\u00eda Lemovicensis, con origen en V\u00e9zelay y que pasaba por Limoges.<\/p>\n<p>A partir de Orreaga\/Roncesvalles estas rutas quedan unificadas en el que hoy es el recorrido m\u00e1s seguido en las peregrinaciones jacobeas: el Camino Franc\u00e9s.<\/p>\n<p>Para los viajeros que quieran recorrer el per\u00edmetro norte de la Pen\u00ednsula en BTT y que, aprovechando la oportunidad, tengan inter\u00e9s en participar de la experiencia social que supone el contacto con los peregrinos de Santiago, propongo que consigan una credencial de peregrino en la Colegiata de Roncesvalles, que duerman all\u00ed una noche con los peregrinos y que sigan el Camino del Norte, tambi\u00e9n llamado Camino de la Costa, a partir de Hondarribia o de Ir\u00fan cuando lleguen a Euskadi en su \u00faltima etapa de la traves\u00eda de los Pirineos.<\/p>\n<p><a title=\"Web oficial de Roncesvalles\" href=\"http:\/\/www.roncesvalles.es\/index.asp?lg=spa\"><strong>Web oficial de Roncesvalles<\/strong><\/a><\/p>\n","protected":false},"excerpt":{"rendered":"<p>El Camino de Santiago, Cami\u00f1o de Santiago en gallego, es actualmente el primer itinerario tur\u00edstico europeo. Tiene sus ra\u00edces en las peregrinaciones que, desde todo el mundo, se han venido sucediendo de forma ininterrumpida los \u00faltimos mil a\u00f1os, confluyendo en la ciudad de Santiago de Compostela, capital de Galicia y lugar en el que se [&hellip;]<\/p>\n","protected":false},"author":1,"featured_media":0,"parent":0,"menu_order":0,"comment_status":"open","ping_status":"open","template":"page-templates\/full-width.php","meta":{"footnotes":""},"class_list":["post-33","page","type-page","status-publish","hentry"],"yoast_head":"<!-- This site is optimized with the Yoast SEO plugin v27.5 - https:\/\/yoast.com\/product\/yoast-seo-wordpress\/ -->\n<title>El Camino en los Pirineos - Norte Ib\u00e9rico de costa a costa<\/title>\n<meta name=\"robots\" content=\"index, follow, max-snippet:-1, max-image-preview:large, max-video-preview:-1\" \/>\n<link rel=\"canonical\" href=\"https:\/\/northiberianctc.com\/blog\/es\/?page_id=33\" \/>\n<meta property=\"og:locale\" content=\"es_ES\" \/>\n<meta property=\"og:type\" content=\"article\" \/>\n<meta property=\"og:title\" content=\"El Camino en los Pirineos - Norte Ib\u00e9rico de costa a costa\" \/>\n<meta property=\"og:description\" content=\"El Camino de Santiago, Cami\u00f1o de Santiago en gallego, es actualmente el primer itinerario tur\u00edstico europeo. Tiene sus ra\u00edces en las peregrinaciones que, desde todo el mundo, se han venido sucediendo de forma ininterrumpida los \u00faltimos mil a\u00f1os, confluyendo en la ciudad de Santiago de Compostela, capital de Galicia y lugar en el que se [&hellip;]\" \/>\n<meta property=\"og:url\" content=\"https:\/\/northiberianctc.com\/blog\/es\/?page_id=33\" \/>\n<meta property=\"og:site_name\" content=\"Norte Ib\u00e9rico de costa a costa\" \/>\n<meta property=\"article:modified_time\" content=\"2013-09-25T17:41:50+00:00\" \/>\n<meta name=\"twitter:label1\" content=\"Tiempo de lectura\" \/>\n\t<meta name=\"twitter:data1\" content=\"3 minutos\" \/>\n<script type=\"application\/ld+json\" class=\"yoast-schema-graph\">{\"@context\":\"https:\\\/\\\/schema.org\",\"@graph\":[{\"@type\":\"WebPage\",\"@id\":\"https:\\\/\\\/northiberianctc.com\\\/blog\\\/es\\\/?page_id=33\",\"url\":\"https:\\\/\\\/northiberianctc.com\\\/blog\\\/es\\\/?page_id=33\",\"name\":\"El Camino en los Pirineos - Norte Ib\u00e9rico de costa a costa\",\"isPartOf\":{\"@id\":\"https:\\\/\\\/northiberianctc.com\\\/blog\\\/es\\\/#website\"},\"datePublished\":\"2013-08-19T18:42:54+00:00\",\"dateModified\":\"2013-09-25T17:41:50+00:00\",\"breadcrumb\":{\"@id\":\"https:\\\/\\\/northiberianctc.com\\\/blog\\\/es\\\/?page_id=33#breadcrumb\"},\"inLanguage\":\"es\",\"potentialAction\":[{\"@type\":\"ReadAction\",\"target\":[\"https:\\\/\\\/northiberianctc.com\\\/blog\\\/es\\\/?page_id=33\"]}]},{\"@type\":\"BreadcrumbList\",\"@id\":\"https:\\\/\\\/northiberianctc.com\\\/blog\\\/es\\\/?page_id=33#breadcrumb\",\"itemListElement\":[{\"@type\":\"ListItem\",\"position\":1,\"name\":\"Home\",\"item\":\"https:\\\/\\\/northiberianctc.com\\\/blog\\\/es\\\/\"},{\"@type\":\"ListItem\",\"position\":2,\"name\":\"El Camino en los Pirineos\"}]},{\"@type\":\"WebSite\",\"@id\":\"https:\\\/\\\/northiberianctc.com\\\/blog\\\/es\\\/#website\",\"url\":\"https:\\\/\\\/northiberianctc.com\\\/blog\\\/es\\\/\",\"name\":\"Norte Ib\u00e9rico de costa a costa\",\"description\":\"Norte de la Pen\u00ednsula Ib\u00e9rica, 2.400 km de experiencia en bicicleta de monta\u00f1a\",\"potentialAction\":[{\"@type\":\"SearchAction\",\"target\":{\"@type\":\"EntryPoint\",\"urlTemplate\":\"https:\\\/\\\/northiberianctc.com\\\/blog\\\/es\\\/?s={search_term_string}\"},\"query-input\":{\"@type\":\"PropertyValueSpecification\",\"valueRequired\":true,\"valueName\":\"search_term_string\"}}],\"inLanguage\":\"es\"}]}<\/script>\n<!-- \/ Yoast SEO plugin. -->","yoast_head_json":{"title":"El Camino en los Pirineos - Norte Ib\u00e9rico de costa a costa","robots":{"index":"index","follow":"follow","max-snippet":"max-snippet:-1","max-image-preview":"max-image-preview:large","max-video-preview":"max-video-preview:-1"},"canonical":"https:\/\/northiberianctc.com\/blog\/es\/?page_id=33","og_locale":"es_ES","og_type":"article","og_title":"El Camino en los Pirineos - Norte Ib\u00e9rico de costa a costa","og_description":"El Camino de Santiago, Cami\u00f1o de Santiago en gallego, es actualmente el primer itinerario tur\u00edstico europeo. Tiene sus ra\u00edces en las peregrinaciones que, desde todo el mundo, se han venido sucediendo de forma ininterrumpida los \u00faltimos mil a\u00f1os, confluyendo en la ciudad de Santiago de Compostela, capital de Galicia y lugar en el que se [&hellip;]","og_url":"https:\/\/northiberianctc.com\/blog\/es\/?page_id=33","og_site_name":"Norte Ib\u00e9rico de costa a costa","article_modified_time":"2013-09-25T17:41:50+00:00","twitter_misc":{"Tiempo de lectura":"3 minutos"},"schema":{"@context":"https:\/\/schema.org","@graph":[{"@type":"WebPage","@id":"https:\/\/northiberianctc.com\/blog\/es\/?page_id=33","url":"https:\/\/northiberianctc.com\/blog\/es\/?page_id=33","name":"El Camino en los Pirineos - Norte Ib\u00e9rico de costa a costa","isPartOf":{"@id":"https:\/\/northiberianctc.com\/blog\/es\/#website"},"datePublished":"2013-08-19T18:42:54+00:00","dateModified":"2013-09-25T17:41:50+00:00","breadcrumb":{"@id":"https:\/\/northiberianctc.com\/blog\/es\/?page_id=33#breadcrumb"},"inLanguage":"es","potentialAction":[{"@type":"ReadAction","target":["https:\/\/northiberianctc.com\/blog\/es\/?page_id=33"]}]},{"@type":"BreadcrumbList","@id":"https:\/\/northiberianctc.com\/blog\/es\/?page_id=33#breadcrumb","itemListElement":[{"@type":"ListItem","position":1,"name":"Home","item":"https:\/\/northiberianctc.com\/blog\/es\/"},{"@type":"ListItem","position":2,"name":"El Camino en los Pirineos"}]},{"@type":"WebSite","@id":"https:\/\/northiberianctc.com\/blog\/es\/#website","url":"https:\/\/northiberianctc.com\/blog\/es\/","name":"Norte Ib\u00e9rico de costa a costa","description":"Norte de la Pen\u00ednsula Ib\u00e9rica, 2.400 km de experiencia en bicicleta de monta\u00f1a","potentialAction":[{"@type":"SearchAction","target":{"@type":"EntryPoint","urlTemplate":"https:\/\/northiberianctc.com\/blog\/es\/?s={search_term_string}"},"query-input":{"@type":"PropertyValueSpecification","valueRequired":true,"valueName":"search_term_string"}}],"inLanguage":"es"}]}},"_links":{"self":[{"href":"https:\/\/northiberianctc.com\/blog\/es\/index.php?rest_route=\/wp\/v2\/pages\/33","targetHints":{"allow":["GET"]}}],"collection":[{"href":"https:\/\/northiberianctc.com\/blog\/es\/index.php?rest_route=\/wp\/v2\/pages"}],"about":[{"href":"https:\/\/northiberianctc.com\/blog\/es\/index.php?rest_route=\/wp\/v2\/types\/page"}],"author":[{"embeddable":true,"href":"https:\/\/northiberianctc.com\/blog\/es\/index.php?rest_route=\/wp\/v2\/users\/1"}],"replies":[{"embeddable":true,"href":"https:\/\/northiberianctc.com\/blog\/es\/index.php?rest_route=%2Fwp%2Fv2%2Fcomments&post=33"}],"version-history":[{"count":5,"href":"https:\/\/northiberianctc.com\/blog\/es\/index.php?rest_route=\/wp\/v2\/pages\/33\/revisions"}],"predecessor-version":[{"id":123,"href":"https:\/\/northiberianctc.com\/blog\/es\/index.php?rest_route=\/wp\/v2\/pages\/33\/revisions\/123"}],"wp:attachment":[{"href":"https:\/\/northiberianctc.com\/blog\/es\/index.php?rest_route=%2Fwp%2Fv2%2Fmedia&parent=33"}],"curies":[{"name":"wp","href":"https:\/\/api.w.org\/{rel}","templated":true}]}}