{"id":35,"date":"2013-08-19T18:43:14","date_gmt":"2013-08-19T18:43:14","guid":{"rendered":"http:\/\/northiberianctc.com\/blog\/es\/?page_id=35"},"modified":"2013-10-16T12:41:04","modified_gmt":"2013-10-16T12:41:04","slug":"camino-del-norte","status":"publish","type":"page","link":"https:\/\/northiberianctc.com\/blog\/es\/?page_id=35","title":{"rendered":"Camino del Norte"},"content":{"rendered":"<p>El Camino del Norte, tambi\u00e9n llamado Camino de Santiago de la Costa, es el tramo estandarizado del peregrinaje jacobeo que para m\u00e1s cerca de las costas cant\u00e1bricas, aunque a partir de Cantabria es bastante urbano y recorre el interior rual y monta\u00f1oso sin acercarse mucho a las playas o a los acantilados.<\/p>\n<p>Por lo que respecta a nuestro periplo ib\u00e9rico de costa a costa, la ruta se dise\u00f1\u00f3 inicialmente para hacer un recorrido siguiendo la l\u00ednea de costa al margen del actual Camino de Santiago, pero en la pr\u00e1ctica se sigue un recorrido que recrea con bastante precisi\u00f3n el que hac\u00edan los antiguos peregrinos que hace cientos de a\u00f1os caminaban por rutas al lado de las playas. Eso lo descubr\u00ed trasteando mapas de las costas de Asturias cuando preparaba los tracks de GPS, y me di cuenta de que de alguna forma estaba siguiendo itinerarios que anteriormente fueron de peregrinaje.<\/p>\n<p>As\u00ed pues, qui\u00e9n siga el recorrido propuesto de costa a costa con BTT, paralelamente estar\u00e1 siguiendo el Camino de Santiago que recorre Euskadi, Cantabria, Asturias y el primer pueblo de Galicia entrando por la costa norte: Ribadeo.<\/p>\n<p>El recorrido propuesto en este sitio web y los tracks de GPS ampl\u00edan de modo considerable las etapas del Camino y suponen un esfuerzo extra de aproximaci\u00f3n a las costas respecto lo que har\u00edan los peregrinos que siguiesen el recorrido est\u00e1ndar, pero se puede seguir perfectamente nuestra ruta y al mismo tiempo aprovechar la red de albergues y puntos de inter\u00e9s gastron\u00f3mico de los que disfrutan los peregrinos.<\/p>\n","protected":false},"excerpt":{"rendered":"<p>El Camino del Norte, tambi\u00e9n llamado Camino de Santiago de la Costa, es el tramo estandarizado del peregrinaje jacobeo que para m\u00e1s cerca de las costas cant\u00e1bricas, aunque a partir de Cantabria es bastante urbano y recorre el interior rual y monta\u00f1oso sin acercarse mucho a las playas o a los acantilados. Por lo que [&hellip;]<\/p>\n","protected":false},"author":1,"featured_media":0,"parent":0,"menu_order":0,"comment_status":"open","ping_status":"open","template":"page-templates\/full-width.php","meta":{"footnotes":""},"class_list":["post-35","page","type-page","status-publish","hentry"],"yoast_head":"<!-- This site is optimized with the Yoast SEO plugin v27.5 - https:\/\/yoast.com\/product\/yoast-seo-wordpress\/ -->\n<title>Camino del Norte - Norte Ib\u00e9rico de costa a costa<\/title>\n<meta name=\"robots\" content=\"index, follow, max-snippet:-1, max-image-preview:large, max-video-preview:-1\" \/>\n<link rel=\"canonical\" href=\"https:\/\/northiberianctc.com\/blog\/es\/?page_id=35\" \/>\n<meta property=\"og:locale\" content=\"es_ES\" \/>\n<meta property=\"og:type\" content=\"article\" \/>\n<meta property=\"og:title\" content=\"Camino del Norte - Norte Ib\u00e9rico de costa a costa\" \/>\n<meta property=\"og:description\" content=\"El Camino del Norte, tambi\u00e9n llamado Camino de Santiago de la Costa, es el tramo estandarizado del peregrinaje jacobeo que para m\u00e1s cerca de las costas cant\u00e1bricas, aunque a partir de Cantabria es bastante urbano y recorre el interior rual y monta\u00f1oso sin acercarse mucho a las playas o a los acantilados. Por lo que [&hellip;]\" \/>\n<meta property=\"og:url\" content=\"https:\/\/northiberianctc.com\/blog\/es\/?page_id=35\" \/>\n<meta property=\"og:site_name\" content=\"Norte Ib\u00e9rico de costa a costa\" \/>\n<meta property=\"article:modified_time\" content=\"2013-10-16T12:41:04+00:00\" \/>\n<meta name=\"twitter:label1\" content=\"Tiempo de lectura\" \/>\n\t<meta name=\"twitter:data1\" content=\"1 minuto\" \/>\n<script type=\"application\/ld+json\" class=\"yoast-schema-graph\">{\"@context\":\"https:\\\/\\\/schema.org\",\"@graph\":[{\"@type\":\"WebPage\",\"@id\":\"https:\\\/\\\/northiberianctc.com\\\/blog\\\/es\\\/?page_id=35\",\"url\":\"https:\\\/\\\/northiberianctc.com\\\/blog\\\/es\\\/?page_id=35\",\"name\":\"Camino del Norte - Norte Ib\u00e9rico de costa a costa\",\"isPartOf\":{\"@id\":\"https:\\\/\\\/northiberianctc.com\\\/blog\\\/es\\\/#website\"},\"datePublished\":\"2013-08-19T18:43:14+00:00\",\"dateModified\":\"2013-10-16T12:41:04+00:00\",\"breadcrumb\":{\"@id\":\"https:\\\/\\\/northiberianctc.com\\\/blog\\\/es\\\/?page_id=35#breadcrumb\"},\"inLanguage\":\"es\",\"potentialAction\":[{\"@type\":\"ReadAction\",\"target\":[\"https:\\\/\\\/northiberianctc.com\\\/blog\\\/es\\\/?page_id=35\"]}]},{\"@type\":\"BreadcrumbList\",\"@id\":\"https:\\\/\\\/northiberianctc.com\\\/blog\\\/es\\\/?page_id=35#breadcrumb\",\"itemListElement\":[{\"@type\":\"ListItem\",\"position\":1,\"name\":\"Home\",\"item\":\"https:\\\/\\\/northiberianctc.com\\\/blog\\\/es\\\/\"},{\"@type\":\"ListItem\",\"position\":2,\"name\":\"Camino del Norte\"}]},{\"@type\":\"WebSite\",\"@id\":\"https:\\\/\\\/northiberianctc.com\\\/blog\\\/es\\\/#website\",\"url\":\"https:\\\/\\\/northiberianctc.com\\\/blog\\\/es\\\/\",\"name\":\"Norte Ib\u00e9rico de costa a costa\",\"description\":\"Norte de la Pen\u00ednsula Ib\u00e9rica, 2.400 km de experiencia en bicicleta de monta\u00f1a\",\"potentialAction\":[{\"@type\":\"SearchAction\",\"target\":{\"@type\":\"EntryPoint\",\"urlTemplate\":\"https:\\\/\\\/northiberianctc.com\\\/blog\\\/es\\\/?s={search_term_string}\"},\"query-input\":{\"@type\":\"PropertyValueSpecification\",\"valueRequired\":true,\"valueName\":\"search_term_string\"}}],\"inLanguage\":\"es\"}]}<\/script>\n<!-- \/ Yoast SEO plugin. -->","yoast_head_json":{"title":"Camino del Norte - Norte Ib\u00e9rico de costa a costa","robots":{"index":"index","follow":"follow","max-snippet":"max-snippet:-1","max-image-preview":"max-image-preview:large","max-video-preview":"max-video-preview:-1"},"canonical":"https:\/\/northiberianctc.com\/blog\/es\/?page_id=35","og_locale":"es_ES","og_type":"article","og_title":"Camino del Norte - Norte Ib\u00e9rico de costa a costa","og_description":"El Camino del Norte, tambi\u00e9n llamado Camino de Santiago de la Costa, es el tramo estandarizado del peregrinaje jacobeo que para m\u00e1s cerca de las costas cant\u00e1bricas, aunque a partir de Cantabria es bastante urbano y recorre el interior rual y monta\u00f1oso sin acercarse mucho a las playas o a los acantilados. Por lo que [&hellip;]","og_url":"https:\/\/northiberianctc.com\/blog\/es\/?page_id=35","og_site_name":"Norte Ib\u00e9rico de costa a costa","article_modified_time":"2013-10-16T12:41:04+00:00","twitter_misc":{"Tiempo de lectura":"1 minuto"},"schema":{"@context":"https:\/\/schema.org","@graph":[{"@type":"WebPage","@id":"https:\/\/northiberianctc.com\/blog\/es\/?page_id=35","url":"https:\/\/northiberianctc.com\/blog\/es\/?page_id=35","name":"Camino del Norte - Norte Ib\u00e9rico de costa a costa","isPartOf":{"@id":"https:\/\/northiberianctc.com\/blog\/es\/#website"},"datePublished":"2013-08-19T18:43:14+00:00","dateModified":"2013-10-16T12:41:04+00:00","breadcrumb":{"@id":"https:\/\/northiberianctc.com\/blog\/es\/?page_id=35#breadcrumb"},"inLanguage":"es","potentialAction":[{"@type":"ReadAction","target":["https:\/\/northiberianctc.com\/blog\/es\/?page_id=35"]}]},{"@type":"BreadcrumbList","@id":"https:\/\/northiberianctc.com\/blog\/es\/?page_id=35#breadcrumb","itemListElement":[{"@type":"ListItem","position":1,"name":"Home","item":"https:\/\/northiberianctc.com\/blog\/es\/"},{"@type":"ListItem","position":2,"name":"Camino del Norte"}]},{"@type":"WebSite","@id":"https:\/\/northiberianctc.com\/blog\/es\/#website","url":"https:\/\/northiberianctc.com\/blog\/es\/","name":"Norte Ib\u00e9rico de costa a costa","description":"Norte de la Pen\u00ednsula Ib\u00e9rica, 2.400 km de experiencia en bicicleta de monta\u00f1a","potentialAction":[{"@type":"SearchAction","target":{"@type":"EntryPoint","urlTemplate":"https:\/\/northiberianctc.com\/blog\/es\/?s={search_term_string}"},"query-input":{"@type":"PropertyValueSpecification","valueRequired":true,"valueName":"search_term_string"}}],"inLanguage":"es"}]}},"_links":{"self":[{"href":"https:\/\/northiberianctc.com\/blog\/es\/index.php?rest_route=\/wp\/v2\/pages\/35","targetHints":{"allow":["GET"]}}],"collection":[{"href":"https:\/\/northiberianctc.com\/blog\/es\/index.php?rest_route=\/wp\/v2\/pages"}],"about":[{"href":"https:\/\/northiberianctc.com\/blog\/es\/index.php?rest_route=\/wp\/v2\/types\/page"}],"author":[{"embeddable":true,"href":"https:\/\/northiberianctc.com\/blog\/es\/index.php?rest_route=\/wp\/v2\/users\/1"}],"replies":[{"embeddable":true,"href":"https:\/\/northiberianctc.com\/blog\/es\/index.php?rest_route=%2Fwp%2Fv2%2Fcomments&post=35"}],"version-history":[{"count":3,"href":"https:\/\/northiberianctc.com\/blog\/es\/index.php?rest_route=\/wp\/v2\/pages\/35\/revisions"}],"predecessor-version":[{"id":394,"href":"https:\/\/northiberianctc.com\/blog\/es\/index.php?rest_route=\/wp\/v2\/pages\/35\/revisions\/394"}],"wp:attachment":[{"href":"https:\/\/northiberianctc.com\/blog\/es\/index.php?rest_route=%2Fwp%2Fv2%2Fmedia&parent=35"}],"curies":[{"name":"wp","href":"https:\/\/api.w.org\/{rel}","templated":true}]}}