{"id":37,"date":"2013-08-19T18:43:28","date_gmt":"2013-08-19T18:43:28","guid":{"rendered":"http:\/\/northiberianctc.com\/blog\/es\/?page_id=37"},"modified":"2013-09-30T15:17:19","modified_gmt":"2013-09-30T15:17:19","slug":"camino-del-mar","status":"publish","type":"page","link":"https:\/\/northiberianctc.com\/blog\/es\/?page_id=37","title":{"rendered":"Camino del Mar"},"content":{"rendered":"<p>Dicen los entendidos que hay tantos caminos a Santiago como peregrinos diferentes que llegan all\u00ed. Seguro que es cierto, pero tambi\u00e9n lo es que los recorridos estandarizados son muy concretos y alrededor de estos hay toda una construcci\u00f3n cultural y comercial considerable, ya que son de afluencia masiva.<\/p>\n<p>En el caso del Camino que entra en Galicia por Ribadeo, desde la \u00faltima poblaci\u00f3n asturiana llamada Castropol, y d\u00f3nde podemos llegar con una barca-taxi muy pr\u00e1ctica (mirad en el \u00edtem <a title=\"Recursos\" href=\"https:\/\/northiberianctc.com\/blog\/es\/?page_id=63\">Recursos<\/a>), la ruta jacobea se desplaza r\u00e1pidamente a Santiago de Compostela en diagonal y se aparta de la costa justo cuando los peregrinos han visitado la playa de las Catedrales, pocos km despu\u00e9s de Ribadeo y hacia el oeste, A partir de ese momento el Camino del Norte ya es completamente interior y monta\u00f1oso, y solamente volver\u00e1n a ver las playas los peregrinos que decidan ampliar su peregrinaje desde Compostela hasta Fisterra o Mux\u00eda.<\/p>\n<p>El recorrido que os propongo recorre las R\u00edas Altas por la costa norte, y aprovecha muchas v\u00edas que no han sido explotadas tur\u00edsticamente por el Camino de Santiago, aunque s\u00ed son caminos que los habitantes de Galicia visitan a menudo.<\/p>\n<p>Curiosamente, justo el d\u00eda en que entr\u00e9 en Galicia procedente de Asturias y empec\u00e9 a leer el peri\u00f3dico <a title=\"La Voz de Galicia\" href=\"http:\/\/www.lavozdegalicia.es\/\">La Voz de Galicia<\/a>, descubr\u00ed que en 2013 ya ha recibido apoyo institucional la rama marina del Camino de Santiago, acci\u00f3n promovida por una entidad local llamada \u201cAsociaci\u00f3n &#8216;Abrindo Cami\u00f1o&#8217; de amigos do Cami\u00f1o Norte de Santiago\u201d. El personal en cuesti\u00f3n hicieron un recorrido por la costa de las R\u00edas Altas desde Ribadeo hasta Foz, y all\u00ed fueron recibidos por las autoridades en un acto simb\u00f3lico en el Club N\u00e1utico que inicia oficialmente un nuevo camino que conecta el Camino del Norte con el Camino Ingl\u00e9s. Es una variante mar\u00edtima del Camino del Norte que llega hasta la bas\u00edlica de San Marti\u00f1o de Mondonedo (Foz) y luego sigue hasta Ferrol pasando por Teixido.<\/p>\n<p>As\u00ed pues, si segu\u00eds los <a title=\"Tracks de GPS de las R\u00edas Altas\" href=\"http:\/\/es.wikiloc.com\/wikiloc\/view.do?id=4973626\">tracks de GPS de las R\u00edas Altas<\/a> har\u00e9is en su totalidad el Cami\u00f1o do Mar. Los tracks que os dejo tienen el recorrido de la costa por el Cami\u00f1o do Mar, de Ribadeo a Ferrol pasando por Foz y Teixido, que os descubrir\u00e1 paisajes m\u00e1gicos y actualmente desconocidos para los peregrinos tradicionales.<\/p>\n<p>Informaci\u00f3n sobre las poblaciones m\u00e1s importantes: <a title=\"Ribadeo\" href=\"http:\/\/es.wikipedia.org\/wiki\/Ribadeo\">Ribadeo<\/a>, <a title=\"Barreiros\" href=\"http:\/\/es.wikipedia.org\/wiki\/Barreiros_%28Lugo%29\">Barreiros<\/a>, <a title=\"Foz\" href=\"http:\/\/es.wikipedia.org\/wiki\/Foz\">Foz<\/a> y <a title=\"Mondo\u00f1edo\" href=\"http:\/\/es.wikipedia.org\/wiki\/Mondo%C3%B1edo\">Mondo\u00f1edo<\/a>.<\/p>\n","protected":false},"excerpt":{"rendered":"<p>Dicen los entendidos que hay tantos caminos a Santiago como peregrinos diferentes que llegan all\u00ed. Seguro que es cierto, pero tambi\u00e9n lo es que los recorridos estandarizados son muy concretos y alrededor de estos hay toda una construcci\u00f3n cultural y comercial considerable, ya que son de afluencia masiva. En el caso del Camino que entra [&hellip;]<\/p>\n","protected":false},"author":1,"featured_media":0,"parent":0,"menu_order":0,"comment_status":"open","ping_status":"open","template":"page-templates\/full-width.php","meta":{"footnotes":""},"class_list":["post-37","page","type-page","status-publish","hentry"],"yoast_head":"<!-- This site is optimized with the Yoast SEO plugin v27.5 - https:\/\/yoast.com\/product\/yoast-seo-wordpress\/ -->\n<title>Camino del Mar - Norte Ib\u00e9rico de costa a costa<\/title>\n<meta name=\"robots\" content=\"index, follow, max-snippet:-1, max-image-preview:large, max-video-preview:-1\" \/>\n<link rel=\"canonical\" href=\"https:\/\/northiberianctc.com\/blog\/es\/?page_id=37\" \/>\n<meta property=\"og:locale\" content=\"es_ES\" \/>\n<meta property=\"og:type\" content=\"article\" \/>\n<meta property=\"og:title\" content=\"Camino del Mar - Norte Ib\u00e9rico de costa a costa\" \/>\n<meta property=\"og:description\" content=\"Dicen los entendidos que hay tantos caminos a Santiago como peregrinos diferentes que llegan all\u00ed. Seguro que es cierto, pero tambi\u00e9n lo es que los recorridos estandarizados son muy concretos y alrededor de estos hay toda una construcci\u00f3n cultural y comercial considerable, ya que son de afluencia masiva. En el caso del Camino que entra [&hellip;]\" \/>\n<meta property=\"og:url\" content=\"https:\/\/northiberianctc.com\/blog\/es\/?page_id=37\" \/>\n<meta property=\"og:site_name\" content=\"Norte Ib\u00e9rico de costa a costa\" \/>\n<meta property=\"article:modified_time\" content=\"2013-09-30T15:17:19+00:00\" \/>\n<meta name=\"twitter:label1\" content=\"Tiempo de lectura\" \/>\n\t<meta name=\"twitter:data1\" content=\"2 minutos\" \/>\n<script type=\"application\/ld+json\" class=\"yoast-schema-graph\">{\"@context\":\"https:\\\/\\\/schema.org\",\"@graph\":[{\"@type\":\"WebPage\",\"@id\":\"https:\\\/\\\/northiberianctc.com\\\/blog\\\/es\\\/?page_id=37\",\"url\":\"https:\\\/\\\/northiberianctc.com\\\/blog\\\/es\\\/?page_id=37\",\"name\":\"Camino del Mar - Norte Ib\u00e9rico de costa a costa\",\"isPartOf\":{\"@id\":\"https:\\\/\\\/northiberianctc.com\\\/blog\\\/es\\\/#website\"},\"datePublished\":\"2013-08-19T18:43:28+00:00\",\"dateModified\":\"2013-09-30T15:17:19+00:00\",\"breadcrumb\":{\"@id\":\"https:\\\/\\\/northiberianctc.com\\\/blog\\\/es\\\/?page_id=37#breadcrumb\"},\"inLanguage\":\"es\",\"potentialAction\":[{\"@type\":\"ReadAction\",\"target\":[\"https:\\\/\\\/northiberianctc.com\\\/blog\\\/es\\\/?page_id=37\"]}]},{\"@type\":\"BreadcrumbList\",\"@id\":\"https:\\\/\\\/northiberianctc.com\\\/blog\\\/es\\\/?page_id=37#breadcrumb\",\"itemListElement\":[{\"@type\":\"ListItem\",\"position\":1,\"name\":\"Home\",\"item\":\"https:\\\/\\\/northiberianctc.com\\\/blog\\\/es\\\/\"},{\"@type\":\"ListItem\",\"position\":2,\"name\":\"Camino del Mar\"}]},{\"@type\":\"WebSite\",\"@id\":\"https:\\\/\\\/northiberianctc.com\\\/blog\\\/es\\\/#website\",\"url\":\"https:\\\/\\\/northiberianctc.com\\\/blog\\\/es\\\/\",\"name\":\"Norte Ib\u00e9rico de costa a costa\",\"description\":\"Norte de la Pen\u00ednsula Ib\u00e9rica, 2.400 km de experiencia en bicicleta de monta\u00f1a\",\"potentialAction\":[{\"@type\":\"SearchAction\",\"target\":{\"@type\":\"EntryPoint\",\"urlTemplate\":\"https:\\\/\\\/northiberianctc.com\\\/blog\\\/es\\\/?s={search_term_string}\"},\"query-input\":{\"@type\":\"PropertyValueSpecification\",\"valueRequired\":true,\"valueName\":\"search_term_string\"}}],\"inLanguage\":\"es\"}]}<\/script>\n<!-- \/ Yoast SEO plugin. -->","yoast_head_json":{"title":"Camino del Mar - Norte Ib\u00e9rico de costa a costa","robots":{"index":"index","follow":"follow","max-snippet":"max-snippet:-1","max-image-preview":"max-image-preview:large","max-video-preview":"max-video-preview:-1"},"canonical":"https:\/\/northiberianctc.com\/blog\/es\/?page_id=37","og_locale":"es_ES","og_type":"article","og_title":"Camino del Mar - Norte Ib\u00e9rico de costa a costa","og_description":"Dicen los entendidos que hay tantos caminos a Santiago como peregrinos diferentes que llegan all\u00ed. Seguro que es cierto, pero tambi\u00e9n lo es que los recorridos estandarizados son muy concretos y alrededor de estos hay toda una construcci\u00f3n cultural y comercial considerable, ya que son de afluencia masiva. En el caso del Camino que entra [&hellip;]","og_url":"https:\/\/northiberianctc.com\/blog\/es\/?page_id=37","og_site_name":"Norte Ib\u00e9rico de costa a costa","article_modified_time":"2013-09-30T15:17:19+00:00","twitter_misc":{"Tiempo de lectura":"2 minutos"},"schema":{"@context":"https:\/\/schema.org","@graph":[{"@type":"WebPage","@id":"https:\/\/northiberianctc.com\/blog\/es\/?page_id=37","url":"https:\/\/northiberianctc.com\/blog\/es\/?page_id=37","name":"Camino del Mar - Norte Ib\u00e9rico de costa a costa","isPartOf":{"@id":"https:\/\/northiberianctc.com\/blog\/es\/#website"},"datePublished":"2013-08-19T18:43:28+00:00","dateModified":"2013-09-30T15:17:19+00:00","breadcrumb":{"@id":"https:\/\/northiberianctc.com\/blog\/es\/?page_id=37#breadcrumb"},"inLanguage":"es","potentialAction":[{"@type":"ReadAction","target":["https:\/\/northiberianctc.com\/blog\/es\/?page_id=37"]}]},{"@type":"BreadcrumbList","@id":"https:\/\/northiberianctc.com\/blog\/es\/?page_id=37#breadcrumb","itemListElement":[{"@type":"ListItem","position":1,"name":"Home","item":"https:\/\/northiberianctc.com\/blog\/es\/"},{"@type":"ListItem","position":2,"name":"Camino del Mar"}]},{"@type":"WebSite","@id":"https:\/\/northiberianctc.com\/blog\/es\/#website","url":"https:\/\/northiberianctc.com\/blog\/es\/","name":"Norte Ib\u00e9rico de costa a costa","description":"Norte de la Pen\u00ednsula Ib\u00e9rica, 2.400 km de experiencia en bicicleta de monta\u00f1a","potentialAction":[{"@type":"SearchAction","target":{"@type":"EntryPoint","urlTemplate":"https:\/\/northiberianctc.com\/blog\/es\/?s={search_term_string}"},"query-input":{"@type":"PropertyValueSpecification","valueRequired":true,"valueName":"search_term_string"}}],"inLanguage":"es"}]}},"_links":{"self":[{"href":"https:\/\/northiberianctc.com\/blog\/es\/index.php?rest_route=\/wp\/v2\/pages\/37","targetHints":{"allow":["GET"]}}],"collection":[{"href":"https:\/\/northiberianctc.com\/blog\/es\/index.php?rest_route=\/wp\/v2\/pages"}],"about":[{"href":"https:\/\/northiberianctc.com\/blog\/es\/index.php?rest_route=\/wp\/v2\/types\/page"}],"author":[{"embeddable":true,"href":"https:\/\/northiberianctc.com\/blog\/es\/index.php?rest_route=\/wp\/v2\/users\/1"}],"replies":[{"embeddable":true,"href":"https:\/\/northiberianctc.com\/blog\/es\/index.php?rest_route=%2Fwp%2Fv2%2Fcomments&post=37"}],"version-history":[{"count":4,"href":"https:\/\/northiberianctc.com\/blog\/es\/index.php?rest_route=\/wp\/v2\/pages\/37\/revisions"}],"predecessor-version":[{"id":125,"href":"https:\/\/northiberianctc.com\/blog\/es\/index.php?rest_route=\/wp\/v2\/pages\/37\/revisions\/125"}],"wp:attachment":[{"href":"https:\/\/northiberianctc.com\/blog\/es\/index.php?rest_route=%2Fwp%2Fv2%2Fmedia&parent=37"}],"curies":[{"name":"wp","href":"https:\/\/api.w.org\/{rel}","templated":true}]}}