{"id":39,"date":"2013-08-19T18:43:43","date_gmt":"2013-08-19T18:43:43","guid":{"rendered":"http:\/\/northiberianctc.com\/blog\/es\/?page_id=39"},"modified":"2013-10-16T12:42:12","modified_gmt":"2013-10-16T12:42:12","slug":"camino-ingles","status":"publish","type":"page","link":"https:\/\/northiberianctc.com\/blog\/es\/?page_id=39","title":{"rendered":"Camino Ingl\u00e9s"},"content":{"rendered":"<p>El Camino Ingl\u00e9s es una de las ramas tradicionales del Camino de Santiago, pero no es muy conocida actualmente porque transcurre \u00edntegramente dentro de las fronteras de Galicia y de oeste a este, de modo que se tiene que llegar hasta la costa occidental y desde all\u00ed ir a Santiago recorriendo unos cuantos km de costa y entrando en el interior aprovechando el margen izquierdo de la r\u00eda de Betanzos, en Ferrol, o el margen derecho de la misma r\u00eda, en Coru\u00f1a.<\/p>\n<p>Este fue un itinerario muy popular hace unos cuantos siglos, porque pod\u00eda acoger peregrinaciones que llegaban directamente en barco, por el Oc\u00e9ano Atl\u00e1ntico, y no ten\u00edan que atravesar el territorio del este peninsular. Se le llam\u00f3 Ingl\u00e9s porque buena parte de los irlandeses y brit\u00e1nicos que peregrinaban a Santiago de Compostela a partir del s. XII lo hac\u00edan entrando por Ferrol o Coru\u00f1a, y dejaron rastros culturales muy evidentes en toda esta ruta que finaliza en Santiago.<\/p>\n<p>En nuestro viaje en BTT tambi\u00e9n se sigue de una forma bastante exhaustiva el recorrido costero del Camino Ingl\u00e9s:\u00a0 Ferrol, Cabanas, Pontedeume, Mi\u00f1o y Coru\u00f1a. Se evita entrar en el interior de Galicia y despu\u00e9s de Coru\u00f1a se sigue hasta Arteixo. No volveremos a reencontrar el Camino hasta sus etapas finales, en Mux\u00eda y Fisterra.<\/p>\n","protected":false},"excerpt":{"rendered":"<p>El Camino Ingl\u00e9s es una de las ramas tradicionales del Camino de Santiago, pero no es muy conocida actualmente porque transcurre \u00edntegramente dentro de las fronteras de Galicia y de oeste a este, de modo que se tiene que llegar hasta la costa occidental y desde all\u00ed ir a Santiago recorriendo unos cuantos km de [&hellip;]<\/p>\n","protected":false},"author":1,"featured_media":0,"parent":0,"menu_order":0,"comment_status":"open","ping_status":"open","template":"page-templates\/full-width.php","meta":{"footnotes":""},"class_list":["post-39","page","type-page","status-publish","hentry"],"yoast_head":"<!-- This site is optimized with the Yoast SEO plugin v27.5 - https:\/\/yoast.com\/product\/yoast-seo-wordpress\/ -->\n<title>Camino Ingl\u00e9s - Norte Ib\u00e9rico de costa a costa<\/title>\n<meta name=\"robots\" content=\"index, follow, max-snippet:-1, max-image-preview:large, max-video-preview:-1\" \/>\n<link rel=\"canonical\" href=\"https:\/\/northiberianctc.com\/blog\/es\/?page_id=39\" \/>\n<meta property=\"og:locale\" content=\"es_ES\" \/>\n<meta property=\"og:type\" content=\"article\" \/>\n<meta property=\"og:title\" content=\"Camino Ingl\u00e9s - Norte Ib\u00e9rico de costa a costa\" \/>\n<meta property=\"og:description\" content=\"El Camino Ingl\u00e9s es una de las ramas tradicionales del Camino de Santiago, pero no es muy conocida actualmente porque transcurre \u00edntegramente dentro de las fronteras de Galicia y de oeste a este, de modo que se tiene que llegar hasta la costa occidental y desde all\u00ed ir a Santiago recorriendo unos cuantos km de [&hellip;]\" \/>\n<meta property=\"og:url\" content=\"https:\/\/northiberianctc.com\/blog\/es\/?page_id=39\" \/>\n<meta property=\"og:site_name\" content=\"Norte Ib\u00e9rico de costa a costa\" \/>\n<meta property=\"article:modified_time\" content=\"2013-10-16T12:42:12+00:00\" \/>\n<meta name=\"twitter:label1\" content=\"Tiempo de lectura\" \/>\n\t<meta name=\"twitter:data1\" content=\"1 minuto\" \/>\n<script type=\"application\/ld+json\" class=\"yoast-schema-graph\">{\"@context\":\"https:\\\/\\\/schema.org\",\"@graph\":[{\"@type\":\"WebPage\",\"@id\":\"https:\\\/\\\/northiberianctc.com\\\/blog\\\/es\\\/?page_id=39\",\"url\":\"https:\\\/\\\/northiberianctc.com\\\/blog\\\/es\\\/?page_id=39\",\"name\":\"Camino Ingl\u00e9s - Norte Ib\u00e9rico de costa a costa\",\"isPartOf\":{\"@id\":\"https:\\\/\\\/northiberianctc.com\\\/blog\\\/es\\\/#website\"},\"datePublished\":\"2013-08-19T18:43:43+00:00\",\"dateModified\":\"2013-10-16T12:42:12+00:00\",\"breadcrumb\":{\"@id\":\"https:\\\/\\\/northiberianctc.com\\\/blog\\\/es\\\/?page_id=39#breadcrumb\"},\"inLanguage\":\"es\",\"potentialAction\":[{\"@type\":\"ReadAction\",\"target\":[\"https:\\\/\\\/northiberianctc.com\\\/blog\\\/es\\\/?page_id=39\"]}]},{\"@type\":\"BreadcrumbList\",\"@id\":\"https:\\\/\\\/northiberianctc.com\\\/blog\\\/es\\\/?page_id=39#breadcrumb\",\"itemListElement\":[{\"@type\":\"ListItem\",\"position\":1,\"name\":\"Home\",\"item\":\"https:\\\/\\\/northiberianctc.com\\\/blog\\\/es\\\/\"},{\"@type\":\"ListItem\",\"position\":2,\"name\":\"Camino Ingl\u00e9s\"}]},{\"@type\":\"WebSite\",\"@id\":\"https:\\\/\\\/northiberianctc.com\\\/blog\\\/es\\\/#website\",\"url\":\"https:\\\/\\\/northiberianctc.com\\\/blog\\\/es\\\/\",\"name\":\"Norte Ib\u00e9rico de costa a costa\",\"description\":\"Norte de la Pen\u00ednsula Ib\u00e9rica, 2.400 km de experiencia en bicicleta de monta\u00f1a\",\"potentialAction\":[{\"@type\":\"SearchAction\",\"target\":{\"@type\":\"EntryPoint\",\"urlTemplate\":\"https:\\\/\\\/northiberianctc.com\\\/blog\\\/es\\\/?s={search_term_string}\"},\"query-input\":{\"@type\":\"PropertyValueSpecification\",\"valueRequired\":true,\"valueName\":\"search_term_string\"}}],\"inLanguage\":\"es\"}]}<\/script>\n<!-- \/ Yoast SEO plugin. -->","yoast_head_json":{"title":"Camino Ingl\u00e9s - Norte Ib\u00e9rico de costa a costa","robots":{"index":"index","follow":"follow","max-snippet":"max-snippet:-1","max-image-preview":"max-image-preview:large","max-video-preview":"max-video-preview:-1"},"canonical":"https:\/\/northiberianctc.com\/blog\/es\/?page_id=39","og_locale":"es_ES","og_type":"article","og_title":"Camino Ingl\u00e9s - Norte Ib\u00e9rico de costa a costa","og_description":"El Camino Ingl\u00e9s es una de las ramas tradicionales del Camino de Santiago, pero no es muy conocida actualmente porque transcurre \u00edntegramente dentro de las fronteras de Galicia y de oeste a este, de modo que se tiene que llegar hasta la costa occidental y desde all\u00ed ir a Santiago recorriendo unos cuantos km de [&hellip;]","og_url":"https:\/\/northiberianctc.com\/blog\/es\/?page_id=39","og_site_name":"Norte Ib\u00e9rico de costa a costa","article_modified_time":"2013-10-16T12:42:12+00:00","twitter_misc":{"Tiempo de lectura":"1 minuto"},"schema":{"@context":"https:\/\/schema.org","@graph":[{"@type":"WebPage","@id":"https:\/\/northiberianctc.com\/blog\/es\/?page_id=39","url":"https:\/\/northiberianctc.com\/blog\/es\/?page_id=39","name":"Camino Ingl\u00e9s - Norte Ib\u00e9rico de costa a costa","isPartOf":{"@id":"https:\/\/northiberianctc.com\/blog\/es\/#website"},"datePublished":"2013-08-19T18:43:43+00:00","dateModified":"2013-10-16T12:42:12+00:00","breadcrumb":{"@id":"https:\/\/northiberianctc.com\/blog\/es\/?page_id=39#breadcrumb"},"inLanguage":"es","potentialAction":[{"@type":"ReadAction","target":["https:\/\/northiberianctc.com\/blog\/es\/?page_id=39"]}]},{"@type":"BreadcrumbList","@id":"https:\/\/northiberianctc.com\/blog\/es\/?page_id=39#breadcrumb","itemListElement":[{"@type":"ListItem","position":1,"name":"Home","item":"https:\/\/northiberianctc.com\/blog\/es\/"},{"@type":"ListItem","position":2,"name":"Camino Ingl\u00e9s"}]},{"@type":"WebSite","@id":"https:\/\/northiberianctc.com\/blog\/es\/#website","url":"https:\/\/northiberianctc.com\/blog\/es\/","name":"Norte Ib\u00e9rico de costa a costa","description":"Norte de la Pen\u00ednsula Ib\u00e9rica, 2.400 km de experiencia en bicicleta de monta\u00f1a","potentialAction":[{"@type":"SearchAction","target":{"@type":"EntryPoint","urlTemplate":"https:\/\/northiberianctc.com\/blog\/es\/?s={search_term_string}"},"query-input":{"@type":"PropertyValueSpecification","valueRequired":true,"valueName":"search_term_string"}}],"inLanguage":"es"}]}},"_links":{"self":[{"href":"https:\/\/northiberianctc.com\/blog\/es\/index.php?rest_route=\/wp\/v2\/pages\/39","targetHints":{"allow":["GET"]}}],"collection":[{"href":"https:\/\/northiberianctc.com\/blog\/es\/index.php?rest_route=\/wp\/v2\/pages"}],"about":[{"href":"https:\/\/northiberianctc.com\/blog\/es\/index.php?rest_route=\/wp\/v2\/types\/page"}],"author":[{"embeddable":true,"href":"https:\/\/northiberianctc.com\/blog\/es\/index.php?rest_route=\/wp\/v2\/users\/1"}],"replies":[{"embeddable":true,"href":"https:\/\/northiberianctc.com\/blog\/es\/index.php?rest_route=%2Fwp%2Fv2%2Fcomments&post=39"}],"version-history":[{"count":4,"href":"https:\/\/northiberianctc.com\/blog\/es\/index.php?rest_route=\/wp\/v2\/pages\/39\/revisions"}],"predecessor-version":[{"id":396,"href":"https:\/\/northiberianctc.com\/blog\/es\/index.php?rest_route=\/wp\/v2\/pages\/39\/revisions\/396"}],"wp:attachment":[{"href":"https:\/\/northiberianctc.com\/blog\/es\/index.php?rest_route=%2Fwp%2Fv2%2Fmedia&parent=39"}],"curies":[{"name":"wp","href":"https:\/\/api.w.org\/{rel}","templated":true}]}}