{"id":41,"date":"2013-08-19T18:44:03","date_gmt":"2013-08-19T18:44:03","guid":{"rendered":"http:\/\/northiberianctc.com\/blog\/es\/?page_id=41"},"modified":"2013-10-16T12:43:02","modified_gmt":"2013-10-16T12:43:02","slug":"finisterre-y-muxia","status":"publish","type":"page","link":"https:\/\/northiberianctc.com\/blog\/es\/?page_id=41","title":{"rendered":"Finisterre y Mux\u00eda"},"content":{"rendered":"<p>Los peregrinos que han podido finalizar su camino hasta la supuesta tumba del ap\u00f3stol Jacobo han llegado de muchas maneras y desde muchas ubicaciones, siguiendo diferentes itinerarios, pero su \u00fanico objetivo ha sido llegar a la capital de Galicia, Santiago de Compostela, situada en el interior de la provincia de A Coru\u00f1a.<\/p>\n<p>Algunos de los peregrinos, una vez han conseguido su Compostela, es decir el certificado que se otorga a qui\u00e9n ha finalizado el peregrinaje por motivos espirituales o religiosos, deciden caminar 130 kil\u00f3metros extraordinarios\u00a0 y llegar a dos de los puntos m\u00e1s occidentales de la Pen\u00ednsula Ib\u00e9rica: el santuario de Mux\u00eda y el Cabo Finisterre, ambos pertenecientes a la comarca gallega de Fisterra y separados por unos 48 km siguiendo nuestro track GPS alineado con la l\u00ednea de costa.<\/p>\n<p>Que las peregrinaciones se han sucedido hasta los pueblecitos de Fisterra y Mux\u00eda est\u00e1 documentado desde el siglo XI, pero se supone que hab\u00eda tradiciones anteriores que llevaban peregrinos hasta estos dos puntos extremos del territorio. Las razones son variadas: era el fin del mundo conocido por la mayor\u00eda de los habitantes de Europa, se pod\u00eda llegar all\u00ed siguiente la gu\u00eda de la V\u00eda L\u00e1ctea, es un territorio misterioso y salvaje,\u00a0 poco poblado, y hay leyendas que relacionan la presencia y el entierro del ap\u00f3stol Jacobo con intervenciones directas de la Virxe da Barca en Mux\u00eda\u00a0 y del Santo Cristo de Fisterra.<\/p>\n<p>En cualquier caso, nuestra ruta de 2.400 km en BTT finaliza en estas dos \u00faltimas etapas, que coinciden territorialmente con el final del Camino de Santiago: Ponteceso-Mux\u00eda y Mux\u00eda-Fisterra.<\/p>\n<p><strong>Mux\u00eda<\/strong><\/p>\n<p>Por una parte llegamos a Mux\u00eda desde Ponteceso, si queremos seguir fielmente los tracks de GPS, pero tambi\u00e9n podr\u00edamos acortar camino por carreteras interiores. En Mux\u00eda vale la pena visitar el Santuario da Barca e as Pedras, una mezcla cat\u00f3lica y pagana de culto inmemorial a la naturaleza. Podemos contemplar unas curiosidades prehist\u00f3ricas, como la <em>pedra de Abalar<\/em> y la <em>pedra dos Cadr\u00eds<\/em>, entre otras, y una curiosidad contempor\u00e1nea: el Monumento a la desgracia del Prestige, hecho que supongo que muchas personas deben recordar despu\u00e9s de once a\u00f1os del hundimiento del petrolero y el posterior desastre ecol\u00f3gico para Galicia.<\/p>\n<p><strong>Fisterra<\/strong><\/p>\n<p>De Mux\u00eda a Fisterra, nuestro camino sigue un recorrido costero que lo aleja del Camino de Santiago durante m\u00e1s o menos la mitad inicial, porque resigue los cabos de la costa, pero conecta de nuevo con \u00e9l en Lires y se aprovecha de alg\u00fan recorrido ciclable hasta unos cinco km antes de Fisterra, donde se desv\u00eda y entra en la poblaci\u00f3n por la parte de San Marti\u00f1o y no por donde entran los peregrinos, por la playa interior de Langosteira. Del pueblecito de Fisterra ya solamente nos hace falta llegar al Cabo de la Nave y al cabo de Finisterre y habremos finalizado el viaje de costa a costa en bicicleta todo terreno por todo el norte ib\u00e9rico.<\/p>\n","protected":false},"excerpt":{"rendered":"<p>Los peregrinos que han podido finalizar su camino hasta la supuesta tumba del ap\u00f3stol Jacobo han llegado de muchas maneras y desde muchas ubicaciones, siguiendo diferentes itinerarios, pero su \u00fanico objetivo ha sido llegar a la capital de Galicia, Santiago de Compostela, situada en el interior de la provincia de A Coru\u00f1a. Algunos de los [&hellip;]<\/p>\n","protected":false},"author":1,"featured_media":0,"parent":0,"menu_order":0,"comment_status":"open","ping_status":"open","template":"page-templates\/full-width.php","meta":{"footnotes":""},"class_list":["post-41","page","type-page","status-publish","hentry"],"yoast_head":"<!-- This site is optimized with the Yoast SEO plugin v27.6 - https:\/\/yoast.com\/product\/yoast-seo-wordpress\/ -->\n<title>Finisterre y Mux\u00eda - Norte Ib\u00e9rico de costa a costa<\/title>\n<meta name=\"robots\" content=\"index, follow, max-snippet:-1, max-image-preview:large, max-video-preview:-1\" \/>\n<link rel=\"canonical\" href=\"https:\/\/northiberianctc.com\/blog\/es\/?page_id=41\" \/>\n<meta property=\"og:locale\" content=\"es_ES\" \/>\n<meta property=\"og:type\" content=\"article\" \/>\n<meta property=\"og:title\" content=\"Finisterre y Mux\u00eda - Norte Ib\u00e9rico de costa a costa\" \/>\n<meta property=\"og:description\" content=\"Los peregrinos que han podido finalizar su camino hasta la supuesta tumba del ap\u00f3stol Jacobo han llegado de muchas maneras y desde muchas ubicaciones, siguiendo diferentes itinerarios, pero su \u00fanico objetivo ha sido llegar a la capital de Galicia, Santiago de Compostela, situada en el interior de la provincia de A Coru\u00f1a. Algunos de los [&hellip;]\" \/>\n<meta property=\"og:url\" content=\"https:\/\/northiberianctc.com\/blog\/es\/?page_id=41\" \/>\n<meta property=\"og:site_name\" content=\"Norte Ib\u00e9rico de costa a costa\" \/>\n<meta property=\"article:modified_time\" content=\"2013-10-16T12:43:02+00:00\" \/>\n<meta name=\"twitter:label1\" content=\"Tiempo de lectura\" \/>\n\t<meta name=\"twitter:data1\" content=\"3 minutos\" \/>\n<script type=\"application\/ld+json\" class=\"yoast-schema-graph\">{\"@context\":\"https:\\\/\\\/schema.org\",\"@graph\":[{\"@type\":\"WebPage\",\"@id\":\"https:\\\/\\\/northiberianctc.com\\\/blog\\\/es\\\/?page_id=41\",\"url\":\"https:\\\/\\\/northiberianctc.com\\\/blog\\\/es\\\/?page_id=41\",\"name\":\"Finisterre y Mux\u00eda - Norte Ib\u00e9rico de costa a costa\",\"isPartOf\":{\"@id\":\"https:\\\/\\\/northiberianctc.com\\\/blog\\\/es\\\/#website\"},\"datePublished\":\"2013-08-19T18:44:03+00:00\",\"dateModified\":\"2013-10-16T12:43:02+00:00\",\"breadcrumb\":{\"@id\":\"https:\\\/\\\/northiberianctc.com\\\/blog\\\/es\\\/?page_id=41#breadcrumb\"},\"inLanguage\":\"es\",\"potentialAction\":[{\"@type\":\"ReadAction\",\"target\":[\"https:\\\/\\\/northiberianctc.com\\\/blog\\\/es\\\/?page_id=41\"]}]},{\"@type\":\"BreadcrumbList\",\"@id\":\"https:\\\/\\\/northiberianctc.com\\\/blog\\\/es\\\/?page_id=41#breadcrumb\",\"itemListElement\":[{\"@type\":\"ListItem\",\"position\":1,\"name\":\"Home\",\"item\":\"https:\\\/\\\/northiberianctc.com\\\/blog\\\/es\\\/\"},{\"@type\":\"ListItem\",\"position\":2,\"name\":\"Finisterre y Mux\u00eda\"}]},{\"@type\":\"WebSite\",\"@id\":\"https:\\\/\\\/northiberianctc.com\\\/blog\\\/es\\\/#website\",\"url\":\"https:\\\/\\\/northiberianctc.com\\\/blog\\\/es\\\/\",\"name\":\"Norte Ib\u00e9rico de costa a costa\",\"description\":\"Norte de la Pen\u00ednsula Ib\u00e9rica, 2.400 km de experiencia en bicicleta de monta\u00f1a\",\"potentialAction\":[{\"@type\":\"SearchAction\",\"target\":{\"@type\":\"EntryPoint\",\"urlTemplate\":\"https:\\\/\\\/northiberianctc.com\\\/blog\\\/es\\\/?s={search_term_string}\"},\"query-input\":{\"@type\":\"PropertyValueSpecification\",\"valueRequired\":true,\"valueName\":\"search_term_string\"}}],\"inLanguage\":\"es\"}]}<\/script>\n<!-- \/ Yoast SEO plugin. -->","yoast_head_json":{"title":"Finisterre y Mux\u00eda - Norte Ib\u00e9rico de costa a costa","robots":{"index":"index","follow":"follow","max-snippet":"max-snippet:-1","max-image-preview":"max-image-preview:large","max-video-preview":"max-video-preview:-1"},"canonical":"https:\/\/northiberianctc.com\/blog\/es\/?page_id=41","og_locale":"es_ES","og_type":"article","og_title":"Finisterre y Mux\u00eda - Norte Ib\u00e9rico de costa a costa","og_description":"Los peregrinos que han podido finalizar su camino hasta la supuesta tumba del ap\u00f3stol Jacobo han llegado de muchas maneras y desde muchas ubicaciones, siguiendo diferentes itinerarios, pero su \u00fanico objetivo ha sido llegar a la capital de Galicia, Santiago de Compostela, situada en el interior de la provincia de A Coru\u00f1a. Algunos de los [&hellip;]","og_url":"https:\/\/northiberianctc.com\/blog\/es\/?page_id=41","og_site_name":"Norte Ib\u00e9rico de costa a costa","article_modified_time":"2013-10-16T12:43:02+00:00","twitter_misc":{"Tiempo de lectura":"3 minutos"},"schema":{"@context":"https:\/\/schema.org","@graph":[{"@type":"WebPage","@id":"https:\/\/northiberianctc.com\/blog\/es\/?page_id=41","url":"https:\/\/northiberianctc.com\/blog\/es\/?page_id=41","name":"Finisterre y Mux\u00eda - Norte Ib\u00e9rico de costa a costa","isPartOf":{"@id":"https:\/\/northiberianctc.com\/blog\/es\/#website"},"datePublished":"2013-08-19T18:44:03+00:00","dateModified":"2013-10-16T12:43:02+00:00","breadcrumb":{"@id":"https:\/\/northiberianctc.com\/blog\/es\/?page_id=41#breadcrumb"},"inLanguage":"es","potentialAction":[{"@type":"ReadAction","target":["https:\/\/northiberianctc.com\/blog\/es\/?page_id=41"]}]},{"@type":"BreadcrumbList","@id":"https:\/\/northiberianctc.com\/blog\/es\/?page_id=41#breadcrumb","itemListElement":[{"@type":"ListItem","position":1,"name":"Home","item":"https:\/\/northiberianctc.com\/blog\/es\/"},{"@type":"ListItem","position":2,"name":"Finisterre y Mux\u00eda"}]},{"@type":"WebSite","@id":"https:\/\/northiberianctc.com\/blog\/es\/#website","url":"https:\/\/northiberianctc.com\/blog\/es\/","name":"Norte Ib\u00e9rico de costa a costa","description":"Norte de la Pen\u00ednsula Ib\u00e9rica, 2.400 km de experiencia en bicicleta de monta\u00f1a","potentialAction":[{"@type":"SearchAction","target":{"@type":"EntryPoint","urlTemplate":"https:\/\/northiberianctc.com\/blog\/es\/?s={search_term_string}"},"query-input":{"@type":"PropertyValueSpecification","valueRequired":true,"valueName":"search_term_string"}}],"inLanguage":"es"}]}},"_links":{"self":[{"href":"https:\/\/northiberianctc.com\/blog\/es\/index.php?rest_route=\/wp\/v2\/pages\/41","targetHints":{"allow":["GET"]}}],"collection":[{"href":"https:\/\/northiberianctc.com\/blog\/es\/index.php?rest_route=\/wp\/v2\/pages"}],"about":[{"href":"https:\/\/northiberianctc.com\/blog\/es\/index.php?rest_route=\/wp\/v2\/types\/page"}],"author":[{"embeddable":true,"href":"https:\/\/northiberianctc.com\/blog\/es\/index.php?rest_route=\/wp\/v2\/users\/1"}],"replies":[{"embeddable":true,"href":"https:\/\/northiberianctc.com\/blog\/es\/index.php?rest_route=%2Fwp%2Fv2%2Fcomments&post=41"}],"version-history":[{"count":5,"href":"https:\/\/northiberianctc.com\/blog\/es\/index.php?rest_route=\/wp\/v2\/pages\/41\/revisions"}],"predecessor-version":[{"id":129,"href":"https:\/\/northiberianctc.com\/blog\/es\/index.php?rest_route=\/wp\/v2\/pages\/41\/revisions\/129"}],"wp:attachment":[{"href":"https:\/\/northiberianctc.com\/blog\/es\/index.php?rest_route=%2Fwp%2Fv2%2Fmedia&parent=41"}],"curies":[{"name":"wp","href":"https:\/\/api.w.org\/{rel}","templated":true}]}}