{"id":5,"date":"2013-08-19T18:09:26","date_gmt":"2013-08-19T18:09:26","guid":{"rendered":"http:\/\/northiberianctc.com\/blog\/es\/?page_id=5"},"modified":"2017-03-09T10:09:47","modified_gmt":"2017-03-09T10:09:47","slug":"inicio","status":"publish","type":"page","link":"https:\/\/northiberianctc.com\/blog\/es\/","title":{"rendered":"Inicio"},"content":{"rendered":"<p>Este sitio web es una <strong>gu\u00eda pr\u00e1ctica<\/strong> y un blog de viaje. Hay informaci\u00f3n \u00fatil suficiente para <strong>recorrer todo el norte de la Pen\u00ednsula Ib\u00e9rica de costa a costa en bicicleta<\/strong> todo terreno, es decir 2.400 km por caminos, pistas forestales y carreteras, entre los dos puntos m\u00e1s extremos que podemos encontrar: el Cabo de Creus en Catalu\u00f1a y el Cabo de la Nave en Galicia.<\/p>\n<p>Muestra y describe el recorido, con algunas fotograf\u00edas y experiencias escritas de unas <strong>vacaciones al aire libre de cuarenta y cuatro d\u00edas<\/strong>, en forma de traves\u00eda por etapas con una media de 50 km por d\u00eda. Es un <strong>recorrido pensado para personas sin ninguna preparaci\u00f3n f\u00edsica especial<\/strong>, para realizarse con bicicleta de monta\u00f1a y equipaje aut\u00f3nomo, tipo alforjas con tienda de campa\u00f1a.<\/p>\n<div style=\"margin: 0 auto 0 auto; width: 400px;\"><iframe loading=\"lazy\" src=\"https:\/\/ssl.panoramio.com\/wapi\/template\/photo.html?user=7124452&amp;tag=north%20iberian%20ctc&amp;bgcolor=%23FFFFFF\" width=\"500\" height=\"400\" frameborder=\"0\" marginwidth=\"0\" marginheight=\"0\" scrolling=\"no\"><\/iframe><\/div>\n<p><strong>\u00bfA qui\u00e9n est\u00e1 dirigido este web?<\/strong><\/p>\n<p>Pues a personas curiosas y, m\u00e1s concretamente, a aficionados a la bicicleta todo terreno que busquen rutas de varias jornadas por el norte de la Pen\u00ednsula Ib\u00e9rica, especialmente por regiones que a\u00fan est\u00e1n poco documentadas en su conjunto o de las que se tiene buena informaci\u00f3n pero fragmentada, como por ejemplo Asturias o la Costa da Morte de Galicia.<\/p>\n<p>A usuarios habituales de bicicleta de monta\u00f1a que quieran hacer una <strong>traves\u00eda Transpirenaica<\/strong> menos exigente que la cl\u00e1sica en cuanto a duraci\u00f3n de las etapas, que potencia la pernoctaci\u00f3n en campings, y con algunas peque\u00f1as <strong>variaciones de recorrido<\/strong>, por ejemplo en la \u00faltima etapa en que mi propuesta es recorrer el \u00faltumo tramo de los Pirineos por una v\u00eda verde desde Bera de Bidasoa.<\/p>\n<p>A personas que quieran hacer el <strong>Camino de Santiago<\/strong> del Norte o de la Costa, o el nuevo Camino del Mar o el Camino Ingl\u00e9s <strong>en bicicleta y por v\u00edas completamente ciclables<\/strong>. La ruta que se describe en este web a la fuerza es paralela al Camino del Norte por el Pa\u00eds Vasco, Cantabria y Asturias, pero tiene <strong>variaciones que rompen el concepto urbano del actual peregrinaje<\/strong> y se adentra en lugares alejados del peregrino habitual. En el caso de Asturias recupera antiguos itinerarios del Camino que ya no se siguen y propone visitar zonas muy conocidas localmente pero poco alineadas con los intereses tur\u00edsticos de masa.<\/p>\n<p><strong>Qu\u00e9 informaci\u00f3n encontrar\u00e1s aqu\u00ed<br \/>\n<\/strong><\/p>\n<p>Puedes encontrar <strong><a title=\"Etapas comentadas\" href=\"https:\/\/northiberianctc.com\/blog\/es\/?page_id=77\">fichas individuales para cada etapa del viaje<\/a><\/strong>, con una descripci\u00f3n breve, c\u00f3digo QR\/BIDI para descargar el track GPS, enlace a Wikiloc para ver el contexto geogr\u00e1fico de una etapa en el mapa, las distancias, poblaciones que se atraviesan en la etapa y referencias para contactar con los alojamientos (campings, hostales, albergues).<\/p>\n<p>Si quieres saber <strong>por qu\u00e9<\/strong> he publicado esta gu\u00eda o c\u00f3mo est\u00e1n construidos los tracks GPS puedes leerte el apartado <a title=\"Sobre Gerard\" href=\"https:\/\/northiberianctc.com\/blog\/es\/?page_id=13\">Sobre mi<\/a>.<\/p>\n<p>Para tener informaci\u00f3n resumida sobre lo que encontraremos en cada \u00e1mbito territorial y algunas indicaciones pr\u00e1cticas para hacer la ruta, da un vistazo a la <strong>informaci\u00f3n separada por regiones<\/strong> del men\u00fa superior, donde tambi\u00e9n encontrar\u00e1s las <strong>etapas enlazadas<\/strong>: <a title=\"Pirineo catal\u00e1n\" href=\"https:\/\/northiberianctc.com\/blog\/es\/?page_id=17\">Pirineo catal\u00e1n<\/a>, <a title=\"Pirineo aragon\u00e9s\" href=\"https:\/\/northiberianctc.com\/blog\/es\/?page_id=19\">Pirineo aragon\u00e9s<\/a>, <a title=\"Pirineo de Navarra\" href=\"https:\/\/northiberianctc.com\/blog\/es\/?page_id=21\">Pirineo de Navarra<\/a>, <a title=\"El Pa\u00eds Vasco\" href=\"https:\/\/northiberianctc.com\/blog\/es\/?page_id=23\">Pa\u00eds Vasco<\/a>, <a title=\"Cantabria\" href=\"https:\/\/northiberianctc.com\/blog\/es\/?page_id=25\">Cantabria<\/a>, <a title=\"Asturias\" href=\"https:\/\/northiberianctc.com\/blog\/es\/?page_id=27\">Asturias<\/a> y <a title=\"Galicia\" href=\"https:\/\/northiberianctc.com\/blog\/es\/?page_id=29\">Galicia<\/a>.<\/p>\n<p>En cuanto al <strong>Camino de Santiago<\/strong>, en el men\u00fa espec\u00edfico tienes informaci\u00f3n sint\u00e9tica de todas las ramas que se intersectan y algunos puntos emblem\u00e1ticos que se visitan siguiendo nuestra ruta ib\u00e9rica de costa a costa: <a title=\"El Camino en los Pirineos\" href=\"https:\/\/northiberianctc.com\/blog\/es\/?page_id=33\">El Camino en los Pirineos<\/a>, <a title=\"Camino del Norte\" href=\"https:\/\/northiberianctc.com\/blog\/es\/?page_id=35\">Camino del Norte o de la Costa<\/a>, <a title=\"Camino del Mar\" href=\"https:\/\/northiberianctc.com\/blog\/es\/?page_id=37\">Camino del Mar<\/a>, <a title=\"Camino Ingl\u00e9s\" href=\"https:\/\/northiberianctc.com\/blog\/es\/?page_id=39\">Camino Ingl\u00e9s<\/a> y el paso por las poblaciones de <a title=\"Finisterre y Mux\u00eda\" href=\"https:\/\/northiberianctc.com\/blog\/es\/?page_id=41\">Fisterra y Mux\u00eda<\/a>.<\/p>\n<p>Si quieres descargarte un <strong>track de GPS<\/strong> puedes hacerlo directamente desde cada etapa a partir del c\u00f3digo QR\/BIDI o del enlace que te proporciono, o ir a <a title=\"Norte Ib\u00e9rico de costa a costa en Wikiloc\" href=\"http:\/\/es.wikiloc.com\/wikiloc\/view.do?id=4973783\">Wikiloc y ver las etapas en el conjunto de la ruta<\/a> y descarg\u00e1rtelo all\u00ed.<\/p>\n<p><strong>Contacto<\/strong>. Te propongo que conectes con un &#8216;me gusta&#8217; en <a title=\"Conectar en Facebook\" href=\"https:\/\/www.facebook.com\/NorthIberianCoastToCoast\"><strong>Facebook<\/strong><\/a> y me env\u00edes un mensaje privado. Si \u00fanicamente quieres recibir actualizaciones o hacer comentarios p\u00fablicos, puedes utilizar los comentarios de este sitio web, o con mensajes en Facebook o <a title=\"Mi usuario en Panoramio\" href=\"https:\/\/ssl.panoramio.com\/user\/7124452\"><strong>Panoramio<\/strong><\/a>.<\/p>\n","protected":false},"excerpt":{"rendered":"<p>Este sitio web es una gu\u00eda pr\u00e1ctica y un blog de viaje. Hay informaci\u00f3n \u00fatil suficiente para recorrer todo el norte de la Pen\u00ednsula Ib\u00e9rica de costa a costa en bicicleta todo terreno, es decir 2.400 km por caminos, pistas forestales y carreteras, entre los dos puntos m\u00e1s extremos que podemos encontrar: el Cabo de [&hellip;]<\/p>\n","protected":false},"author":1,"featured_media":0,"parent":0,"menu_order":0,"comment_status":"open","ping_status":"open","template":"page-templates\/front-page.php","meta":{"footnotes":""},"class_list":["post-5","page","type-page","status-publish","hentry"],"yoast_head":"<!-- This site is optimized with the Yoast SEO plugin v27.4 - https:\/\/yoast.com\/product\/yoast-seo-wordpress\/ -->\n<title>Norte Ib\u00e9rico de costa a costa, 2.400 km de experiencia en BTT<\/title>\n<meta name=\"description\" content=\"Gu\u00eda pr\u00e1ctica y blog de viaje. Recorrido de 2.400 km en BTT por el norte de la Pen\u00ednsula Ib\u00e9rica, siguiendo la l\u00ednea de costa del Mediterr\u00e1neo al Atl\u00e1ntico.\" \/>\n<meta name=\"robots\" content=\"index, follow, max-snippet:-1, max-image-preview:large, max-video-preview:-1\" \/>\n<link rel=\"canonical\" href=\"https:\/\/northiberianctc.com\/blog\/es\/\" \/>\n<meta property=\"og:locale\" content=\"es_ES\" \/>\n<meta property=\"og:type\" content=\"article\" \/>\n<meta property=\"og:title\" content=\"Norte Ib\u00e9rico de costa a costa, 2.400 km de experiencia en BTT\" \/>\n<meta property=\"og:description\" content=\"Gu\u00eda pr\u00e1ctica y blog de viaje. Recorrido de 2.400 km en BTT por el norte de la Pen\u00ednsula Ib\u00e9rica, siguiendo la l\u00ednea de costa del Mediterr\u00e1neo al Atl\u00e1ntico.\" \/>\n<meta property=\"og:url\" content=\"https:\/\/northiberianctc.com\/blog\/es\/\" \/>\n<meta property=\"og:site_name\" content=\"Norte Ib\u00e9rico de costa a costa\" \/>\n<meta property=\"article:modified_time\" content=\"2017-03-09T10:09:47+00:00\" \/>\n<meta name=\"twitter:label1\" content=\"Tiempo de lectura\" \/>\n\t<meta name=\"twitter:data1\" content=\"3 minutos\" \/>\n<script type=\"application\/ld+json\" class=\"yoast-schema-graph\">{\"@context\":\"https:\\\/\\\/schema.org\",\"@graph\":[{\"@type\":\"WebPage\",\"@id\":\"https:\\\/\\\/northiberianctc.com\\\/blog\\\/es\\\/\",\"url\":\"https:\\\/\\\/northiberianctc.com\\\/blog\\\/es\\\/\",\"name\":\"Norte Ib\u00e9rico de costa a costa, 2.400 km de experiencia en BTT\",\"isPartOf\":{\"@id\":\"https:\\\/\\\/northiberianctc.com\\\/blog\\\/es\\\/#website\"},\"datePublished\":\"2013-08-19T18:09:26+00:00\",\"dateModified\":\"2017-03-09T10:09:47+00:00\",\"description\":\"Gu\u00eda pr\u00e1ctica y blog de viaje. Recorrido de 2.400 km en BTT por el norte de la Pen\u00ednsula Ib\u00e9rica, siguiendo la l\u00ednea de costa del Mediterr\u00e1neo al Atl\u00e1ntico.\",\"breadcrumb\":{\"@id\":\"https:\\\/\\\/northiberianctc.com\\\/blog\\\/es\\\/#breadcrumb\"},\"inLanguage\":\"es\",\"potentialAction\":[{\"@type\":\"ReadAction\",\"target\":[\"https:\\\/\\\/northiberianctc.com\\\/blog\\\/es\\\/\"]}]},{\"@type\":\"BreadcrumbList\",\"@id\":\"https:\\\/\\\/northiberianctc.com\\\/blog\\\/es\\\/#breadcrumb\",\"itemListElement\":[{\"@type\":\"ListItem\",\"position\":1,\"name\":\"Home\",\"item\":\"https:\\\/\\\/northiberianctc.com\\\/blog\\\/es\\\/\"},{\"@type\":\"ListItem\",\"position\":2,\"name\":\"Inicio\"}]},{\"@type\":\"WebSite\",\"@id\":\"https:\\\/\\\/northiberianctc.com\\\/blog\\\/es\\\/#website\",\"url\":\"https:\\\/\\\/northiberianctc.com\\\/blog\\\/es\\\/\",\"name\":\"Norte Ib\u00e9rico de costa a costa\",\"description\":\"Norte de la Pen\u00ednsula Ib\u00e9rica, 2.400 km de experiencia en bicicleta de monta\u00f1a\",\"potentialAction\":[{\"@type\":\"SearchAction\",\"target\":{\"@type\":\"EntryPoint\",\"urlTemplate\":\"https:\\\/\\\/northiberianctc.com\\\/blog\\\/es\\\/?s={search_term_string}\"},\"query-input\":{\"@type\":\"PropertyValueSpecification\",\"valueRequired\":true,\"valueName\":\"search_term_string\"}}],\"inLanguage\":\"es\"}]}<\/script>\n<!-- \/ Yoast SEO plugin. -->","yoast_head_json":{"title":"Norte Ib\u00e9rico de costa a costa, 2.400 km de experiencia en BTT","description":"Gu\u00eda pr\u00e1ctica y blog de viaje. Recorrido de 2.400 km en BTT por el norte de la Pen\u00ednsula Ib\u00e9rica, siguiendo la l\u00ednea de costa del Mediterr\u00e1neo al Atl\u00e1ntico.","robots":{"index":"index","follow":"follow","max-snippet":"max-snippet:-1","max-image-preview":"max-image-preview:large","max-video-preview":"max-video-preview:-1"},"canonical":"https:\/\/northiberianctc.com\/blog\/es\/","og_locale":"es_ES","og_type":"article","og_title":"Norte Ib\u00e9rico de costa a costa, 2.400 km de experiencia en BTT","og_description":"Gu\u00eda pr\u00e1ctica y blog de viaje. Recorrido de 2.400 km en BTT por el norte de la Pen\u00ednsula Ib\u00e9rica, siguiendo la l\u00ednea de costa del Mediterr\u00e1neo al Atl\u00e1ntico.","og_url":"https:\/\/northiberianctc.com\/blog\/es\/","og_site_name":"Norte Ib\u00e9rico de costa a costa","article_modified_time":"2017-03-09T10:09:47+00:00","twitter_misc":{"Tiempo de lectura":"3 minutos"},"schema":{"@context":"https:\/\/schema.org","@graph":[{"@type":"WebPage","@id":"https:\/\/northiberianctc.com\/blog\/es\/","url":"https:\/\/northiberianctc.com\/blog\/es\/","name":"Norte Ib\u00e9rico de costa a costa, 2.400 km de experiencia en BTT","isPartOf":{"@id":"https:\/\/northiberianctc.com\/blog\/es\/#website"},"datePublished":"2013-08-19T18:09:26+00:00","dateModified":"2017-03-09T10:09:47+00:00","description":"Gu\u00eda pr\u00e1ctica y blog de viaje. Recorrido de 2.400 km en BTT por el norte de la Pen\u00ednsula Ib\u00e9rica, siguiendo la l\u00ednea de costa del Mediterr\u00e1neo al Atl\u00e1ntico.","breadcrumb":{"@id":"https:\/\/northiberianctc.com\/blog\/es\/#breadcrumb"},"inLanguage":"es","potentialAction":[{"@type":"ReadAction","target":["https:\/\/northiberianctc.com\/blog\/es\/"]}]},{"@type":"BreadcrumbList","@id":"https:\/\/northiberianctc.com\/blog\/es\/#breadcrumb","itemListElement":[{"@type":"ListItem","position":1,"name":"Home","item":"https:\/\/northiberianctc.com\/blog\/es\/"},{"@type":"ListItem","position":2,"name":"Inicio"}]},{"@type":"WebSite","@id":"https:\/\/northiberianctc.com\/blog\/es\/#website","url":"https:\/\/northiberianctc.com\/blog\/es\/","name":"Norte Ib\u00e9rico de costa a costa","description":"Norte de la Pen\u00ednsula Ib\u00e9rica, 2.400 km de experiencia en bicicleta de monta\u00f1a","potentialAction":[{"@type":"SearchAction","target":{"@type":"EntryPoint","urlTemplate":"https:\/\/northiberianctc.com\/blog\/es\/?s={search_term_string}"},"query-input":{"@type":"PropertyValueSpecification","valueRequired":true,"valueName":"search_term_string"}}],"inLanguage":"es"}]}},"_links":{"self":[{"href":"https:\/\/northiberianctc.com\/blog\/es\/index.php?rest_route=\/wp\/v2\/pages\/5","targetHints":{"allow":["GET"]}}],"collection":[{"href":"https:\/\/northiberianctc.com\/blog\/es\/index.php?rest_route=\/wp\/v2\/pages"}],"about":[{"href":"https:\/\/northiberianctc.com\/blog\/es\/index.php?rest_route=\/wp\/v2\/types\/page"}],"author":[{"embeddable":true,"href":"https:\/\/northiberianctc.com\/blog\/es\/index.php?rest_route=\/wp\/v2\/users\/1"}],"replies":[{"embeddable":true,"href":"https:\/\/northiberianctc.com\/blog\/es\/index.php?rest_route=%2Fwp%2Fv2%2Fcomments&post=5"}],"version-history":[{"count":22,"href":"https:\/\/northiberianctc.com\/blog\/es\/index.php?rest_route=\/wp\/v2\/pages\/5\/revisions"}],"predecessor-version":[{"id":424,"href":"https:\/\/northiberianctc.com\/blog\/es\/index.php?rest_route=\/wp\/v2\/pages\/5\/revisions\/424"}],"wp:attachment":[{"href":"https:\/\/northiberianctc.com\/blog\/es\/index.php?rest_route=%2Fwp%2Fv2%2Fmedia&parent=5"}],"curies":[{"name":"wp","href":"https:\/\/api.w.org\/{rel}","templated":true}]}}