{"id":63,"date":"2013-08-19T18:59:24","date_gmt":"2013-08-19T18:59:24","guid":{"rendered":"http:\/\/northiberianctc.com\/blog\/es\/?page_id=63"},"modified":"2016-11-03T11:25:56","modified_gmt":"2016-11-03T11:25:56","slug":"recursos","status":"publish","type":"page","link":"https:\/\/northiberianctc.com\/blog\/es\/?page_id=63","title":{"rendered":"Recursos"},"content":{"rendered":"<div>\n<p>Enlaces funcionando en 2013<\/p>\n<h2><strong>Traves\u00eda Transpirenaica en BTT<br \/>\n<\/strong><\/h2>\n<ul>\n<li><strong>Transpirinaica<\/strong>. Documentaci\u00f3n, etapas y mapa de recursos que incluye transporte, alojamiento y talleres de bicicletas: <a title=\"Transpirinaica\" href=\"http:\/\/www.transpirinaica.com\/entr.htm\">http:\/\/www.transpirinaica.com\/entr.htm<\/a><\/li>\n<li><strong>An\u00edbal<\/strong>. Tracks de GPS de la Transpirenaica cl\u00e1sica: <a title=\"An\u00edbal\" href=\"http:\/\/es.wikiloc.com\/wikiloc\/view.do?id=1131414\">http:\/\/es.wikiloc.com\/wikiloc\/view.do?id=1131414<\/a><\/li>\n<li><strong>Zinaztli<\/strong>. Blog muy interesante, con etapas comentadas y excelentes tracks: <a title=\"Zinaztli\" href=\"http:\/\/zinaztli.blogspot.com.es\/2012\/07\/transpirenaica-en-btt-ficha-del-viaje.html\">http:\/\/zinaztli.blogspot.com.es\/2012\/07\/transpirenaica-en-btt-ficha-del-viaje.html<\/a><\/li>\n<\/ul>\n<h2><strong>Albergues del Camino de Santiago y opiniones de usuarios<br \/>\n<\/strong><\/h2>\n<ul>\n<li><strong>Web de escritorio<\/strong>: <a title=\"Albergues del Camino de Santiago\" href=\"http:\/\/caminodesantiago.consumer.es\/albergues\/\">http:\/\/caminodesantiago.consumer.es\/albergues\/<\/a><\/li>\n<li><strong>Web para dispositivos m\u00f3viles<\/strong>: <a title=\"web para m\u00f3viles\" href=\"http:\/\/caminodesantiago.consumer.es\/mobile\/albergues\/\">http:\/\/caminodesantiago.consumer.es\/mobile\/albergues\/<\/a><\/li>\n<\/ul>\n<h2><strong>Barcas de paso Castropol-Ribadeo<\/strong><\/h2>\n<ul>\n<li><strong>R\u00eda del Eo<\/strong>. <strong>Francisco<\/strong>. Tel. +34.647823376<\/li>\n<li><strong>Riberas del Eo<\/strong>. Tel. +34.985636095 y +34.609246132<\/li>\n<\/ul>\n<h2><strong>O Cami\u00f1o do Mar<br \/>\n<\/strong><\/h2>\n<ul>\n<li><strong>Asociaci\u00f3n \u2018Abrindo Cami\u00f1o\u2019<\/strong> de amigos do Cami\u00f1o Norte de Santiago. Tel. +34.982521075 y +34.639072769\u00a0 \u00b7 Fax. +34.98251125.\u00a0 E-mail: <a title=\"Abrindo Cami\u00f1o email\" href=\"mailto:elremansoes@yahoo.es\">elremansoes@yahoo.es<\/a><\/li>\n<\/ul>\n<h2><strong>O Cami\u00f1o dos Faros \u00a1nuevo!<br \/>\n<\/strong><\/h2>\n<ul>\n<li><strong>Traski en Facebook<\/strong> (en gallego): <a title=\"Traski on Facebook\" href=\"https:\/\/www.facebook.com\/traski.costadamorte\">https:\/\/www.facebook.com\/traski.costadamorte<\/a><\/li>\n<li><strong>Etapas<\/strong>: <a title=\"Stages. Cami\u00f1o dos Faros\" href=\"http:\/\/guiacostadamorte.blogspot.com.es\/search\/label\/Etapas\">http:\/\/guiacostadamorte.blogspot.com.es\/search\/label\/Etapas<\/a><\/li>\n<li><strong>Gu\u00eda en Facebook<\/strong>: <a title=\"Guide on Facebook\" href=\"https:\/\/www.facebook.com\/guiacostadamorte\">https:\/\/www.facebook.com\/guiacostadamorte<\/a><\/li>\n<\/ul>\n<h2><strong> Mapas topogr\u00e1ficos gratuitos para GPS<\/strong><\/h2>\n<ul>\n<li><strong>TopoPirineos<\/strong>. Pirineos (muy completo): <a title=\"TopoPirineos. Pyrenees\" href=\"http:\/\/topopirineos.blogspot.com.es\/\">http:\/\/topopirineos.blogspot.com.es\/<\/a><\/li>\n<li><strong>TopoHispania<\/strong>. Espa\u00f1a: <a title=\"TopoHispania. Spain\" href=\"http:\/\/www.aristasur.com\/contenido\/descarga-mapa-topohispania-sinrenkor-actualizado\">http:\/\/www.aristasur.com\/contenido\/descarga-mapa-topohispania-sinrenkor-actualizado<\/a><\/li>\n<\/ul>\n<h2><strong>Software para manipular mapas y tracks GPS<br \/>\n<\/strong><\/h2>\n<ul>\n<li><strong>Web App<\/strong>.<strong> Graph.<\/strong> Herramienta online para crear gr\u00e1ficos de desnivel: <a title=\"Graph\" href=\"http:\/\/blog.entremontanas.com\/crea-tu-track-y-grafico-de-desnivel.php\">http:\/\/blog.entremontanas.com\/crea-tu-track-y-grafico-de-desnivel.php<\/a><\/li>\n<li><strong>Windows<\/strong>.<strong> Perfils<\/strong> es un software para generar im\u00e1genes en formato PNG de perfiles GPS: <a title=\"Perfils\" href=\"http:\/\/www.amigosdelciclismo.com\/perfils\/\">http:\/\/www.amigosdelciclismo.com\/perfils\/<\/a><\/li>\n<li><strong>Windows <\/strong>\/<strong> Mac OSX<\/strong>.<strong> BaseCamp<\/strong>. Programa gratuito para planificar viajes, de Garmin:\u00a0 <a title=\"BaseCamp\" href=\"http:\/\/www.garmin.com\/en-US\/shop\/downloads\/basecamp\">http:\/\/www.garmin.com\/en-US\/shop\/downloads\/basecamp<\/a><\/li>\n<li><strong>Mac OSX<\/strong>.<strong>\u00a0 ADZE<\/strong>. No es software libre, la licencia cuesta unos US$ 20. Software para retocar tracks GPX: <a title=\"ADZE\" href=\"http:\/\/kobotsw.com\/apps\/adze\">http:\/\/kobotsw.com\/apps\/adze<\/a><\/li>\n<li><strong>Android<\/strong>.<strong> OruxMaps<\/strong>. Software gratuito para ver mapas offline \/ online en Android: <a title=\"Oruxmaps\" href=\"http:\/\/www.oruxmaps.com\/\">http:\/\/www.oruxmaps.com\/<\/a><\/li>\n<\/ul>\n<\/div>\n","protected":false},"excerpt":{"rendered":"<p>Enlaces funcionando en 2013 Traves\u00eda Transpirenaica en BTT Transpirinaica. Documentaci\u00f3n, etapas y mapa de recursos que incluye transporte, alojamiento y talleres de bicicletas: http:\/\/www.transpirinaica.com\/entr.htm An\u00edbal. Tracks de GPS de la Transpirenaica cl\u00e1sica: http:\/\/es.wikiloc.com\/wikiloc\/view.do?id=1131414 Zinaztli. Blog muy interesante, con etapas comentadas y excelentes tracks: http:\/\/zinaztli.blogspot.com.es\/2012\/07\/transpirenaica-en-btt-ficha-del-viaje.html Albergues del Camino de Santiago y opiniones de usuarios Web de [&hellip;]<\/p>\n","protected":false},"author":1,"featured_media":0,"parent":0,"menu_order":0,"comment_status":"open","ping_status":"open","template":"page-templates\/full-width.php","meta":{"footnotes":""},"class_list":["post-63","page","type-page","status-publish","hentry"],"yoast_head":"<!-- This site is optimized with the Yoast SEO plugin v27.4 - https:\/\/yoast.com\/product\/yoast-seo-wordpress\/ -->\n<title>Recursos - Norte Ib\u00e9rico de costa a costa<\/title>\n<meta name=\"robots\" content=\"index, follow, max-snippet:-1, max-image-preview:large, max-video-preview:-1\" \/>\n<link rel=\"canonical\" href=\"https:\/\/northiberianctc.com\/blog\/es\/?page_id=63\" \/>\n<meta property=\"og:locale\" content=\"es_ES\" \/>\n<meta property=\"og:type\" content=\"article\" \/>\n<meta property=\"og:title\" content=\"Recursos - Norte Ib\u00e9rico de costa a costa\" \/>\n<meta property=\"og:description\" content=\"Enlaces funcionando en 2013 Traves\u00eda Transpirenaica en BTT Transpirinaica. Documentaci\u00f3n, etapas y mapa de recursos que incluye transporte, alojamiento y talleres de bicicletas: http:\/\/www.transpirinaica.com\/entr.htm An\u00edbal. Tracks de GPS de la Transpirenaica cl\u00e1sica: http:\/\/es.wikiloc.com\/wikiloc\/view.do?id=1131414 Zinaztli. Blog muy interesante, con etapas comentadas y excelentes tracks: http:\/\/zinaztli.blogspot.com.es\/2012\/07\/transpirenaica-en-btt-ficha-del-viaje.html Albergues del Camino de Santiago y opiniones de usuarios Web de [&hellip;]\" \/>\n<meta property=\"og:url\" content=\"https:\/\/northiberianctc.com\/blog\/es\/?page_id=63\" \/>\n<meta property=\"og:site_name\" content=\"Norte Ib\u00e9rico de costa a costa\" \/>\n<meta property=\"article:modified_time\" content=\"2016-11-03T11:25:56+00:00\" \/>\n<meta name=\"twitter:label1\" content=\"Tiempo de lectura\" \/>\n\t<meta name=\"twitter:data1\" content=\"1 minuto\" \/>\n<script type=\"application\/ld+json\" class=\"yoast-schema-graph\">{\"@context\":\"https:\\\/\\\/schema.org\",\"@graph\":[{\"@type\":\"WebPage\",\"@id\":\"https:\\\/\\\/northiberianctc.com\\\/blog\\\/es\\\/?page_id=63\",\"url\":\"https:\\\/\\\/northiberianctc.com\\\/blog\\\/es\\\/?page_id=63\",\"name\":\"Recursos - Norte Ib\u00e9rico de costa a costa\",\"isPartOf\":{\"@id\":\"https:\\\/\\\/northiberianctc.com\\\/blog\\\/es\\\/#website\"},\"datePublished\":\"2013-08-19T18:59:24+00:00\",\"dateModified\":\"2016-11-03T11:25:56+00:00\",\"breadcrumb\":{\"@id\":\"https:\\\/\\\/northiberianctc.com\\\/blog\\\/es\\\/?page_id=63#breadcrumb\"},\"inLanguage\":\"es\",\"potentialAction\":[{\"@type\":\"ReadAction\",\"target\":[\"https:\\\/\\\/northiberianctc.com\\\/blog\\\/es\\\/?page_id=63\"]}]},{\"@type\":\"BreadcrumbList\",\"@id\":\"https:\\\/\\\/northiberianctc.com\\\/blog\\\/es\\\/?page_id=63#breadcrumb\",\"itemListElement\":[{\"@type\":\"ListItem\",\"position\":1,\"name\":\"Home\",\"item\":\"https:\\\/\\\/northiberianctc.com\\\/blog\\\/es\\\/\"},{\"@type\":\"ListItem\",\"position\":2,\"name\":\"Recursos\"}]},{\"@type\":\"WebSite\",\"@id\":\"https:\\\/\\\/northiberianctc.com\\\/blog\\\/es\\\/#website\",\"url\":\"https:\\\/\\\/northiberianctc.com\\\/blog\\\/es\\\/\",\"name\":\"Norte Ib\u00e9rico de costa a costa\",\"description\":\"Norte de la Pen\u00ednsula Ib\u00e9rica, 2.400 km de experiencia en bicicleta de monta\u00f1a\",\"potentialAction\":[{\"@type\":\"SearchAction\",\"target\":{\"@type\":\"EntryPoint\",\"urlTemplate\":\"https:\\\/\\\/northiberianctc.com\\\/blog\\\/es\\\/?s={search_term_string}\"},\"query-input\":{\"@type\":\"PropertyValueSpecification\",\"valueRequired\":true,\"valueName\":\"search_term_string\"}}],\"inLanguage\":\"es\"}]}<\/script>\n<!-- \/ Yoast SEO plugin. -->","yoast_head_json":{"title":"Recursos - Norte Ib\u00e9rico de costa a costa","robots":{"index":"index","follow":"follow","max-snippet":"max-snippet:-1","max-image-preview":"max-image-preview:large","max-video-preview":"max-video-preview:-1"},"canonical":"https:\/\/northiberianctc.com\/blog\/es\/?page_id=63","og_locale":"es_ES","og_type":"article","og_title":"Recursos - Norte Ib\u00e9rico de costa a costa","og_description":"Enlaces funcionando en 2013 Traves\u00eda Transpirenaica en BTT Transpirinaica. Documentaci\u00f3n, etapas y mapa de recursos que incluye transporte, alojamiento y talleres de bicicletas: http:\/\/www.transpirinaica.com\/entr.htm An\u00edbal. Tracks de GPS de la Transpirenaica cl\u00e1sica: http:\/\/es.wikiloc.com\/wikiloc\/view.do?id=1131414 Zinaztli. Blog muy interesante, con etapas comentadas y excelentes tracks: http:\/\/zinaztli.blogspot.com.es\/2012\/07\/transpirenaica-en-btt-ficha-del-viaje.html Albergues del Camino de Santiago y opiniones de usuarios Web de [&hellip;]","og_url":"https:\/\/northiberianctc.com\/blog\/es\/?page_id=63","og_site_name":"Norte Ib\u00e9rico de costa a costa","article_modified_time":"2016-11-03T11:25:56+00:00","twitter_misc":{"Tiempo de lectura":"1 minuto"},"schema":{"@context":"https:\/\/schema.org","@graph":[{"@type":"WebPage","@id":"https:\/\/northiberianctc.com\/blog\/es\/?page_id=63","url":"https:\/\/northiberianctc.com\/blog\/es\/?page_id=63","name":"Recursos - Norte Ib\u00e9rico de costa a costa","isPartOf":{"@id":"https:\/\/northiberianctc.com\/blog\/es\/#website"},"datePublished":"2013-08-19T18:59:24+00:00","dateModified":"2016-11-03T11:25:56+00:00","breadcrumb":{"@id":"https:\/\/northiberianctc.com\/blog\/es\/?page_id=63#breadcrumb"},"inLanguage":"es","potentialAction":[{"@type":"ReadAction","target":["https:\/\/northiberianctc.com\/blog\/es\/?page_id=63"]}]},{"@type":"BreadcrumbList","@id":"https:\/\/northiberianctc.com\/blog\/es\/?page_id=63#breadcrumb","itemListElement":[{"@type":"ListItem","position":1,"name":"Home","item":"https:\/\/northiberianctc.com\/blog\/es\/"},{"@type":"ListItem","position":2,"name":"Recursos"}]},{"@type":"WebSite","@id":"https:\/\/northiberianctc.com\/blog\/es\/#website","url":"https:\/\/northiberianctc.com\/blog\/es\/","name":"Norte Ib\u00e9rico de costa a costa","description":"Norte de la Pen\u00ednsula Ib\u00e9rica, 2.400 km de experiencia en bicicleta de monta\u00f1a","potentialAction":[{"@type":"SearchAction","target":{"@type":"EntryPoint","urlTemplate":"https:\/\/northiberianctc.com\/blog\/es\/?s={search_term_string}"},"query-input":{"@type":"PropertyValueSpecification","valueRequired":true,"valueName":"search_term_string"}}],"inLanguage":"es"}]}},"_links":{"self":[{"href":"https:\/\/northiberianctc.com\/blog\/es\/index.php?rest_route=\/wp\/v2\/pages\/63","targetHints":{"allow":["GET"]}}],"collection":[{"href":"https:\/\/northiberianctc.com\/blog\/es\/index.php?rest_route=\/wp\/v2\/pages"}],"about":[{"href":"https:\/\/northiberianctc.com\/blog\/es\/index.php?rest_route=\/wp\/v2\/types\/page"}],"author":[{"embeddable":true,"href":"https:\/\/northiberianctc.com\/blog\/es\/index.php?rest_route=\/wp\/v2\/users\/1"}],"replies":[{"embeddable":true,"href":"https:\/\/northiberianctc.com\/blog\/es\/index.php?rest_route=%2Fwp%2Fv2%2Fcomments&post=63"}],"version-history":[{"count":7,"href":"https:\/\/northiberianctc.com\/blog\/es\/index.php?rest_route=\/wp\/v2\/pages\/63\/revisions"}],"predecessor-version":[{"id":420,"href":"https:\/\/northiberianctc.com\/blog\/es\/index.php?rest_route=\/wp\/v2\/pages\/63\/revisions\/420"}],"wp:attachment":[{"href":"https:\/\/northiberianctc.com\/blog\/es\/index.php?rest_route=%2Fwp%2Fv2%2Fmedia&parent=63"}],"curies":[{"name":"wp","href":"https:\/\/api.w.org\/{rel}","templated":true}]}}